{"id":28820,"date":"2024-02-05T16:00:25","date_gmt":"2024-02-05T14:00:25","guid":{"rendered":"https:\/\/parcavs.com\/?post_type=product&#038;p=28820"},"modified":"2024-08-06T00:00:08","modified_gmt":"2024-08-05T21:00:08","slug":"narva-24v-h4-75-70w-45t-halojen-ampul-canakli-48894","status":"publish","type":"product","link":"https:\/\/parcavs.com\/index.php\/product\/narva-24v-h4-75-70w-45t-halojen-ampul-canakli-48894\/","title":{"rendered":"Narva 24V H4 75\/70W 45T Halojen Ampul \u00c7anakl\u0131 48894"},"content":{"rendered":"<p>48894 Narva 24V H4 75\/70W 45T Halojen Ampul \u00c7anakl\u0131<br \/>\n\u00c7anakl\u0131 Halojen Ampul 24V 75\/70W Watt<br \/>\n\u00dcretici Firma: Narva<br \/>\nFiyatlar\u0131m\u0131za KDV \u00fccreti dahildir<br \/>\nAd\u0131n\u0131za fatural\u0131 olarak g\u00f6nderilecektir.<br \/>\nKargo ta\u015f\u0131ma \u00fccreti al\u0131c\u0131ya aittir.<br \/>\nAnla\u015fmal\u0131 oldu\u011fumuz kargo firmas\u0131 arac\u0131l\u0131\u011f\u0131yla<br \/>\n\u00dccret al\u0131c\u0131 olarak taraf\u0131n\u0131za g\u00f6nderilecektir.<\/p>\n","protected":false},"excerpt":{"rendered":"<p><strong>48894<\/strong> Narva<strong> 24V H4 75\/70W 45T<\/strong> Halojen Ampul \u00c7anakl\u0131<br \/>\n<strong>\u00c7anakl\u0131 Halojen Ampul<\/strong> 24V 75\/70W Watt<br \/>\n\u00dcretici Firma: <strong>Narva<\/strong><br \/>\nFiyatlar\u0131m\u0131za <strong>KDV<\/strong> \u00fccreti dahildir<br \/>\nAd\u0131n\u0131za <strong>fatural\u0131<\/strong> olarak g\u00f6nderilecektir.<br \/>\n<strong>Kargo<\/strong> ta\u015f\u0131ma \u00fccreti <strong>al\u0131c\u0131ya<\/strong> aittir.<\/p>\n","protected":false},"featured_media":28821,"comment_status":"open","ping_status":"closed","template":"","meta":{"_monsterinsights_skip_tracking":false,"_monsterinsights_sitenote_active":false,"_monsterinsights_sitenote_note":"","_monsterinsights_sitenote_category":0},"product_brand":[],"product_cat":[15],"product_tag":[8460,8464,8462,8461,5810,8463],"class_list":{"0":"post-28820","1":"product","2":"type-product","3":"status-publish","4":"has-post-thumbnail","6":"product_cat-diger","7":"product_tag-24v-h4-75-70w-45t","8":"product_tag-8464","9":"product_tag-canakli-halojen-ampul","10":"product_tag-halojen-ampul-canakli","11":"product_tag-narva","12":"product_tag-narva-48894","14":"first","15":"instock","16":"taxable","17":"shipping-taxable","18":"purchasable","19":"product-type-simple"},"_links":{"self":[{"href":"https:\/\/parcavs.com\/index.php\/wp-json\/wp\/v2\/product\/28820","targetHints":{"allow":["GET"]}}],"collection":[{"href":"https:\/\/parcavs.com\/index.php\/wp-json\/wp\/v2\/product"}],"about":[{"href":"https:\/\/parcavs.com\/index.php\/wp-json\/wp\/v2\/types\/product"}],"replies":[{"embeddable":true,"href":"https:\/\/parcavs.com\/index.php\/wp-json\/wp\/v2\/comments?post=28820"}],"version-history":[{"count":1,"href":"https:\/\/parcavs.com\/index.php\/wp-json\/wp\/v2\/product\/28820\/revisions"}],"predecessor-version":[{"id":28822,"href":"https:\/\/parcavs.com\/index.php\/wp-json\/wp\/v2\/product\/28820\/revisions\/28822"}],"wp:featuredmedia":[{"embeddable":true,"href":"https:\/\/parcavs.com\/index.php\/wp-json\/wp\/v2\/media\/28821"}],"wp:attachment":[{"href":"https:\/\/parcavs.com\/index.php\/wp-json\/wp\/v2\/media?parent=28820"}],"wp:term":[{"taxonomy":"product_brand","embeddable":true,"href":"https:\/\/parcavs.com\/index.php\/wp-json\/wp\/v2\/product_brand?post=28820"},{"taxonomy":"product_cat","embeddable":true,"href":"https:\/\/parcavs.com\/index.php\/wp-json\/wp\/v2\/product_cat?post=28820"},{"taxonomy":"product_tag","embeddable":true,"href":"https:\/\/parcavs.com\/index.php\/wp-json\/wp\/v2\/product_tag?post=28820"}],"curies":[{"name":"wp","href":"https:\/\/api.w.org\/{rel}","templated":true}]}}