{"id":28835,"date":"2024-02-05T16:33:19","date_gmt":"2024-02-05T14:33:19","guid":{"rendered":"https:\/\/parcavs.com\/?post_type=product&#038;p=28835"},"modified":"2024-08-06T00:00:08","modified_gmt":"2024-08-05T21:00:08","slug":"narva-24v-h4-100-90w-43t-ampul-48991","status":"publish","type":"product","link":"https:\/\/parcavs.com\/index.php\/product\/narva-24v-h4-100-90w-43t-ampul-48991\/","title":{"rendered":"Narva 24V H4 100\/90W 43T Ampul 48991"},"content":{"rendered":"<p>48991 Narva 24V H4 100\/90W 43T Ampul<br \/>\nAmpul 24V 90\/100 Watt<br \/>\n\u00dcretici Firma: Narva<br \/>\nFiyatlar\u0131m\u0131za KDV \u00fccreti dahildir<br \/>\nAd\u0131n\u0131za fatural\u0131 olarak g\u00f6nderilecektir.<br \/>\nKargo ta\u015f\u0131ma \u00fccreti al\u0131c\u0131ya aittir.<br \/>\nAnla\u015fmal\u0131 oldu\u011fumuz kargo firmas\u0131 arac\u0131l\u0131\u011f\u0131yla<br \/>\n\u00dccret al\u0131c\u0131 olarak taraf\u0131n\u0131za g\u00f6nderilecektir.<\/p>\n","protected":false},"excerpt":{"rendered":"<p><strong>48991<\/strong> Narva <strong>24V H4 100\/90W 43T<\/strong> Ampul<br \/>\n<strong>Ampul<\/strong> 24V 90\/100 Watt<br \/>\n\u00dcretici Firma: <strong>Narva<\/strong><br \/>\nFiyatlar\u0131m\u0131za <strong>KDV<\/strong> \u00fccreti dahildir<br \/>\nAd\u0131n\u0131za <strong>fatural\u0131<\/strong> olarak g\u00f6nderilecektir.<br \/>\n<strong>Kargo<\/strong> ta\u015f\u0131ma \u00fccreti <strong>al\u0131c\u0131ya<\/strong> aittir.<\/p>\n","protected":false},"featured_media":28836,"comment_status":"open","ping_status":"closed","template":"","meta":{"_monsterinsights_skip_tracking":false,"_monsterinsights_sitenote_active":false,"_monsterinsights_sitenote_note":"","_monsterinsights_sitenote_category":0},"product_brand":[],"product_cat":[15],"product_tag":[8480,8481,5811,5810],"class_list":{"0":"post-28835","1":"product","2":"type-product","3":"status-publish","4":"has-post-thumbnail","6":"product_cat-diger","7":"product_tag-24v-h4-100-90w-43t","8":"product_tag-8481","9":"product_tag-ampul","10":"product_tag-narva","12":"first","13":"instock","14":"taxable","15":"shipping-taxable","16":"purchasable","17":"product-type-simple"},"_links":{"self":[{"href":"https:\/\/parcavs.com\/index.php\/wp-json\/wp\/v2\/product\/28835","targetHints":{"allow":["GET"]}}],"collection":[{"href":"https:\/\/parcavs.com\/index.php\/wp-json\/wp\/v2\/product"}],"about":[{"href":"https:\/\/parcavs.com\/index.php\/wp-json\/wp\/v2\/types\/product"}],"replies":[{"embeddable":true,"href":"https:\/\/parcavs.com\/index.php\/wp-json\/wp\/v2\/comments?post=28835"}],"version-history":[{"count":1,"href":"https:\/\/parcavs.com\/index.php\/wp-json\/wp\/v2\/product\/28835\/revisions"}],"predecessor-version":[{"id":28837,"href":"https:\/\/parcavs.com\/index.php\/wp-json\/wp\/v2\/product\/28835\/revisions\/28837"}],"wp:featuredmedia":[{"embeddable":true,"href":"https:\/\/parcavs.com\/index.php\/wp-json\/wp\/v2\/media\/28836"}],"wp:attachment":[{"href":"https:\/\/parcavs.com\/index.php\/wp-json\/wp\/v2\/media?parent=28835"}],"wp:term":[{"taxonomy":"product_brand","embeddable":true,"href":"https:\/\/parcavs.com\/index.php\/wp-json\/wp\/v2\/product_brand?post=28835"},{"taxonomy":"product_cat","embeddable":true,"href":"https:\/\/parcavs.com\/index.php\/wp-json\/wp\/v2\/product_cat?post=28835"},{"taxonomy":"product_tag","embeddable":true,"href":"https:\/\/parcavs.com\/index.php\/wp-json\/wp\/v2\/product_tag?post=28835"}],"curies":[{"name":"wp","href":"https:\/\/api.w.org\/{rel}","templated":true}]}}