{"id":28886,"date":"2024-02-06T14:55:33","date_gmt":"2024-02-06T12:55:33","guid":{"rendered":"https:\/\/parcavs.com\/?post_type=product&#038;p=28886"},"modified":"2024-02-06T14:55:34","modified_gmt":"2024-02-06T12:55:34","slug":"taiyi-h3-12v-55-w-p22-5k-taiyi12","status":"publish","type":"product","link":"https:\/\/parcavs.com\/index.php\/product\/taiyi-h3-12v-55-w-p22-5k-taiyi12\/","title":{"rendered":"Ta\u0131y\u0131 H3 12V 55 W P22.5K Ta\u0131y\u013112"},"content":{"rendered":"<p>Ta\u0131y\u013112 Ta\u0131y\u0131 H3 12V 55 W P22.5K<br \/>\nAmpul 12v 55 Watt<br \/>\n\u00dcretici Firma: Ta\u0131y\u0131<br \/>\nFiyatlar\u0131m\u0131za KDV \u00fccreti dahildir<br \/>\nAd\u0131n\u0131za fatural\u0131 olarak g\u00f6nderilecektir.<br \/>\nKargo ta\u015f\u0131ma \u00fccreti al\u0131c\u0131ya aittir.<br \/>\nAnla\u015fmal\u0131 oldu\u011fumuz kargo firmas\u0131 arac\u0131l\u0131\u011f\u0131yla<br \/>\n\u00dccret al\u0131c\u0131 olarak taraf\u0131n\u0131za g\u00f6nderilecektir.<\/p>\n","protected":false},"excerpt":{"rendered":"<p><strong>Ta\u0131y\u013112<\/strong> Ta\u0131y\u0131 <strong>H3 12V 55 W P22.5K<\/strong><br \/>\n<strong>Ampul<\/strong> 12v 55 Watt<br \/>\n\u00dcretici Firma: <strong>Ta\u0131y\u0131<\/strong><br \/>\nFiyatlar\u0131m\u0131za <strong>KDV<\/strong> \u00fccreti dahildir<br \/>\nAd\u0131n\u0131za <strong>fatural\u0131<\/strong> olarak g\u00f6nderilecektir.<br \/>\n<strong>Kargo<\/strong> ta\u015f\u0131ma \u00fccreti <strong>al\u0131c\u0131ya<\/strong> aittir.<\/p>\n","protected":false},"featured_media":28887,"comment_status":"open","ping_status":"closed","template":"","meta":{"_monsterinsights_skip_tracking":false,"_monsterinsights_sitenote_active":false,"_monsterinsights_sitenote_note":"","_monsterinsights_sitenote_category":0},"product_brand":[],"product_cat":[15],"product_tag":[5811,8547,8458],"class_list":{"0":"post-28886","1":"product","2":"type-product","3":"status-publish","4":"has-post-thumbnail","6":"product_cat-diger","7":"product_tag-ampul","8":"product_tag-h3-12v-55-w-p22-5k","9":"product_tag-taiyi","11":"first","12":"instock","13":"sale","14":"taxable","15":"shipping-taxable","16":"purchasable","17":"product-type-simple"},"_links":{"self":[{"href":"https:\/\/parcavs.com\/index.php\/wp-json\/wp\/v2\/product\/28886","targetHints":{"allow":["GET"]}}],"collection":[{"href":"https:\/\/parcavs.com\/index.php\/wp-json\/wp\/v2\/product"}],"about":[{"href":"https:\/\/parcavs.com\/index.php\/wp-json\/wp\/v2\/types\/product"}],"replies":[{"embeddable":true,"href":"https:\/\/parcavs.com\/index.php\/wp-json\/wp\/v2\/comments?post=28886"}],"version-history":[{"count":1,"href":"https:\/\/parcavs.com\/index.php\/wp-json\/wp\/v2\/product\/28886\/revisions"}],"predecessor-version":[{"id":28888,"href":"https:\/\/parcavs.com\/index.php\/wp-json\/wp\/v2\/product\/28886\/revisions\/28888"}],"wp:featuredmedia":[{"embeddable":true,"href":"https:\/\/parcavs.com\/index.php\/wp-json\/wp\/v2\/media\/28887"}],"wp:attachment":[{"href":"https:\/\/parcavs.com\/index.php\/wp-json\/wp\/v2\/media?parent=28886"}],"wp:term":[{"taxonomy":"product_brand","embeddable":true,"href":"https:\/\/parcavs.com\/index.php\/wp-json\/wp\/v2\/product_brand?post=28886"},{"taxonomy":"product_cat","embeddable":true,"href":"https:\/\/parcavs.com\/index.php\/wp-json\/wp\/v2\/product_cat?post=28886"},{"taxonomy":"product_tag","embeddable":true,"href":"https:\/\/parcavs.com\/index.php\/wp-json\/wp\/v2\/product_tag?post=28886"}],"curies":[{"name":"wp","href":"https:\/\/api.w.org\/{rel}","templated":true}]}}