{"id":28891,"date":"2024-02-06T15:11:17","date_gmt":"2024-02-06T13:11:17","guid":{"rendered":"https:\/\/parcavs.com\/?post_type=product&#038;p=28891"},"modified":"2024-08-07T00:00:12","modified_gmt":"2024-08-06T21:00:12","slug":"phoenix-h4-12v-100-90-w-p45t-halojen-lamba-phoenix12","status":"publish","type":"product","link":"https:\/\/parcavs.com\/index.php\/product\/phoenix-h4-12v-100-90-w-p45t-halojen-lamba-phoenix12\/","title":{"rendered":"Phoenix H4 12V 100\/90 W P45t Halojen Lamba Phoenix12"},"content":{"rendered":"<p>Phoenix12 Phoenix H4 12V 100\/90 W P45t Halojen Lamba<br \/>\nAmpul Halojen 12v 100\/90 Watt<br \/>\n\u00dcretici Firma: Phoenix<br \/>\nFiyatlar\u0131m\u0131za KDV \u00fccreti dahildir<br \/>\nAd\u0131n\u0131za fatural\u0131 olarak g\u00f6nderilecektir.<br \/>\nKargo ta\u015f\u0131ma \u00fccreti al\u0131c\u0131ya aittir.<br \/>\nAnla\u015fmal\u0131 oldu\u011fumuz kargo firmas\u0131 arac\u0131l\u0131\u011f\u0131yla<br \/>\n\u00dccret al\u0131c\u0131 olarak taraf\u0131n\u0131za g\u00f6nderilecektir.<\/p>\n","protected":false},"excerpt":{"rendered":"<p><strong>Phoenix12<\/strong> Phoenix<strong> H4 12V 100\/90 W P45t<\/strong> Halojen Lamba<br \/>\n<strong>Ampul Halojen<\/strong> 12v 100\/90 Watt<br \/>\n\u00dcretici Firma: <strong>Phoenix<\/strong><br \/>\nFiyatlar\u0131m\u0131za <strong>KDV<\/strong> \u00fccreti dahildir<br \/>\nAd\u0131n\u0131za <strong>fatural\u0131<\/strong> olarak g\u00f6nderilecektir.<br \/>\n<strong>Kargo<\/strong> ta\u015f\u0131ma \u00fccreti <strong>al\u0131c\u0131ya<\/strong> aittir.<\/p>\n","protected":false},"featured_media":28892,"comment_status":"open","ping_status":"closed","template":"","meta":{"_monsterinsights_skip_tracking":false,"_monsterinsights_sitenote_active":false,"_monsterinsights_sitenote_note":"","_monsterinsights_sitenote_category":0},"product_brand":[],"product_cat":[15],"product_tag":[8551,8549,8550,8548],"class_list":{"0":"post-28891","1":"product","2":"type-product","3":"status-publish","4":"has-post-thumbnail","6":"product_cat-diger","7":"product_tag-12v-100-90-watt","8":"product_tag-h4-12v-100-90-w-p45t","9":"product_tag-halojen-lamba","10":"product_tag-phoenix","12":"first","13":"instock","14":"taxable","15":"shipping-taxable","16":"purchasable","17":"product-type-simple"},"_links":{"self":[{"href":"https:\/\/parcavs.com\/index.php\/wp-json\/wp\/v2\/product\/28891","targetHints":{"allow":["GET"]}}],"collection":[{"href":"https:\/\/parcavs.com\/index.php\/wp-json\/wp\/v2\/product"}],"about":[{"href":"https:\/\/parcavs.com\/index.php\/wp-json\/wp\/v2\/types\/product"}],"replies":[{"embeddable":true,"href":"https:\/\/parcavs.com\/index.php\/wp-json\/wp\/v2\/comments?post=28891"}],"version-history":[{"count":1,"href":"https:\/\/parcavs.com\/index.php\/wp-json\/wp\/v2\/product\/28891\/revisions"}],"predecessor-version":[{"id":28893,"href":"https:\/\/parcavs.com\/index.php\/wp-json\/wp\/v2\/product\/28891\/revisions\/28893"}],"wp:featuredmedia":[{"embeddable":true,"href":"https:\/\/parcavs.com\/index.php\/wp-json\/wp\/v2\/media\/28892"}],"wp:attachment":[{"href":"https:\/\/parcavs.com\/index.php\/wp-json\/wp\/v2\/media?parent=28891"}],"wp:term":[{"taxonomy":"product_brand","embeddable":true,"href":"https:\/\/parcavs.com\/index.php\/wp-json\/wp\/v2\/product_brand?post=28891"},{"taxonomy":"product_cat","embeddable":true,"href":"https:\/\/parcavs.com\/index.php\/wp-json\/wp\/v2\/product_cat?post=28891"},{"taxonomy":"product_tag","embeddable":true,"href":"https:\/\/parcavs.com\/index.php\/wp-json\/wp\/v2\/product_tag?post=28891"}],"curies":[{"name":"wp","href":"https:\/\/api.w.org\/{rel}","templated":true}]}}