{"id":28900,"date":"2024-02-06T15:35:45","date_gmt":"2024-02-06T13:35:45","guid":{"rendered":"https:\/\/parcavs.com\/?post_type=product&#038;p=28900"},"modified":"2024-08-07T00:00:12","modified_gmt":"2024-08-06T21:00:12","slug":"bosch-h3-12v-55w-pk22s-quick-ampul","status":"publish","type":"product","link":"https:\/\/parcavs.com\/index.php\/product\/bosch-h3-12v-55w-pk22s-quick-ampul\/","title":{"rendered":"Bosch H3 12V 55W Pk22s Quick Ampul"},"content":{"rendered":"<p>Bosch H3 12V 55W Pk22s Quick Ampul<br \/>\nAmpul 12V 55 Watt<br \/>\n\u00dcretici Firma: Bosch<br \/>\nFiyatlar\u0131m\u0131za KDV \u00fccreti dahildir<br \/>\nAd\u0131n\u0131za fatural\u0131 olarak g\u00f6nderilecektir.<br \/>\nKargo ta\u015f\u0131ma \u00fccreti al\u0131c\u0131ya aittir.<br \/>\nAnla\u015fmal\u0131 oldu\u011fumuz kargo firmas\u0131 arac\u0131l\u0131\u011f\u0131yla<br \/>\n\u00dccret al\u0131c\u0131 olarak taraf\u0131n\u0131za g\u00f6nderilecektir.<\/p>\n","protected":false},"excerpt":{"rendered":"<p><strong>Bosch<\/strong> H3 12V 55W Pk22s <strong>Quick Ampul<\/strong><br \/>\n<strong>Ampul<\/strong> 12V 55 Watt<br \/>\n\u00dcretici Firma: <strong>Bosch<\/strong><br \/>\nFiyatlar\u0131m\u0131za <strong>KDV<\/strong> \u00fccreti dahildir<br \/>\nAd\u0131n\u0131za <strong>fatural\u0131<\/strong> olarak g\u00f6nderilecektir.<br \/>\n<strong>Kargo<\/strong> ta\u015f\u0131ma \u00fccreti <strong>al\u0131c\u0131ya<\/strong> aittir.<\/p>\n","protected":false},"featured_media":28901,"comment_status":"open","ping_status":"closed","template":"","meta":{"_monsterinsights_skip_tracking":false,"_monsterinsights_sitenote_active":false,"_monsterinsights_sitenote_note":"","_monsterinsights_sitenote_category":0},"product_brand":[],"product_cat":[15],"product_tag":[8559,561,8557,8558],"class_list":{"0":"post-28900","1":"product","2":"type-product","3":"status-publish","4":"has-post-thumbnail","6":"product_cat-diger","7":"product_tag-12v-55-watt","8":"product_tag-bosch","9":"product_tag-h3-12v-55w-pk22s","10":"product_tag-quick-ampul","12":"first","13":"instock","14":"taxable","15":"shipping-taxable","16":"purchasable","17":"product-type-simple"},"_links":{"self":[{"href":"https:\/\/parcavs.com\/index.php\/wp-json\/wp\/v2\/product\/28900","targetHints":{"allow":["GET"]}}],"collection":[{"href":"https:\/\/parcavs.com\/index.php\/wp-json\/wp\/v2\/product"}],"about":[{"href":"https:\/\/parcavs.com\/index.php\/wp-json\/wp\/v2\/types\/product"}],"replies":[{"embeddable":true,"href":"https:\/\/parcavs.com\/index.php\/wp-json\/wp\/v2\/comments?post=28900"}],"version-history":[{"count":1,"href":"https:\/\/parcavs.com\/index.php\/wp-json\/wp\/v2\/product\/28900\/revisions"}],"predecessor-version":[{"id":28902,"href":"https:\/\/parcavs.com\/index.php\/wp-json\/wp\/v2\/product\/28900\/revisions\/28902"}],"wp:featuredmedia":[{"embeddable":true,"href":"https:\/\/parcavs.com\/index.php\/wp-json\/wp\/v2\/media\/28901"}],"wp:attachment":[{"href":"https:\/\/parcavs.com\/index.php\/wp-json\/wp\/v2\/media?parent=28900"}],"wp:term":[{"taxonomy":"product_brand","embeddable":true,"href":"https:\/\/parcavs.com\/index.php\/wp-json\/wp\/v2\/product_brand?post=28900"},{"taxonomy":"product_cat","embeddable":true,"href":"https:\/\/parcavs.com\/index.php\/wp-json\/wp\/v2\/product_cat?post=28900"},{"taxonomy":"product_tag","embeddable":true,"href":"https:\/\/parcavs.com\/index.php\/wp-json\/wp\/v2\/product_tag?post=28900"}],"curies":[{"name":"wp","href":"https:\/\/api.w.org\/{rel}","templated":true}]}}