{"id":28906,"date":"2024-02-06T15:53:36","date_gmt":"2024-02-06T13:53:36","guid":{"rendered":"https:\/\/parcavs.com\/?post_type=product&#038;p=28906"},"modified":"2024-08-07T00:00:12","modified_gmt":"2024-08-06T21:00:12","slug":"blick-h3-12v-55w-pk22s-helojen-ampul-a7945","status":"publish","type":"product","link":"https:\/\/parcavs.com\/index.php\/product\/blick-h3-12v-55w-pk22s-helojen-ampul-a7945\/","title":{"rendered":"Blick H3 12v 55w Pk22s Helojen Ampul A7945"},"content":{"rendered":"<p>A7945 Blick H3 12v 55w Pk22s Helojen Ampul<br \/>\nAmpul Helojen 12v 55 Watt<br \/>\n\u00dcretici Firma: Blick<br \/>\nFiyatlar\u0131m\u0131za KDV \u00fccreti dahildir<br \/>\nAd\u0131n\u0131za fatural\u0131 olarak g\u00f6nderilecektir.<br \/>\nKargo ta\u015f\u0131ma \u00fccreti al\u0131c\u0131ya aittir.<br \/>\nAnla\u015fmal\u0131 oldu\u011fumuz kargo firmas\u0131 arac\u0131l\u0131\u011f\u0131yla<br \/>\n\u00dccret al\u0131c\u0131 olarak taraf\u0131n\u0131za g\u00f6nderilecektir.<\/p>\n","protected":false},"excerpt":{"rendered":"<p><strong>A7945<\/strong> Blick <strong>H3 12v 55w Pk22s<\/strong> Helojen<strong> Ampul<\/strong><br \/>\nAmpul Helojen<strong> 12v 55 Watt<\/strong><br \/>\n\u00dcretici Firma: <strong>Blick<\/strong><br \/>\nFiyatlar\u0131m\u0131za <strong>KDV<\/strong> \u00fccreti dahildir<br \/>\nAd\u0131n\u0131za <strong>fatural\u0131<\/strong> olarak g\u00f6nderilecektir.<br \/>\n<strong>Kargo<\/strong> ta\u015f\u0131ma \u00fccreti <strong>al\u0131c\u0131ya<\/strong> aittir.<\/p>\n","protected":false},"featured_media":28907,"comment_status":"open","ping_status":"closed","template":"","meta":{"_monsterinsights_skip_tracking":false,"_monsterinsights_sitenote_active":false,"_monsterinsights_sitenote_note":"","_monsterinsights_sitenote_category":0},"product_brand":[],"product_cat":[15],"product_tag":[8559,8565,8563,8561,8564,8557,8562],"class_list":{"0":"post-28906","1":"product","2":"type-product","3":"status-publish","4":"has-post-thumbnail","6":"product_cat-diger","7":"product_tag-12v-55-watt","8":"product_tag-a7945","9":"product_tag-ampul-helojen","10":"product_tag-blick","11":"product_tag-blick-a7945","12":"product_tag-h3-12v-55w-pk22s","13":"product_tag-helojen-ampul","15":"first","16":"instock","17":"taxable","18":"shipping-taxable","19":"purchasable","20":"product-type-simple"},"_links":{"self":[{"href":"https:\/\/parcavs.com\/index.php\/wp-json\/wp\/v2\/product\/28906","targetHints":{"allow":["GET"]}}],"collection":[{"href":"https:\/\/parcavs.com\/index.php\/wp-json\/wp\/v2\/product"}],"about":[{"href":"https:\/\/parcavs.com\/index.php\/wp-json\/wp\/v2\/types\/product"}],"replies":[{"embeddable":true,"href":"https:\/\/parcavs.com\/index.php\/wp-json\/wp\/v2\/comments?post=28906"}],"version-history":[{"count":1,"href":"https:\/\/parcavs.com\/index.php\/wp-json\/wp\/v2\/product\/28906\/revisions"}],"predecessor-version":[{"id":28908,"href":"https:\/\/parcavs.com\/index.php\/wp-json\/wp\/v2\/product\/28906\/revisions\/28908"}],"wp:featuredmedia":[{"embeddable":true,"href":"https:\/\/parcavs.com\/index.php\/wp-json\/wp\/v2\/media\/28907"}],"wp:attachment":[{"href":"https:\/\/parcavs.com\/index.php\/wp-json\/wp\/v2\/media?parent=28906"}],"wp:term":[{"taxonomy":"product_brand","embeddable":true,"href":"https:\/\/parcavs.com\/index.php\/wp-json\/wp\/v2\/product_brand?post=28906"},{"taxonomy":"product_cat","embeddable":true,"href":"https:\/\/parcavs.com\/index.php\/wp-json\/wp\/v2\/product_cat?post=28906"},{"taxonomy":"product_tag","embeddable":true,"href":"https:\/\/parcavs.com\/index.php\/wp-json\/wp\/v2\/product_tag?post=28906"}],"curies":[{"name":"wp","href":"https:\/\/api.w.org\/{rel}","templated":true}]}}