{"id":28933,"date":"2024-02-07T10:00:26","date_gmt":"2024-02-07T08:00:26","guid":{"rendered":"https:\/\/parcavs.com\/?post_type=product&#038;p=28933"},"modified":"2024-08-08T00:00:13","modified_gmt":"2024-08-07T21:00:13","slug":"ge-12v-21-5-w-75h-dipsiz-cift-duy-ampul-7443","status":"publish","type":"product","link":"https:\/\/parcavs.com\/index.php\/product\/ge-12v-21-5-w-75h-dipsiz-cift-duy-ampul-7443\/","title":{"rendered":"GE 12V 21\/5 W 75H Dipsiz \u00c7ift Duy Ampul 7443"},"content":{"rendered":"<p>7443 GE 12V 21\/5 W 75H Dipsiz \u00c7ift Duy Ampul<br \/>\nAmpul Dipsiz 12V 21\/5 Watt<br \/>\n\u00dcretici Firma: GE<br \/>\nFiyatlar\u0131m\u0131za KDV \u00fccreti dahildir<br \/>\nAd\u0131n\u0131za fatural\u0131 olarak g\u00f6nderilecektir.<br \/>\nKargo ta\u015f\u0131ma \u00fccreti al\u0131c\u0131ya aittir.<br \/>\nAnla\u015fmal\u0131 oldu\u011fumuz kargo firmas\u0131 arac\u0131l\u0131\u011f\u0131yla<br \/>\n\u00dccret al\u0131c\u0131 olarak taraf\u0131n\u0131za g\u00f6nderilecektir.<\/p>\n","protected":false},"excerpt":{"rendered":"<p><strong>7443<\/strong> GE 1<strong>2V 21\/5 W 75H<\/strong> Dipsiz <strong>\u00c7ift Duy Ampul<\/strong><br \/>\nAmpul Dipsiz<strong> 12V 21\/5 Watt<\/strong><br \/>\n\u00dcretici Firma: <strong>GE<\/strong><br \/>\nFiyatlar\u0131m\u0131za <strong>KDV<\/strong> \u00fccreti dahildir<br \/>\nAd\u0131n\u0131za <strong>fatural\u0131<\/strong> olarak g\u00f6nderilecektir.<br \/>\n<strong>Kargo<\/strong> ta\u015f\u0131ma \u00fccreti <strong>al\u0131c\u0131ya<\/strong> aittir.<\/p>\n","protected":false},"featured_media":28934,"comment_status":"open","ping_status":"closed","template":"","meta":{"_monsterinsights_skip_tracking":false,"_monsterinsights_sitenote_active":false,"_monsterinsights_sitenote_note":"","_monsterinsights_sitenote_category":0},"product_brand":[],"product_cat":[15],"product_tag":[8596,8597,8595,8598],"class_list":{"0":"post-28933","1":"product","2":"type-product","3":"status-publish","4":"has-post-thumbnail","6":"product_cat-diger","7":"product_tag-12v-21-5-watt","8":"product_tag-dipsiz-cift-duy-ampul","9":"product_tag-ge","10":"product_tag-ge-7443","12":"first","13":"instock","14":"taxable","15":"shipping-taxable","16":"purchasable","17":"product-type-simple"},"_links":{"self":[{"href":"https:\/\/parcavs.com\/index.php\/wp-json\/wp\/v2\/product\/28933","targetHints":{"allow":["GET"]}}],"collection":[{"href":"https:\/\/parcavs.com\/index.php\/wp-json\/wp\/v2\/product"}],"about":[{"href":"https:\/\/parcavs.com\/index.php\/wp-json\/wp\/v2\/types\/product"}],"replies":[{"embeddable":true,"href":"https:\/\/parcavs.com\/index.php\/wp-json\/wp\/v2\/comments?post=28933"}],"version-history":[{"count":1,"href":"https:\/\/parcavs.com\/index.php\/wp-json\/wp\/v2\/product\/28933\/revisions"}],"predecessor-version":[{"id":28935,"href":"https:\/\/parcavs.com\/index.php\/wp-json\/wp\/v2\/product\/28933\/revisions\/28935"}],"wp:featuredmedia":[{"embeddable":true,"href":"https:\/\/parcavs.com\/index.php\/wp-json\/wp\/v2\/media\/28934"}],"wp:attachment":[{"href":"https:\/\/parcavs.com\/index.php\/wp-json\/wp\/v2\/media?parent=28933"}],"wp:term":[{"taxonomy":"product_brand","embeddable":true,"href":"https:\/\/parcavs.com\/index.php\/wp-json\/wp\/v2\/product_brand?post=28933"},{"taxonomy":"product_cat","embeddable":true,"href":"https:\/\/parcavs.com\/index.php\/wp-json\/wp\/v2\/product_cat?post=28933"},{"taxonomy":"product_tag","embeddable":true,"href":"https:\/\/parcavs.com\/index.php\/wp-json\/wp\/v2\/product_tag?post=28933"}],"curies":[{"name":"wp","href":"https:\/\/api.w.org\/{rel}","templated":true}]}}