{"id":28942,"date":"2024-02-07T13:32:07","date_gmt":"2024-02-07T11:32:07","guid":{"rendered":"https:\/\/parcavs.com\/?post_type=product&#038;p=28942"},"modified":"2024-08-08T00:00:13","modified_gmt":"2024-08-07T21:00:13","slug":"sofit-led-beyaz-12-24-volt-uyumlu-canbus-sogutuculu-29-mm","status":"publish","type":"product","link":"https:\/\/parcavs.com\/index.php\/product\/sofit-led-beyaz-12-24-volt-uyumlu-canbus-sogutuculu-29-mm\/","title":{"rendered":"Sofit Led Beyaz 12-24 Volt Uyumlu Canbus So\u011futuculu 29 mm"},"content":{"rendered":"<p>Sofit Led Beyaz 12-24 Volt Uyumlu Canbus So\u011futuculu 29 mm<br \/>\nLed Beyaz 12-24 Volt<br \/>\n\u00dcretici Firma: Sofit<br \/>\nFiyatlar\u0131m\u0131za KDV \u00fccreti dahildir<br \/>\nAd\u0131n\u0131za fatural\u0131 olarak g\u00f6nderilecektir.<br \/>\nKargo ta\u015f\u0131ma \u00fccreti al\u0131c\u0131ya aittir.<br \/>\nAnla\u015fmal\u0131 oldu\u011fumuz kargo firmas\u0131 arac\u0131l\u0131\u011f\u0131yla<br \/>\n\u00dccret al\u0131c\u0131 olarak taraf\u0131n\u0131za g\u00f6nderilecektir.<\/p>\n","protected":false},"excerpt":{"rendered":"<p><strong>Sofit<\/strong> Led <strong>Beyaz<\/strong> 12-24 Volt Uyumlu<strong> Canbus So\u011futuculu 29 mm<\/strong><br \/>\nLed Beyaz <strong>12-24 Volt<\/strong><br \/>\n\u00dcretici Firma: <strong>Sofit<\/strong><br \/>\nFiyatlar\u0131m\u0131za <strong>KDV<\/strong> \u00fccreti dahildir<br \/>\nAd\u0131n\u0131za <strong>fatural\u0131<\/strong> olarak g\u00f6nderilecektir.<br \/>\n<strong>Kargo<\/strong> ta\u015f\u0131ma \u00fccreti <strong>al\u0131c\u0131ya<\/strong> aittir.<\/p>\n","protected":false},"featured_media":28943,"comment_status":"open","ping_status":"closed","template":"","meta":{"_monsterinsights_skip_tracking":false,"_monsterinsights_sitenote_active":false,"_monsterinsights_sitenote_note":"","_monsterinsights_sitenote_category":0},"product_brand":[],"product_cat":[15],"product_tag":[8608,8609,8607,8606],"class_list":{"0":"post-28942","1":"product","2":"type-product","3":"status-publish","4":"has-post-thumbnail","6":"product_cat-diger","7":"product_tag-12-24-volt","8":"product_tag-canbus-sogutuculu-29-mm","9":"product_tag-led-beyaz","10":"product_tag-sofit","12":"first","13":"instock","14":"taxable","15":"shipping-taxable","16":"purchasable","17":"product-type-simple"},"_links":{"self":[{"href":"https:\/\/parcavs.com\/index.php\/wp-json\/wp\/v2\/product\/28942","targetHints":{"allow":["GET"]}}],"collection":[{"href":"https:\/\/parcavs.com\/index.php\/wp-json\/wp\/v2\/product"}],"about":[{"href":"https:\/\/parcavs.com\/index.php\/wp-json\/wp\/v2\/types\/product"}],"replies":[{"embeddable":true,"href":"https:\/\/parcavs.com\/index.php\/wp-json\/wp\/v2\/comments?post=28942"}],"version-history":[{"count":1,"href":"https:\/\/parcavs.com\/index.php\/wp-json\/wp\/v2\/product\/28942\/revisions"}],"predecessor-version":[{"id":28944,"href":"https:\/\/parcavs.com\/index.php\/wp-json\/wp\/v2\/product\/28942\/revisions\/28944"}],"wp:featuredmedia":[{"embeddable":true,"href":"https:\/\/parcavs.com\/index.php\/wp-json\/wp\/v2\/media\/28943"}],"wp:attachment":[{"href":"https:\/\/parcavs.com\/index.php\/wp-json\/wp\/v2\/media?parent=28942"}],"wp:term":[{"taxonomy":"product_brand","embeddable":true,"href":"https:\/\/parcavs.com\/index.php\/wp-json\/wp\/v2\/product_brand?post=28942"},{"taxonomy":"product_cat","embeddable":true,"href":"https:\/\/parcavs.com\/index.php\/wp-json\/wp\/v2\/product_cat?post=28942"},{"taxonomy":"product_tag","embeddable":true,"href":"https:\/\/parcavs.com\/index.php\/wp-json\/wp\/v2\/product_tag?post=28942"}],"curies":[{"name":"wp","href":"https:\/\/api.w.org\/{rel}","templated":true}]}}