{"id":28945,"date":"2024-02-07T13:43:04","date_gmt":"2024-02-07T11:43:04","guid":{"rendered":"https:\/\/parcavs.com\/?post_type=product&#038;p=28945"},"modified":"2024-08-08T00:00:13","modified_gmt":"2024-08-07T21:00:13","slug":"narva-12v-10w-ic-aydinlatma-ampul-17315","status":"publish","type":"product","link":"https:\/\/parcavs.com\/index.php\/product\/narva-12v-10w-ic-aydinlatma-ampul-17315\/","title":{"rendered":"Narva 12V 10W \u0130\u00e7 Ayd\u0131nlatma Ampul 17315"},"content":{"rendered":"<p>17315 Narva 12V 10W \u0130\u00e7 Ayd\u0131nlatma Ampul<br \/>\nAmpul \u0130\u00e7 Ayd\u0131nlatma 12V 10 Watt<br \/>\n\u00dcretici Firma: Narva<br \/>\nFiyatlar\u0131m\u0131za KDV \u00fccreti dahildir<br \/>\nAd\u0131n\u0131za fatural\u0131 olarak g\u00f6nderilecektir.<br \/>\nKargo ta\u015f\u0131ma \u00fccreti al\u0131c\u0131ya aittir.<br \/>\nAnla\u015fmal\u0131 oldu\u011fumuz kargo firmas\u0131 arac\u0131l\u0131\u011f\u0131yla<br \/>\n\u00dccret al\u0131c\u0131 olarak taraf\u0131n\u0131za g\u00f6nderilecektir.<\/p>\n","protected":false},"excerpt":{"rendered":"<p><strong>17315<\/strong> Narva 12V 10W<strong> \u0130\u00e7 Ayd\u0131nlatma Ampul<\/strong><br \/>\nAmpul \u0130\u00e7 Ayd\u0131nlatma<strong> 12V 10 Watt<\/strong><br \/>\n\u00dcretici Firma: <strong>Narva<\/strong><br \/>\nFiyatlar\u0131m\u0131za <strong>KDV<\/strong> \u00fccreti dahildir<br \/>\nAd\u0131n\u0131za <strong>fatural\u0131<\/strong> olarak g\u00f6nderilecektir.<br \/>\n<strong>Kargo<\/strong> ta\u015f\u0131ma \u00fccreti <strong>al\u0131c\u0131ya<\/strong> aittir.<\/p>\n","protected":false},"featured_media":28946,"comment_status":"open","ping_status":"closed","template":"","meta":{"_monsterinsights_skip_tracking":false,"_monsterinsights_sitenote_active":false,"_monsterinsights_sitenote_note":"","_monsterinsights_sitenote_category":0},"product_brand":[],"product_cat":[15],"product_tag":[8610,8612,8611,5810],"class_list":{"0":"post-28945","1":"product","2":"type-product","3":"status-publish","4":"has-post-thumbnail","6":"product_cat-diger","7":"product_tag-12v-10-watt","8":"product_tag-8612","9":"product_tag-ic-aydinlatma-ampul","10":"product_tag-narva","12":"first","13":"instock","14":"taxable","15":"shipping-taxable","16":"purchasable","17":"product-type-simple"},"_links":{"self":[{"href":"https:\/\/parcavs.com\/index.php\/wp-json\/wp\/v2\/product\/28945","targetHints":{"allow":["GET"]}}],"collection":[{"href":"https:\/\/parcavs.com\/index.php\/wp-json\/wp\/v2\/product"}],"about":[{"href":"https:\/\/parcavs.com\/index.php\/wp-json\/wp\/v2\/types\/product"}],"replies":[{"embeddable":true,"href":"https:\/\/parcavs.com\/index.php\/wp-json\/wp\/v2\/comments?post=28945"}],"version-history":[{"count":1,"href":"https:\/\/parcavs.com\/index.php\/wp-json\/wp\/v2\/product\/28945\/revisions"}],"predecessor-version":[{"id":28947,"href":"https:\/\/parcavs.com\/index.php\/wp-json\/wp\/v2\/product\/28945\/revisions\/28947"}],"wp:featuredmedia":[{"embeddable":true,"href":"https:\/\/parcavs.com\/index.php\/wp-json\/wp\/v2\/media\/28946"}],"wp:attachment":[{"href":"https:\/\/parcavs.com\/index.php\/wp-json\/wp\/v2\/media?parent=28945"}],"wp:term":[{"taxonomy":"product_brand","embeddable":true,"href":"https:\/\/parcavs.com\/index.php\/wp-json\/wp\/v2\/product_brand?post=28945"},{"taxonomy":"product_cat","embeddable":true,"href":"https:\/\/parcavs.com\/index.php\/wp-json\/wp\/v2\/product_cat?post=28945"},{"taxonomy":"product_tag","embeddable":true,"href":"https:\/\/parcavs.com\/index.php\/wp-json\/wp\/v2\/product_tag?post=28945"}],"curies":[{"name":"wp","href":"https:\/\/api.w.org\/{rel}","templated":true}]}}