{"id":28948,"date":"2024-02-07T13:56:17","date_gmt":"2024-02-07T11:56:17","guid":{"rendered":"https:\/\/parcavs.com\/?post_type=product&#038;p=28948"},"modified":"2024-08-08T00:00:13","modified_gmt":"2024-08-07T21:00:13","slug":"orjinal-iveco-daily-35-c-11-12v-15w-ampul-42545885","status":"publish","type":"product","link":"https:\/\/parcavs.com\/index.php\/product\/orjinal-iveco-daily-35-c-11-12v-15w-ampul-42545885\/","title":{"rendered":"Orjinal \u0130veco Daily 35 C 11 12v 15w Ampul 42545885"},"content":{"rendered":"<p>42545885 Orjinal \u0130veco Daily 35 C 11 12v 15w Ampul<br \/>\nParmak Ampul \u0130veco<br \/>\n%100 Orjinal \u0130veco Daily Yedek Par\u00e7a<br \/>\nFiyatlar\u0131m\u0131za KDV \u00fccreti dahildir<br \/>\nAd\u0131n\u0131za fatural\u0131 olarak g\u00f6nderilecektir.<br \/>\nKargo ta\u015f\u0131ma \u00fccreti al\u0131c\u0131ya aittir.<br \/>\nAnla\u015fmal\u0131 oldu\u011fumuz kargo firmas\u0131 arac\u0131l\u0131\u011f\u0131yla<br \/>\n\u00dccret al\u0131c\u0131 olarak taraf\u0131n\u0131za g\u00f6nderilecektir.<\/p>\n","protected":false},"excerpt":{"rendered":"<p><strong>42545885<\/strong> Orjinal <strong>\u0130veco<\/strong> Daily 35 C 11 12v 15w<strong> Ampul<\/strong><br \/>\n<strong>Parmak Ampul 12v 15w\u00a0<\/strong> \u0130veco<br \/>\n%100 <strong>Orjinal<\/strong> \u0130veco <strong>Daily<\/strong><br \/>\nFiyatlar\u0131m\u0131za <strong>KDV<\/strong> \u00fccreti dahildir<br \/>\nAd\u0131n\u0131za <strong>fatural\u0131<\/strong> olarak g\u00f6nderilecektir.<br \/>\n<strong>Kargo<\/strong> ta\u015f\u0131ma \u00fccreti <strong>al\u0131c\u0131ya<\/strong> aittir.<\/p>\n","protected":false},"featured_media":28949,"comment_status":"open","ping_status":"closed","template":"","meta":{"_monsterinsights_skip_tracking":false,"_monsterinsights_sitenote_active":false,"_monsterinsights_sitenote_note":"","_monsterinsights_sitenote_category":0},"product_brand":[],"product_cat":[46],"product_tag":[8586,8613,8615,5811,58,51,8614],"class_list":{"0":"post-28948","1":"product","2":"type-product","3":"status-publish","4":"has-post-thumbnail","6":"product_cat-iveco-yedek-parca","7":"product_tag-12v-15w","8":"product_tag-35-c-11","9":"product_tag-8615","10":"product_tag-ampul","11":"product_tag-daily","12":"product_tag-iveco","13":"product_tag-parmak-ampul","15":"first","16":"instock","17":"taxable","18":"shipping-taxable","19":"purchasable","20":"product-type-simple"},"_links":{"self":[{"href":"https:\/\/parcavs.com\/index.php\/wp-json\/wp\/v2\/product\/28948","targetHints":{"allow":["GET"]}}],"collection":[{"href":"https:\/\/parcavs.com\/index.php\/wp-json\/wp\/v2\/product"}],"about":[{"href":"https:\/\/parcavs.com\/index.php\/wp-json\/wp\/v2\/types\/product"}],"replies":[{"embeddable":true,"href":"https:\/\/parcavs.com\/index.php\/wp-json\/wp\/v2\/comments?post=28948"}],"version-history":[{"count":1,"href":"https:\/\/parcavs.com\/index.php\/wp-json\/wp\/v2\/product\/28948\/revisions"}],"predecessor-version":[{"id":28950,"href":"https:\/\/parcavs.com\/index.php\/wp-json\/wp\/v2\/product\/28948\/revisions\/28950"}],"wp:featuredmedia":[{"embeddable":true,"href":"https:\/\/parcavs.com\/index.php\/wp-json\/wp\/v2\/media\/28949"}],"wp:attachment":[{"href":"https:\/\/parcavs.com\/index.php\/wp-json\/wp\/v2\/media?parent=28948"}],"wp:term":[{"taxonomy":"product_brand","embeddable":true,"href":"https:\/\/parcavs.com\/index.php\/wp-json\/wp\/v2\/product_brand?post=28948"},{"taxonomy":"product_cat","embeddable":true,"href":"https:\/\/parcavs.com\/index.php\/wp-json\/wp\/v2\/product_cat?post=28948"},{"taxonomy":"product_tag","embeddable":true,"href":"https:\/\/parcavs.com\/index.php\/wp-json\/wp\/v2\/product_tag?post=28948"}],"curies":[{"name":"wp","href":"https:\/\/api.w.org\/{rel}","templated":true}]}}