{"id":28998,"date":"2024-02-08T10:43:13","date_gmt":"2024-02-08T08:43:13","guid":{"rendered":"https:\/\/parcavs.com\/?post_type=product&#038;p=28998"},"modified":"2024-08-09T00:00:00","modified_gmt":"2024-08-08T21:00:00","slug":"fullflex-t-tipi-8mmx8mmx8mm-konektor-hava-hatti-hizli-baglanti-boru-eklemi","status":"publish","type":"product","link":"https:\/\/parcavs.com\/index.php\/product\/fullflex-t-tipi-8mmx8mmx8mm-konektor-hava-hatti-hizli-baglanti-boru-eklemi\/","title":{"rendered":"Fullflex T Tipi 8mmx8mmx8mm Konekt\u00f6r Hava Hatt\u0131 H\u0131zl\u0131 Ba\u011flant\u0131 Boru Eklemi"},"content":{"rendered":"<p>Fullflex T Tipi 8mmx8mmx8mm Konekt\u00f6r Hava Hatt\u0131 H\u0131zl\u0131 Ba\u011flant\u0131 Boru Eklemi<br \/>\nHava Jak\u0131 Ba\u011flant\u0131 Eleman\u0131 8x8x8mm<br \/>\n\u00dcretici Firma: Fullflex<br \/>\nFiyatlar\u0131m\u0131za KDV \u00fccreti dahildir<br \/>\nAd\u0131n\u0131za fatural\u0131 olarak g\u00f6nderilecektir.<br \/>\nKargo ta\u015f\u0131ma \u00fccreti al\u0131c\u0131ya aittir.<br \/>\nAnla\u015fmal\u0131 oldu\u011fumuz kargo firmas\u0131 arac\u0131l\u0131\u011f\u0131yla<br \/>\n\u00dccret al\u0131c\u0131 olarak taraf\u0131n\u0131za g\u00f6nderilecektir.<\/p>\n","protected":false},"excerpt":{"rendered":"<p><strong>Fullflex<\/strong> T Tipi <strong>8mmx8mmx8mm Konekt\u00f6r Hava Hatt\u0131 H\u0131zl\u0131 Ba\u011flant\u0131 Boru Eklemi<\/strong><br \/>\n<strong>Hava Jak\u0131<\/strong> Ba\u011flant\u0131 Eleman\u0131 8x8x8mm<br \/>\n\u00dcretici Firma: <strong>Fullflex<\/strong><br \/>\nFiyatlar\u0131m\u0131za <strong>KDV<\/strong> \u00fccreti dahildir<br \/>\nAd\u0131n\u0131za <strong>fatural\u0131<\/strong> olarak g\u00f6nderilecektir.<br \/>\n<strong>Kargo<\/strong> ta\u015f\u0131ma \u00fccreti <strong>al\u0131c\u0131ya<\/strong> aittir.<\/p>\n","protected":false},"featured_media":28999,"comment_status":"open","ping_status":"closed","template":"","meta":{"_monsterinsights_skip_tracking":false,"_monsterinsights_sitenote_active":false,"_monsterinsights_sitenote_note":"","_monsterinsights_sitenote_category":0},"product_brand":[],"product_cat":[15],"product_tag":[8667,8665,8668,8666],"class_list":{"0":"post-28998","1":"product","2":"type-product","3":"status-publish","4":"has-post-thumbnail","6":"product_cat-diger","7":"product_tag-8mmx8mmx8mm-konektor-hava-hatti-hizli-baglanti-boru-eklemi","8":"product_tag-fullflex","9":"product_tag-hava-jaki-baglanti-elemani-8x8x8mm","10":"product_tag-t-tipi","12":"first","13":"instock","14":"taxable","15":"shipping-taxable","16":"purchasable","17":"product-type-simple"},"_links":{"self":[{"href":"https:\/\/parcavs.com\/index.php\/wp-json\/wp\/v2\/product\/28998","targetHints":{"allow":["GET"]}}],"collection":[{"href":"https:\/\/parcavs.com\/index.php\/wp-json\/wp\/v2\/product"}],"about":[{"href":"https:\/\/parcavs.com\/index.php\/wp-json\/wp\/v2\/types\/product"}],"replies":[{"embeddable":true,"href":"https:\/\/parcavs.com\/index.php\/wp-json\/wp\/v2\/comments?post=28998"}],"version-history":[{"count":1,"href":"https:\/\/parcavs.com\/index.php\/wp-json\/wp\/v2\/product\/28998\/revisions"}],"predecessor-version":[{"id":29000,"href":"https:\/\/parcavs.com\/index.php\/wp-json\/wp\/v2\/product\/28998\/revisions\/29000"}],"wp:featuredmedia":[{"embeddable":true,"href":"https:\/\/parcavs.com\/index.php\/wp-json\/wp\/v2\/media\/28999"}],"wp:attachment":[{"href":"https:\/\/parcavs.com\/index.php\/wp-json\/wp\/v2\/media?parent=28998"}],"wp:term":[{"taxonomy":"product_brand","embeddable":true,"href":"https:\/\/parcavs.com\/index.php\/wp-json\/wp\/v2\/product_brand?post=28998"},{"taxonomy":"product_cat","embeddable":true,"href":"https:\/\/parcavs.com\/index.php\/wp-json\/wp\/v2\/product_cat?post=28998"},{"taxonomy":"product_tag","embeddable":true,"href":"https:\/\/parcavs.com\/index.php\/wp-json\/wp\/v2\/product_tag?post=28998"}],"curies":[{"name":"wp","href":"https:\/\/api.w.org\/{rel}","templated":true}]}}