{"id":29025,"date":"2024-02-08T11:52:31","date_gmt":"2024-02-08T09:52:31","guid":{"rendered":"https:\/\/parcavs.com\/?post_type=product&#038;p=29025"},"modified":"2024-08-09T00:00:01","modified_gmt":"2024-08-08T21:00:01","slug":"asn-duz-ekleme-pnomatik-valf-baglanti-elemani-12mmx12mm","status":"publish","type":"product","link":"https:\/\/parcavs.com\/index.php\/product\/asn-duz-ekleme-pnomatik-valf-baglanti-elemani-12mmx12mm\/","title":{"rendered":"Asn D\u00fcz Ekleme Pn\u00f6matik Valf Ba\u011flant\u0131 Eleman\u0131 12mmx12mm"},"content":{"rendered":"<p>Asn D\u00fcz Ekleme Pn\u00f6matik Valf Ba\u011flant\u0131 Eleman\u0131 12mmx12mm<br \/>\nPn\u00f6matik Red\u00fcksiyon<br \/>\n\u00dcretici Firma: Asn<br \/>\nFiyatlar\u0131m\u0131za KDV \u00fccreti dahildir<br \/>\nAd\u0131n\u0131za fatural\u0131 olarak g\u00f6nderilecektir.<br \/>\nKargo ta\u015f\u0131ma \u00fccreti al\u0131c\u0131ya aittir.<br \/>\nAnla\u015fmal\u0131 oldu\u011fumuz kargo firmas\u0131 arac\u0131l\u0131\u011f\u0131yla<br \/>\n\u00dccret al\u0131c\u0131 olarak taraf\u0131n\u0131za g\u00f6nderilecektir.<\/p>\n<p>&nbsp;<\/p>\n","protected":false},"excerpt":{"rendered":"<p><strong>Asn<\/strong> D\u00fcz Ekleme <strong>Pn\u00f6matik Valf Ba\u011flant\u0131 Eleman\u0131 12mmx12mm<\/strong><br \/>\n<strong>Pn\u00f6matik<\/strong> Red\u00fcksiyon<br \/>\n\u00dcretici Firma: <strong>Asn<\/strong><br \/>\nFiyatlar\u0131m\u0131za <strong>KDV<\/strong> \u00fccreti dahildir<br \/>\nAd\u0131n\u0131za <strong>fatural\u0131<\/strong> olarak g\u00f6nderilecektir.<br \/>\n<strong>Kargo<\/strong> ta\u015f\u0131ma \u00fccreti <strong>al\u0131c\u0131ya<\/strong> aittir.<\/p>\n","protected":false},"featured_media":29026,"comment_status":"open","ping_status":"closed","template":"","meta":{"_monsterinsights_skip_tracking":false,"_monsterinsights_sitenote_active":false,"_monsterinsights_sitenote_note":"","_monsterinsights_sitenote_category":0},"product_brand":[],"product_cat":[15],"product_tag":[8674,8659,8656,8675],"class_list":{"0":"post-29025","1":"product","2":"type-product","3":"status-publish","4":"has-post-thumbnail","6":"product_cat-diger","7":"product_tag-asn","8":"product_tag-duz-ekleme","9":"product_tag-pnomatik-reduksiyon","10":"product_tag-pnomatik-valf-baglanti-elemani-12mmx12mm","12":"first","13":"instock","14":"taxable","15":"shipping-taxable","16":"purchasable","17":"product-type-simple"},"_links":{"self":[{"href":"https:\/\/parcavs.com\/index.php\/wp-json\/wp\/v2\/product\/29025","targetHints":{"allow":["GET"]}}],"collection":[{"href":"https:\/\/parcavs.com\/index.php\/wp-json\/wp\/v2\/product"}],"about":[{"href":"https:\/\/parcavs.com\/index.php\/wp-json\/wp\/v2\/types\/product"}],"replies":[{"embeddable":true,"href":"https:\/\/parcavs.com\/index.php\/wp-json\/wp\/v2\/comments?post=29025"}],"version-history":[{"count":1,"href":"https:\/\/parcavs.com\/index.php\/wp-json\/wp\/v2\/product\/29025\/revisions"}],"predecessor-version":[{"id":29027,"href":"https:\/\/parcavs.com\/index.php\/wp-json\/wp\/v2\/product\/29025\/revisions\/29027"}],"wp:featuredmedia":[{"embeddable":true,"href":"https:\/\/parcavs.com\/index.php\/wp-json\/wp\/v2\/media\/29026"}],"wp:attachment":[{"href":"https:\/\/parcavs.com\/index.php\/wp-json\/wp\/v2\/media?parent=29025"}],"wp:term":[{"taxonomy":"product_brand","embeddable":true,"href":"https:\/\/parcavs.com\/index.php\/wp-json\/wp\/v2\/product_brand?post=29025"},{"taxonomy":"product_cat","embeddable":true,"href":"https:\/\/parcavs.com\/index.php\/wp-json\/wp\/v2\/product_cat?post=29025"},{"taxonomy":"product_tag","embeddable":true,"href":"https:\/\/parcavs.com\/index.php\/wp-json\/wp\/v2\/product_tag?post=29025"}],"curies":[{"name":"wp","href":"https:\/\/api.w.org\/{rel}","templated":true}]}}