{"id":29049,"date":"2024-02-08T15:54:29","date_gmt":"2024-02-08T13:54:29","guid":{"rendered":"https:\/\/parcavs.com\/?post_type=product&#038;p=29049"},"modified":"2024-08-09T00:00:01","modified_gmt":"2024-08-08T21:00:01","slug":"tks-6-3mm-tirnakli-disi-fis-terminal-kablo-ucu","status":"publish","type":"product","link":"https:\/\/parcavs.com\/index.php\/product\/tks-6-3mm-tirnakli-disi-fis-terminal-kablo-ucu\/","title":{"rendered":"TKS 6.3Mm T\u0131rnakl\u0131 Di\u015fi Fi\u015f Terminal Kablo Ucu"},"content":{"rendered":"<p>TKS 6.3Mm T\u0131rnakl\u0131 Di\u015fi Fi\u015f Terminal Kablo Ucu<br \/>\n\u0130zolesiz Kablo Ucu T\u0131rnakl\u0131 Di\u015fi Fi\u015f<br \/>\n\u00dcretici Firma: TKS<br \/>\nFiyatlar\u0131m\u0131za KDV \u00fccreti dahildir<br \/>\nAd\u0131n\u0131za fatural\u0131 olarak g\u00f6nderilecektir.<br \/>\nKargo ta\u015f\u0131ma \u00fccreti al\u0131c\u0131ya aittir.<br \/>\nAnla\u015fmal\u0131 oldu\u011fumuz kargo firmas\u0131 arac\u0131l\u0131\u011f\u0131yla<br \/>\n\u00dccret al\u0131c\u0131 olarak taraf\u0131n\u0131za g\u00f6nderilecektir.<\/p>\n","protected":false},"excerpt":{"rendered":"<p><strong>TKS<\/strong> 6.3Mm <strong>T\u0131rnakl\u0131 Di\u015fi Fi\u015f<\/strong> Terminal Kablo Ucu<br \/>\n\u0130<strong>zolesiz Kablo Ucu<\/strong> T\u0131rnakl\u0131 Di\u015fi Fi\u015f<br \/>\n\u00dcretici Firma: <strong>TKS<\/strong><br \/>\nFiyatlar\u0131m\u0131za <strong>KDV<\/strong> \u00fccreti dahildir<br \/>\nAd\u0131n\u0131za <strong>fatural\u0131<\/strong> olarak g\u00f6nderilecektir.<br \/>\n<strong>Kargo<\/strong> ta\u015f\u0131ma \u00fccreti <strong>al\u0131c\u0131ya<\/strong> aittir.<\/p>\n","protected":false},"featured_media":29050,"comment_status":"open","ping_status":"closed","template":"","meta":{"_monsterinsights_skip_tracking":false,"_monsterinsights_sitenote_active":false,"_monsterinsights_sitenote_note":"","_monsterinsights_sitenote_category":0},"product_brand":[],"product_cat":[15],"product_tag":[8701,8702,8700],"class_list":{"0":"post-29049","1":"product","2":"type-product","3":"status-publish","4":"has-post-thumbnail","6":"product_cat-diger","7":"product_tag-6-3mm-tirnakli-disi-fis-terminal-kablo-ucu","8":"product_tag-izolesiz-kablo-ucu-tirnakli-disi-fis","9":"product_tag-tks","11":"first","12":"instock","13":"taxable","14":"shipping-taxable","15":"purchasable","16":"product-type-simple"},"_links":{"self":[{"href":"https:\/\/parcavs.com\/index.php\/wp-json\/wp\/v2\/product\/29049","targetHints":{"allow":["GET"]}}],"collection":[{"href":"https:\/\/parcavs.com\/index.php\/wp-json\/wp\/v2\/product"}],"about":[{"href":"https:\/\/parcavs.com\/index.php\/wp-json\/wp\/v2\/types\/product"}],"replies":[{"embeddable":true,"href":"https:\/\/parcavs.com\/index.php\/wp-json\/wp\/v2\/comments?post=29049"}],"version-history":[{"count":1,"href":"https:\/\/parcavs.com\/index.php\/wp-json\/wp\/v2\/product\/29049\/revisions"}],"predecessor-version":[{"id":29051,"href":"https:\/\/parcavs.com\/index.php\/wp-json\/wp\/v2\/product\/29049\/revisions\/29051"}],"wp:featuredmedia":[{"embeddable":true,"href":"https:\/\/parcavs.com\/index.php\/wp-json\/wp\/v2\/media\/29050"}],"wp:attachment":[{"href":"https:\/\/parcavs.com\/index.php\/wp-json\/wp\/v2\/media?parent=29049"}],"wp:term":[{"taxonomy":"product_brand","embeddable":true,"href":"https:\/\/parcavs.com\/index.php\/wp-json\/wp\/v2\/product_brand?post=29049"},{"taxonomy":"product_cat","embeddable":true,"href":"https:\/\/parcavs.com\/index.php\/wp-json\/wp\/v2\/product_cat?post=29049"},{"taxonomy":"product_tag","embeddable":true,"href":"https:\/\/parcavs.com\/index.php\/wp-json\/wp\/v2\/product_tag?post=29049"}],"curies":[{"name":"wp","href":"https:\/\/api.w.org\/{rel}","templated":true}]}}