{"id":29054,"date":"2024-02-08T16:09:53","date_gmt":"2024-02-08T14:09:53","guid":{"rendered":"https:\/\/parcavs.com\/?post_type=product&#038;p=29054"},"modified":"2024-08-09T00:00:01","modified_gmt":"2024-08-08T21:00:01","slug":"hatko-d-faston-tip-izolesiz-terminal","status":"publish","type":"product","link":"https:\/\/parcavs.com\/index.php\/product\/hatko-d-faston-tip-izolesiz-terminal\/","title":{"rendered":"Hatko D Faston Tip \u0130zolesiz Terminal"},"content":{"rendered":"<p>Hatko D Faston Tip \u0130zolesiz Terminal<br \/>\n\u0130zolesiz Kablo Ucu Terminal<br \/>\n\u00dcretici Firma: Hatko<br \/>\nFiyatlar\u0131m\u0131za KDV \u00fccreti dahildir<br \/>\nAd\u0131n\u0131za fatural\u0131 olarak g\u00f6nderilecektir.<br \/>\nKargo ta\u015f\u0131ma \u00fccreti al\u0131c\u0131ya aittir.<br \/>\nAnla\u015fmal\u0131 oldu\u011fumuz kargo firmas\u0131 arac\u0131l\u0131\u011f\u0131yla<br \/>\n\u00dccret al\u0131c\u0131 olarak taraf\u0131n\u0131za g\u00f6nderilecektir.<\/p>\n","protected":false},"excerpt":{"rendered":"<p><strong>Hatko<\/strong> D <strong>Faston Tip<\/strong> \u0130zolesiz Terminal<br \/>\n<strong>\u0130zolesiz Kablo<\/strong> Ucu Terminal<br \/>\n\u00dcretici Firma: <strong>Hatko<\/strong><br \/>\nFiyatlar\u0131m\u0131za <strong>KDV<\/strong> \u00fccreti dahildir<br \/>\nAd\u0131n\u0131za <strong>fatural\u0131<\/strong> olarak g\u00f6nderilecektir.<br \/>\n<strong>Kargo<\/strong> ta\u015f\u0131ma \u00fccreti <strong>al\u0131c\u0131ya<\/strong> aittir.<\/p>\n","protected":false},"featured_media":29055,"comment_status":"open","ping_status":"closed","template":"","meta":{"_monsterinsights_skip_tracking":false,"_monsterinsights_sitenote_active":false,"_monsterinsights_sitenote_note":"","_monsterinsights_sitenote_category":0},"product_brand":[],"product_cat":[15],"product_tag":[8703,8686,8704],"class_list":{"0":"post-29054","1":"product","2":"type-product","3":"status-publish","4":"has-post-thumbnail","6":"product_cat-diger","7":"product_tag-faston-tip-izolesiz-terminal","8":"product_tag-hatko","9":"product_tag-izolesiz-kablo-ucu-terminal","11":"first","12":"instock","13":"taxable","14":"shipping-taxable","15":"purchasable","16":"product-type-simple"},"_links":{"self":[{"href":"https:\/\/parcavs.com\/index.php\/wp-json\/wp\/v2\/product\/29054","targetHints":{"allow":["GET"]}}],"collection":[{"href":"https:\/\/parcavs.com\/index.php\/wp-json\/wp\/v2\/product"}],"about":[{"href":"https:\/\/parcavs.com\/index.php\/wp-json\/wp\/v2\/types\/product"}],"replies":[{"embeddable":true,"href":"https:\/\/parcavs.com\/index.php\/wp-json\/wp\/v2\/comments?post=29054"}],"version-history":[{"count":1,"href":"https:\/\/parcavs.com\/index.php\/wp-json\/wp\/v2\/product\/29054\/revisions"}],"predecessor-version":[{"id":29056,"href":"https:\/\/parcavs.com\/index.php\/wp-json\/wp\/v2\/product\/29054\/revisions\/29056"}],"wp:featuredmedia":[{"embeddable":true,"href":"https:\/\/parcavs.com\/index.php\/wp-json\/wp\/v2\/media\/29055"}],"wp:attachment":[{"href":"https:\/\/parcavs.com\/index.php\/wp-json\/wp\/v2\/media?parent=29054"}],"wp:term":[{"taxonomy":"product_brand","embeddable":true,"href":"https:\/\/parcavs.com\/index.php\/wp-json\/wp\/v2\/product_brand?post=29054"},{"taxonomy":"product_cat","embeddable":true,"href":"https:\/\/parcavs.com\/index.php\/wp-json\/wp\/v2\/product_cat?post=29054"},{"taxonomy":"product_tag","embeddable":true,"href":"https:\/\/parcavs.com\/index.php\/wp-json\/wp\/v2\/product_tag?post=29054"}],"curies":[{"name":"wp","href":"https:\/\/api.w.org\/{rel}","templated":true}]}}