{"id":29154,"date":"2024-02-10T09:16:24","date_gmt":"2024-02-10T07:16:24","guid":{"rendered":"https:\/\/parcavs.com\/?post_type=product&#038;p=29154"},"modified":"2024-08-11T00:00:17","modified_gmt":"2024-08-10T21:00:17","slug":"askam-dodge-as950-as700-on-sag-ciftli-komple-far-10636e","status":"publish","type":"product","link":"https:\/\/parcavs.com\/index.php\/product\/askam-dodge-as950-as700-on-sag-ciftli-komple-far-10636e\/","title":{"rendered":"Askam Dodge As950 As700 \u00d6n Sa\u011f \u00c7iftli Komple Far 10636E"},"content":{"rendered":"<p>10636E Askam Dodge As950 As700 \u00d6n Sa\u011f \u00c7iftli Komple Far<br \/>\n\u00c7iftli Komple \u00d6n Sa\u011f Far Askam Dodge<br \/>\n\u00dcretici Firma: Farba 10636E<br \/>\nAmpul Cinsi: H1-H4<br \/>\nFiyatlar\u0131m\u0131za KDV \u00fccreti dahildir<br \/>\nAd\u0131n\u0131za fatural\u0131 olarak g\u00f6nderilecektir.<br \/>\nKargo ta\u015f\u0131ma \u00fccreti al\u0131c\u0131ya aittir.<br \/>\nAnla\u015fmal\u0131 oldu\u011fumuz kargo firmas\u0131 arac\u0131l\u0131\u011f\u0131yla<br \/>\n\u00dccret al\u0131c\u0131 olarak taraf\u0131n\u0131za g\u00f6nderilecektir.<\/p>\n<p>&nbsp;<\/p>\n","protected":false},"excerpt":{"rendered":"<p><strong>10636E<\/strong> Askam Dodge <strong>As950<\/strong> As700 <strong>\u00d6n Sa\u011f \u00c7iftli Komple Far<\/strong><br \/>\n<strong>\u00c7iftli Komple \u00d6n Sa\u011f Far<\/strong> Askam <strong>Dodge<\/strong><br \/>\n\u00dcretici Firma: <strong>Farba 10636E<\/strong><br \/>\nAmpul Cinsi: <strong>H1-H4<\/strong><br \/>\nFiyatlar\u0131m\u0131za <strong>KDV<\/strong> \u00fccreti dahildir<br \/>\nAd\u0131n\u0131za <strong>fatural\u0131<\/strong> olarak g\u00f6nderilecektir.<br \/>\n<strong>Kargo<\/strong> ta\u015f\u0131ma \u00fccreti <strong>al\u0131c\u0131ya<\/strong> aittir.<\/p>\n","protected":false},"featured_media":29155,"comment_status":"open","ping_status":"closed","template":"","meta":{"_monsterinsights_skip_tracking":false,"_monsterinsights_sitenote_active":false,"_monsterinsights_sitenote_note":"","_monsterinsights_sitenote_category":0},"product_brand":[],"product_cat":[15],"product_tag":[8817,8813,8812,8811,8815,4975,8816,8814],"class_list":{"0":"post-29154","1":"product","2":"type-product","3":"status-publish","4":"has-post-thumbnail","6":"product_cat-diger","7":"product_tag-10636e","8":"product_tag-as700","9":"product_tag-as950","10":"product_tag-askam","11":"product_tag-ciftli-komple-on-sag-far","12":"product_tag-dodge","13":"product_tag-farba-10636e","14":"product_tag-on-sag-ciftli-komple-far","16":"first","17":"instock","18":"taxable","19":"shipping-taxable","20":"purchasable","21":"product-type-simple"},"_links":{"self":[{"href":"https:\/\/parcavs.com\/index.php\/wp-json\/wp\/v2\/product\/29154","targetHints":{"allow":["GET"]}}],"collection":[{"href":"https:\/\/parcavs.com\/index.php\/wp-json\/wp\/v2\/product"}],"about":[{"href":"https:\/\/parcavs.com\/index.php\/wp-json\/wp\/v2\/types\/product"}],"replies":[{"embeddable":true,"href":"https:\/\/parcavs.com\/index.php\/wp-json\/wp\/v2\/comments?post=29154"}],"version-history":[{"count":1,"href":"https:\/\/parcavs.com\/index.php\/wp-json\/wp\/v2\/product\/29154\/revisions"}],"predecessor-version":[{"id":29157,"href":"https:\/\/parcavs.com\/index.php\/wp-json\/wp\/v2\/product\/29154\/revisions\/29157"}],"wp:featuredmedia":[{"embeddable":true,"href":"https:\/\/parcavs.com\/index.php\/wp-json\/wp\/v2\/media\/29155"}],"wp:attachment":[{"href":"https:\/\/parcavs.com\/index.php\/wp-json\/wp\/v2\/media?parent=29154"}],"wp:term":[{"taxonomy":"product_brand","embeddable":true,"href":"https:\/\/parcavs.com\/index.php\/wp-json\/wp\/v2\/product_brand?post=29154"},{"taxonomy":"product_cat","embeddable":true,"href":"https:\/\/parcavs.com\/index.php\/wp-json\/wp\/v2\/product_cat?post=29154"},{"taxonomy":"product_tag","embeddable":true,"href":"https:\/\/parcavs.com\/index.php\/wp-json\/wp\/v2\/product_tag?post=29154"}],"curies":[{"name":"wp","href":"https:\/\/api.w.org\/{rel}","templated":true}]}}