{"id":29202,"date":"2024-02-10T14:47:09","date_gmt":"2024-02-10T12:47:09","guid":{"rendered":"https:\/\/parcavs.com\/?post_type=product&#038;p=29202"},"modified":"2024-08-11T00:00:18","modified_gmt":"2024-08-10T21:00:18","slug":"matsushita-ca1a-dc24v-caca1224-1-role-10719","status":"publish","type":"product","link":"https:\/\/parcavs.com\/index.php\/product\/matsushita-ca1a-dc24v-caca1224-1-role-10719\/","title":{"rendered":"Matsushita CA1A-DC24V-CACA1224-1 R\u00f6le 10719"},"content":{"rendered":"<p>10719 Matsushita CA1A-DC24V-CACA1224-1 R\u00f6le<br \/>\nR\u00f6le Matsushita<br \/>\n\u00dcretici Firma: Matsushita 10719<br \/>\nFiyatlar\u0131m\u0131za KDV \u00fccreti dahildir<br \/>\nAd\u0131n\u0131za fatural\u0131 olarak g\u00f6nderilecektir.<br \/>\nKargo ta\u015f\u0131ma \u00fccreti al\u0131c\u0131ya aittir.<br \/>\nAnla\u015fmal\u0131 oldu\u011fumuz kargo firmas\u0131 arac\u0131l\u0131\u011f\u0131yla<br \/>\n\u00dccret al\u0131c\u0131 olarak taraf\u0131n\u0131za g\u00f6nderilecektir.<\/p>\n<p>&nbsp;<\/p>\n","protected":false},"excerpt":{"rendered":"<p><strong>10719<\/strong> Matsushita CA1A-DC24V-CACA1224-1 <strong>R\u00f6le<\/strong><br \/>\n<strong>R\u00f6le<\/strong> Matsushita<br \/>\n\u00dcretici Firma: <strong>Matsushita 10719<\/strong><br \/>\nFiyatlar\u0131m\u0131za <strong>KDV<\/strong> \u00fccreti dahildir<br \/>\nAd\u0131n\u0131za <strong>fatural\u0131<\/strong> olarak g\u00f6nderilecektir.<br \/>\n<strong>Kargo<\/strong> ta\u015f\u0131ma \u00fccreti <strong>al\u0131c\u0131ya<\/strong> aittir.<\/p>\n","protected":false},"featured_media":29203,"comment_status":"open","ping_status":"closed","template":"","meta":{"_monsterinsights_skip_tracking":false,"_monsterinsights_sitenote_active":false,"_monsterinsights_sitenote_note":"","_monsterinsights_sitenote_category":0},"product_brand":[],"product_cat":[15],"product_tag":[8852,8850,8849,8851,179],"class_list":{"0":"post-29202","1":"product","2":"type-product","3":"status-publish","4":"has-post-thumbnail","6":"product_cat-diger","7":"product_tag-8852","8":"product_tag-ca1a-dc24v-caca1224-1","9":"product_tag-matsushita","10":"product_tag-matsushita-10719","11":"product_tag-role","13":"first","14":"instock","15":"taxable","16":"shipping-taxable","17":"purchasable","18":"product-type-simple"},"_links":{"self":[{"href":"https:\/\/parcavs.com\/index.php\/wp-json\/wp\/v2\/product\/29202","targetHints":{"allow":["GET"]}}],"collection":[{"href":"https:\/\/parcavs.com\/index.php\/wp-json\/wp\/v2\/product"}],"about":[{"href":"https:\/\/parcavs.com\/index.php\/wp-json\/wp\/v2\/types\/product"}],"replies":[{"embeddable":true,"href":"https:\/\/parcavs.com\/index.php\/wp-json\/wp\/v2\/comments?post=29202"}],"version-history":[{"count":2,"href":"https:\/\/parcavs.com\/index.php\/wp-json\/wp\/v2\/product\/29202\/revisions"}],"predecessor-version":[{"id":29205,"href":"https:\/\/parcavs.com\/index.php\/wp-json\/wp\/v2\/product\/29202\/revisions\/29205"}],"wp:featuredmedia":[{"embeddable":true,"href":"https:\/\/parcavs.com\/index.php\/wp-json\/wp\/v2\/media\/29203"}],"wp:attachment":[{"href":"https:\/\/parcavs.com\/index.php\/wp-json\/wp\/v2\/media?parent=29202"}],"wp:term":[{"taxonomy":"product_brand","embeddable":true,"href":"https:\/\/parcavs.com\/index.php\/wp-json\/wp\/v2\/product_brand?post=29202"},{"taxonomy":"product_cat","embeddable":true,"href":"https:\/\/parcavs.com\/index.php\/wp-json\/wp\/v2\/product_cat?post=29202"},{"taxonomy":"product_tag","embeddable":true,"href":"https:\/\/parcavs.com\/index.php\/wp-json\/wp\/v2\/product_tag?post=29202"}],"curies":[{"name":"wp","href":"https:\/\/api.w.org\/{rel}","templated":true}]}}