{"id":29243,"date":"2024-02-12T16:25:25","date_gmt":"2024-02-12T14:25:25","guid":{"rendered":"https:\/\/parcavs.com\/?post_type=product&#038;p=29243"},"modified":"2024-11-11T13:41:35","modified_gmt":"2024-11-11T11:41:35","slug":"volkswagen-transporter-5-04-10-sol-on-far-7h1941015n","status":"publish","type":"product","link":"https:\/\/parcavs.com\/index.php\/product\/volkswagen-transporter-5-04-10-sol-on-far-7h1941015n\/","title":{"rendered":"VolksWagen Transporter 5 04\/10 Sol \u00d6n Far 7H1941015N"},"content":{"rendered":"<p>7H1941015N VolksWagen Transporter 5 04\/10 Sol \u00d6n Far<br \/>\n\u00d6n Far Sol VolksWagen<br \/>\n\u00dcretici Firma : Magneti Marelli<br \/>\nFiyatlar\u0131m\u0131za KDV \u00fccreti dahildir<br \/>\nAd\u0131n\u0131za fatural\u0131 olarak g\u00f6nderilecektir.<br \/>\nKargo ta\u015f\u0131ma \u00fccreti al\u0131c\u0131ya aittir.<br \/>\nAnla\u015fmal\u0131 oldu\u011fumuz kargo firmas\u0131 arac\u0131l\u0131\u011f\u0131yla<br \/>\n\u00dccret al\u0131c\u0131 olarak taraf\u0131n\u0131za g\u00f6nderilecektir.<\/p>\n<p>&nbsp;<\/p>\n","protected":false},"excerpt":{"rendered":"<p><strong>7H1941015N<\/strong> VolksWagen <strong>Transporter<\/strong> 5 04\/10<strong> Sol \u00d6n Far<\/strong><br \/>\n<strong>\u00d6n Far Sol<\/strong> VolksWagen<br \/>\n\u00dcretici Firma : <strong>Magneti Marelli<\/strong><br \/>\nFiyatlar\u0131m\u0131za <strong>KDV<\/strong> \u00fccreti dahildir<br \/>\nAd\u0131n\u0131za <strong>fatural\u0131<\/strong> olarak g\u00f6nderilecektir.<br \/>\n<strong>Kargo<\/strong> ta\u015f\u0131ma \u00fccreti <strong>al\u0131c\u0131ya<\/strong> aittir.<\/p>\n","protected":false},"featured_media":29245,"comment_status":"open","ping_status":"closed","template":"","meta":{"_monsterinsights_skip_tracking":false,"_monsterinsights_sitenote_active":false,"_monsterinsights_sitenote_note":"","_monsterinsights_sitenote_category":0},"product_brand":[],"product_cat":[16038],"product_tag":[8879,3626,8363,8881,1046,8880,8876,8877,8878,4219],"class_list":{"0":"post-29243","1":"product","2":"type-product","3":"status-publish","4":"has-post-thumbnail","6":"product_cat-volkswagen-grubu","7":"product_tag-7h1941015n","8":"product_tag-far-sol","9":"product_tag-magneti-marelli","10":"product_tag-on-far-sol","11":"product_tag-sol-far","12":"product_tag-sol-on-far","13":"product_tag-transporter","14":"product_tag-transporter-5","15":"product_tag-transporter-5-04-10","16":"product_tag-volkswagen","18":"first","19":"instock","20":"taxable","21":"shipping-taxable","22":"purchasable","23":"product-type-simple"},"_links":{"self":[{"href":"https:\/\/parcavs.com\/index.php\/wp-json\/wp\/v2\/product\/29243","targetHints":{"allow":["GET"]}}],"collection":[{"href":"https:\/\/parcavs.com\/index.php\/wp-json\/wp\/v2\/product"}],"about":[{"href":"https:\/\/parcavs.com\/index.php\/wp-json\/wp\/v2\/types\/product"}],"replies":[{"embeddable":true,"href":"https:\/\/parcavs.com\/index.php\/wp-json\/wp\/v2\/comments?post=29243"}],"version-history":[{"count":1,"href":"https:\/\/parcavs.com\/index.php\/wp-json\/wp\/v2\/product\/29243\/revisions"}],"predecessor-version":[{"id":29248,"href":"https:\/\/parcavs.com\/index.php\/wp-json\/wp\/v2\/product\/29243\/revisions\/29248"}],"wp:featuredmedia":[{"embeddable":true,"href":"https:\/\/parcavs.com\/index.php\/wp-json\/wp\/v2\/media\/29245"}],"wp:attachment":[{"href":"https:\/\/parcavs.com\/index.php\/wp-json\/wp\/v2\/media?parent=29243"}],"wp:term":[{"taxonomy":"product_brand","embeddable":true,"href":"https:\/\/parcavs.com\/index.php\/wp-json\/wp\/v2\/product_brand?post=29243"},{"taxonomy":"product_cat","embeddable":true,"href":"https:\/\/parcavs.com\/index.php\/wp-json\/wp\/v2\/product_cat?post=29243"},{"taxonomy":"product_tag","embeddable":true,"href":"https:\/\/parcavs.com\/index.php\/wp-json\/wp\/v2\/product_tag?post=29243"}],"curies":[{"name":"wp","href":"https:\/\/api.w.org\/{rel}","templated":true}]}}