{"id":29324,"date":"2024-02-13T16:18:17","date_gmt":"2024-02-13T14:18:17","guid":{"rendered":"https:\/\/parcavs.com\/?post_type=product&#038;p=29324"},"modified":"2024-08-14T00:00:09","modified_gmt":"2024-08-13T21:00:09","slug":"emek-beyaz-plastik-cirt-kelepce-kablo-9-0-x-1000mm","status":"publish","type":"product","link":"https:\/\/parcavs.com\/index.php\/product\/emek-beyaz-plastik-cirt-kelepce-kablo-9-0-x-1000mm\/","title":{"rendered":"Emek Beyaz Plastik C\u0131rt Kelep\u00e7e Kablo 9.0 x 1000mm"},"content":{"rendered":"<p>Emek Beyaz Plastik C\u0131rt Kelep\u00e7e Kablo 9.0 x 1000mm<br \/>\nC\u0131rt Kelep\u00e7e Kablo Beyaz Plastik<br \/>\n\u00dcretici Firma: Emek<br \/>\nFiyatlar\u0131m\u0131za KDV \u00fccreti dahildir<br \/>\nAd\u0131n\u0131za fatural\u0131 olarak g\u00f6nderilecektir.<br \/>\nKargo ta\u015f\u0131ma \u00fccreti al\u0131c\u0131ya aittir.<br \/>\nAnla\u015fmal\u0131 oldu\u011fumuz kargo firmas\u0131 arac\u0131l\u0131\u011f\u0131yla<br \/>\n\u00dccret al\u0131c\u0131 olarak taraf\u0131n\u0131za g\u00f6nderilecektir.<\/p>\n<p>&nbsp;<\/p>\n","protected":false},"excerpt":{"rendered":"<p><strong>Emek<\/strong> Beyaz Plastik<strong> C\u0131rt Kelep\u00e7e Kablo 9.0 x 1000mm<\/strong><br \/>\nC\u0131rt Kelep\u00e7e Kablo <strong>Beyaz Plastik<\/strong><br \/>\n\u00dcretici Firma: <strong>Emek<\/strong><br \/>\nFiyatlar\u0131m\u0131za <strong>KDV<\/strong> \u00fccreti dahildir<br \/>\nAd\u0131n\u0131za <strong>fatural\u0131<\/strong> olarak g\u00f6nderilecektir.<br \/>\n<strong>Kargo<\/strong> ta\u015f\u0131ma \u00fccreti <strong>al\u0131c\u0131ya<\/strong> aittir.<\/p>\n","protected":false},"featured_media":29325,"comment_status":"open","ping_status":"closed","template":"","meta":{"_monsterinsights_skip_tracking":false,"_monsterinsights_sitenote_active":false,"_monsterinsights_sitenote_note":"","_monsterinsights_sitenote_category":0},"product_brand":[],"product_cat":[15],"product_tag":[8941,8942,8943],"class_list":{"0":"post-29324","1":"product","2":"type-product","3":"status-publish","4":"has-post-thumbnail","6":"product_cat-diger","7":"product_tag-beyaz-plastik-cirt-kelepce","8":"product_tag-beyaz-plastik-cirt-kelepce-kablo-9-0-x-1000mm","9":"product_tag-cirt-kelepce-kablo-beyaz-plastik","11":"first","12":"instock","13":"taxable","14":"shipping-taxable","15":"purchasable","16":"product-type-simple"},"_links":{"self":[{"href":"https:\/\/parcavs.com\/index.php\/wp-json\/wp\/v2\/product\/29324","targetHints":{"allow":["GET"]}}],"collection":[{"href":"https:\/\/parcavs.com\/index.php\/wp-json\/wp\/v2\/product"}],"about":[{"href":"https:\/\/parcavs.com\/index.php\/wp-json\/wp\/v2\/types\/product"}],"replies":[{"embeddable":true,"href":"https:\/\/parcavs.com\/index.php\/wp-json\/wp\/v2\/comments?post=29324"}],"version-history":[{"count":1,"href":"https:\/\/parcavs.com\/index.php\/wp-json\/wp\/v2\/product\/29324\/revisions"}],"predecessor-version":[{"id":29326,"href":"https:\/\/parcavs.com\/index.php\/wp-json\/wp\/v2\/product\/29324\/revisions\/29326"}],"wp:featuredmedia":[{"embeddable":true,"href":"https:\/\/parcavs.com\/index.php\/wp-json\/wp\/v2\/media\/29325"}],"wp:attachment":[{"href":"https:\/\/parcavs.com\/index.php\/wp-json\/wp\/v2\/media?parent=29324"}],"wp:term":[{"taxonomy":"product_brand","embeddable":true,"href":"https:\/\/parcavs.com\/index.php\/wp-json\/wp\/v2\/product_brand?post=29324"},{"taxonomy":"product_cat","embeddable":true,"href":"https:\/\/parcavs.com\/index.php\/wp-json\/wp\/v2\/product_cat?post=29324"},{"taxonomy":"product_tag","embeddable":true,"href":"https:\/\/parcavs.com\/index.php\/wp-json\/wp\/v2\/product_tag?post=29324"}],"curies":[{"name":"wp","href":"https:\/\/api.w.org\/{rel}","templated":true}]}}