{"id":29348,"date":"2024-02-14T10:21:48","date_gmt":"2024-02-14T08:21:48","guid":{"rendered":"https:\/\/parcavs.com\/?post_type=product&#038;p=29348"},"modified":"2024-02-14T10:21:49","modified_gmt":"2024-02-14T08:21:49","slug":"sel-celik-tel-orgulu-hidrolik-hortum-1-metre","status":"publish","type":"product","link":"https:\/\/parcavs.com\/index.php\/product\/sel-celik-tel-orgulu-hidrolik-hortum-1-metre\/","title":{"rendered":"Sel \u00c7elik Tel \u00d6rg\u00fcl\u00fc Hidrolik Hortum 1 metre"},"content":{"rendered":"<p>Sel \u00c7elik Tel \u00d6rg\u00fcl\u00fc Hidrolik Hortum 1,50 metre<br \/>\nHidrolik \u00c7elik Tel \u00d6rg\u00fcl\u00fc Hortum<br \/>\n\u00dcretici Firma: Sel<br \/>\nFiyatlar\u0131m\u0131za KDV \u00fccreti dahildir<br \/>\nAd\u0131n\u0131za fatural\u0131 olarak g\u00f6nderilecektir.<br \/>\nKargo ta\u015f\u0131ma \u00fccreti al\u0131c\u0131ya aittir.<br \/>\nAnla\u015fmal\u0131 oldu\u011fumuz kargo firmas\u0131 arac\u0131l\u0131\u011f\u0131yla<br \/>\n\u00dccret al\u0131c\u0131 olarak taraf\u0131n\u0131za g\u00f6nderilecektir.<\/p>\n<p>&nbsp;<\/p>\n","protected":false},"excerpt":{"rendered":"<p><strong>Sel<\/strong> \u00c7elik <strong>Tel \u00d6rg\u00fcl\u00fc Hidrolik Hortum 1 metre<\/strong><br \/>\n<strong>Hidrolik \u00c7elik<\/strong> Tel \u00d6rg\u00fcl\u00fc Hortum<br \/>\n\u00dcretici Firma: <strong>Sel<\/strong><br \/>\nFiyatlar\u0131m\u0131za <strong>KDV<\/strong> \u00fccreti dahildir<br \/>\nAd\u0131n\u0131za <strong>fatural\u0131<\/strong> olarak g\u00f6nderilecektir.<br \/>\n<strong>Kargo<\/strong> ta\u015f\u0131ma \u00fccreti <strong>al\u0131c\u0131ya<\/strong> aittir.<\/p>\n","protected":false},"featured_media":29349,"comment_status":"open","ping_status":"closed","template":"","meta":{"_monsterinsights_skip_tracking":false,"_monsterinsights_sitenote_active":false,"_monsterinsights_sitenote_note":"","_monsterinsights_sitenote_category":0},"product_brand":[],"product_cat":[15],"product_tag":[8959,8958,8960],"class_list":{"0":"post-29348","1":"product","2":"type-product","3":"status-publish","4":"has-post-thumbnail","6":"product_cat-diger","7":"product_tag-hidrolik-celik","8":"product_tag-hidrolik-celik-tel-orgulu-hortum","9":"product_tag-sel-celik-tel-orgulu-hidrolik-hortum-1-metre","11":"first","12":"instock","13":"sale","14":"taxable","15":"shipping-taxable","16":"purchasable","17":"product-type-simple"},"_links":{"self":[{"href":"https:\/\/parcavs.com\/index.php\/wp-json\/wp\/v2\/product\/29348","targetHints":{"allow":["GET"]}}],"collection":[{"href":"https:\/\/parcavs.com\/index.php\/wp-json\/wp\/v2\/product"}],"about":[{"href":"https:\/\/parcavs.com\/index.php\/wp-json\/wp\/v2\/types\/product"}],"replies":[{"embeddable":true,"href":"https:\/\/parcavs.com\/index.php\/wp-json\/wp\/v2\/comments?post=29348"}],"version-history":[{"count":1,"href":"https:\/\/parcavs.com\/index.php\/wp-json\/wp\/v2\/product\/29348\/revisions"}],"predecessor-version":[{"id":29350,"href":"https:\/\/parcavs.com\/index.php\/wp-json\/wp\/v2\/product\/29348\/revisions\/29350"}],"wp:featuredmedia":[{"embeddable":true,"href":"https:\/\/parcavs.com\/index.php\/wp-json\/wp\/v2\/media\/29349"}],"wp:attachment":[{"href":"https:\/\/parcavs.com\/index.php\/wp-json\/wp\/v2\/media?parent=29348"}],"wp:term":[{"taxonomy":"product_brand","embeddable":true,"href":"https:\/\/parcavs.com\/index.php\/wp-json\/wp\/v2\/product_brand?post=29348"},{"taxonomy":"product_cat","embeddable":true,"href":"https:\/\/parcavs.com\/index.php\/wp-json\/wp\/v2\/product_cat?post=29348"},{"taxonomy":"product_tag","embeddable":true,"href":"https:\/\/parcavs.com\/index.php\/wp-json\/wp\/v2\/product_tag?post=29348"}],"curies":[{"name":"wp","href":"https:\/\/api.w.org\/{rel}","templated":true}]}}