{"id":29472,"date":"2024-02-15T16:26:12","date_gmt":"2024-02-15T14:26:12","guid":{"rendered":"https:\/\/parcavs.com\/?post_type=product&#038;p=29472"},"modified":"2024-08-16T00:00:23","modified_gmt":"2024-08-15T21:00:23","slug":"cetin-m14x70-pln-din-931-8-8-civata-0612215","status":"publish","type":"product","link":"https:\/\/parcavs.com\/index.php\/product\/cetin-m14x70-pln-din-931-8-8-civata-0612215\/","title":{"rendered":"\u00c7etin M14x70\/PLN D\u0131n 931\/8.8 Civata 0612215"},"content":{"rendered":"<p>0612215 \u00c7etin M14x70\/PLN D\u0131n 931\/8.8 Civata<br \/>\nCivata D\u0131n 931\/8.8<br \/>\n\u00dcretici Firma: \u00c7etin<br \/>\nFiyatlar\u0131m\u0131za KDV \u00fccreti dahildir<br \/>\nAd\u0131n\u0131za fatural\u0131 olarak g\u00f6nderilecektir.<br \/>\nKargo ta\u015f\u0131ma \u00fccreti al\u0131c\u0131ya aittir.<br \/>\nAnla\u015fmal\u0131 oldu\u011fumuz kargo firmas\u0131 arac\u0131l\u0131\u011f\u0131yla<br \/>\n\u00dccret al\u0131c\u0131 olarak taraf\u0131n\u0131za g\u00f6nderilecektir.<\/p>\n<p>&nbsp;<\/p>\n","protected":false},"excerpt":{"rendered":"<p><strong>0612215 <\/strong>\u00c7etin <strong>M14x70<\/strong>\/PLN D\u0131n 931\/8.8 <strong>Civata\u00a0<\/strong><br \/>\n<strong>Civata<\/strong> D\u0131n 931\/8.8<br \/>\n\u00dcretici Firma: <strong>\u00c7etin<\/strong><br \/>\nFiyatlar\u0131m\u0131za <strong>KDV<\/strong> \u00fccreti dahildir<br \/>\nAd\u0131n\u0131za <strong>fatural\u0131<\/strong> olarak g\u00f6nderilecektir.<br \/>\n<strong>Kargo<\/strong> ta\u015f\u0131ma \u00fccreti <strong>al\u0131c\u0131ya<\/strong> aittir.<\/p>\n","protected":false},"featured_media":29473,"comment_status":"open","ping_status":"closed","template":"","meta":{"_monsterinsights_skip_tracking":false,"_monsterinsights_sitenote_active":false,"_monsterinsights_sitenote_note":"","_monsterinsights_sitenote_category":0},"product_brand":[],"product_cat":[39],"product_tag":[9042,9026,227,9039,9040,9041],"class_list":{"0":"post-29472","1":"product","2":"type-product","3":"status-publish","4":"has-post-thumbnail","6":"product_cat-civata-grubu","7":"product_tag-9042","8":"product_tag-cetin","9":"product_tag-civata","10":"product_tag-m14x70-pln","11":"product_tag-m14x70-pln-din-931-8-8","12":"product_tag-m14x70-pln-din-931-8-8-civata","14":"first","15":"instock","16":"taxable","17":"shipping-taxable","18":"purchasable","19":"product-type-simple"},"_links":{"self":[{"href":"https:\/\/parcavs.com\/index.php\/wp-json\/wp\/v2\/product\/29472","targetHints":{"allow":["GET"]}}],"collection":[{"href":"https:\/\/parcavs.com\/index.php\/wp-json\/wp\/v2\/product"}],"about":[{"href":"https:\/\/parcavs.com\/index.php\/wp-json\/wp\/v2\/types\/product"}],"replies":[{"embeddable":true,"href":"https:\/\/parcavs.com\/index.php\/wp-json\/wp\/v2\/comments?post=29472"}],"version-history":[{"count":1,"href":"https:\/\/parcavs.com\/index.php\/wp-json\/wp\/v2\/product\/29472\/revisions"}],"predecessor-version":[{"id":29474,"href":"https:\/\/parcavs.com\/index.php\/wp-json\/wp\/v2\/product\/29472\/revisions\/29474"}],"wp:featuredmedia":[{"embeddable":true,"href":"https:\/\/parcavs.com\/index.php\/wp-json\/wp\/v2\/media\/29473"}],"wp:attachment":[{"href":"https:\/\/parcavs.com\/index.php\/wp-json\/wp\/v2\/media?parent=29472"}],"wp:term":[{"taxonomy":"product_brand","embeddable":true,"href":"https:\/\/parcavs.com\/index.php\/wp-json\/wp\/v2\/product_brand?post=29472"},{"taxonomy":"product_cat","embeddable":true,"href":"https:\/\/parcavs.com\/index.php\/wp-json\/wp\/v2\/product_cat?post=29472"},{"taxonomy":"product_tag","embeddable":true,"href":"https:\/\/parcavs.com\/index.php\/wp-json\/wp\/v2\/product_tag?post=29472"}],"curies":[{"name":"wp","href":"https:\/\/api.w.org\/{rel}","templated":true}]}}