{"id":29493,"date":"2024-02-16T09:51:51","date_gmt":"2024-02-16T07:51:51","guid":{"rendered":"https:\/\/parcavs.com\/?post_type=product&#038;p=29493"},"modified":"2024-08-17T00:00:14","modified_gmt":"2024-08-16T21:00:14","slug":"cetin-m12x110-din-931-8-8-siyah-civata-062738","status":"publish","type":"product","link":"https:\/\/parcavs.com\/index.php\/product\/cetin-m12x110-din-931-8-8-siyah-civata-062738\/","title":{"rendered":"\u00c7etin M12X110 D\u0131n 931\/8.8 Siyah Civata 062738"},"content":{"rendered":"<p>062738 \u00c7etin M12X110 D\u0131n 931\/8.8 Siyah Civata<br \/>\nSiyah\u00a0 Civata M12X110<br \/>\n\u00dcretici Firma: \u00c7etin<br \/>\nFiyatlar\u0131m\u0131za KDV \u00fccreti dahildir<br \/>\nAd\u0131n\u0131za fatural\u0131 olarak g\u00f6nderilecektir.<br \/>\nKargo ta\u015f\u0131ma \u00fccreti al\u0131c\u0131ya aittir.<br \/>\nAnla\u015fmal\u0131 oldu\u011fumuz kargo firmas\u0131 arac\u0131l\u0131\u011f\u0131yla<br \/>\n\u00dccret al\u0131c\u0131 olarak taraf\u0131n\u0131za g\u00f6nderilecektir.<\/p>\n<p>&nbsp;<\/p>\n","protected":false},"excerpt":{"rendered":"<p><strong>062738<\/strong> \u00c7etin M12X110 <strong>D\u0131n 931\/8.8 Siyah Civata<\/strong><br \/>\nSiyah\u00a0 Civata <strong>M12X110<\/strong><br \/>\n\u00dcretici Firma: <strong>\u00c7etin<\/strong><br \/>\nFiyatlar\u0131m\u0131za <strong>KDV<\/strong> \u00fccreti dahildir<br \/>\nAd\u0131n\u0131za <strong>fatural\u0131<\/strong> olarak g\u00f6nderilecektir.<br \/>\n<strong>Kargo<\/strong> ta\u015f\u0131ma \u00fccreti <strong>al\u0131c\u0131ya<\/strong> aittir.<\/p>\n","protected":false},"featured_media":29494,"comment_status":"open","ping_status":"closed","template":"","meta":{"_monsterinsights_skip_tracking":false,"_monsterinsights_sitenote_active":false,"_monsterinsights_sitenote_note":"","_monsterinsights_sitenote_category":0},"product_brand":[],"product_cat":[39],"product_tag":[9063,9026,9056,9062],"class_list":{"0":"post-29493","1":"product","2":"type-product","3":"status-publish","4":"has-post-thumbnail","6":"product_cat-civata-grubu","7":"product_tag-9063","8":"product_tag-cetin","9":"product_tag-din-931-8-8-siyah-civata","10":"product_tag-m12x110","12":"first","13":"instock","14":"taxable","15":"shipping-taxable","16":"purchasable","17":"product-type-simple"},"_links":{"self":[{"href":"https:\/\/parcavs.com\/index.php\/wp-json\/wp\/v2\/product\/29493","targetHints":{"allow":["GET"]}}],"collection":[{"href":"https:\/\/parcavs.com\/index.php\/wp-json\/wp\/v2\/product"}],"about":[{"href":"https:\/\/parcavs.com\/index.php\/wp-json\/wp\/v2\/types\/product"}],"replies":[{"embeddable":true,"href":"https:\/\/parcavs.com\/index.php\/wp-json\/wp\/v2\/comments?post=29493"}],"version-history":[{"count":1,"href":"https:\/\/parcavs.com\/index.php\/wp-json\/wp\/v2\/product\/29493\/revisions"}],"predecessor-version":[{"id":29495,"href":"https:\/\/parcavs.com\/index.php\/wp-json\/wp\/v2\/product\/29493\/revisions\/29495"}],"wp:featuredmedia":[{"embeddable":true,"href":"https:\/\/parcavs.com\/index.php\/wp-json\/wp\/v2\/media\/29494"}],"wp:attachment":[{"href":"https:\/\/parcavs.com\/index.php\/wp-json\/wp\/v2\/media?parent=29493"}],"wp:term":[{"taxonomy":"product_brand","embeddable":true,"href":"https:\/\/parcavs.com\/index.php\/wp-json\/wp\/v2\/product_brand?post=29493"},{"taxonomy":"product_cat","embeddable":true,"href":"https:\/\/parcavs.com\/index.php\/wp-json\/wp\/v2\/product_cat?post=29493"},{"taxonomy":"product_tag","embeddable":true,"href":"https:\/\/parcavs.com\/index.php\/wp-json\/wp\/v2\/product_tag?post=29493"}],"curies":[{"name":"wp","href":"https:\/\/api.w.org\/{rel}","templated":true}]}}