{"id":29503,"date":"2024-02-16T10:22:44","date_gmt":"2024-02-16T08:22:44","guid":{"rendered":"https:\/\/parcavs.com\/?post_type=product&#038;p=29503"},"modified":"2024-08-17T00:00:14","modified_gmt":"2024-08-16T21:00:14","slug":"sara-m12x60-din-931-8-8-siyah-civata-20064850","status":"publish","type":"product","link":"https:\/\/parcavs.com\/index.php\/product\/sara-m12x60-din-931-8-8-siyah-civata-20064850\/","title":{"rendered":"\u015eara M12X60 D\u0131n 931\/8.8 Siyah Civata 20064850"},"content":{"rendered":"<p>20064850 \u015eara M12X60 D\u0131n 931\/8.8 Siyah Civata<br \/>\nSiyah\u00a0 Civata M12X60<br \/>\n\u00dcretici Firma: \u015eara<br \/>\nFiyatlar\u0131m\u0131za KDV \u00fccreti dahildir<br \/>\nAd\u0131n\u0131za fatural\u0131 olarak g\u00f6nderilecektir.<br \/>\nKargo ta\u015f\u0131ma \u00fccreti al\u0131c\u0131ya aittir.<br \/>\nAnla\u015fmal\u0131 oldu\u011fumuz kargo firmas\u0131 arac\u0131l\u0131\u011f\u0131yla<br \/>\n\u00dccret al\u0131c\u0131 olarak taraf\u0131n\u0131za g\u00f6nderilecektir.<\/p>\n<p>&nbsp;<\/p>\n","protected":false},"excerpt":{"rendered":"<p><strong>20064850<\/strong> \u015eara M12X60 <strong>D\u0131n 931\/8.8 Siyah Civata<\/strong><br \/>\nSiyah\u00a0 Civata<strong> M12X60<\/strong><br \/>\n\u00dcretici Firma: <strong>\u015eara<\/strong><br \/>\nFiyatlar\u0131m\u0131za <strong>KDV<\/strong> \u00fccreti dahildir<br \/>\nAd\u0131n\u0131za <strong>fatural\u0131<\/strong> olarak g\u00f6nderilecektir.<br \/>\n<strong>Kargo<\/strong> ta\u015f\u0131ma \u00fccreti <strong>al\u0131c\u0131ya<\/strong> aittir.<\/p>\n","protected":false},"featured_media":29504,"comment_status":"open","ping_status":"closed","template":"","meta":{"_monsterinsights_skip_tracking":false,"_monsterinsights_sitenote_active":false,"_monsterinsights_sitenote_note":"","_monsterinsights_sitenote_category":0},"product_brand":[],"product_cat":[39],"product_tag":[9070,9056,9069,9051],"class_list":{"0":"post-29503","1":"product","2":"type-product","3":"status-publish","4":"has-post-thumbnail","6":"product_cat-civata-grubu","7":"product_tag-9070","8":"product_tag-din-931-8-8-siyah-civata","9":"product_tag-m12x60","10":"product_tag-sara","12":"first","13":"instock","14":"taxable","15":"shipping-taxable","16":"purchasable","17":"product-type-simple"},"_links":{"self":[{"href":"https:\/\/parcavs.com\/index.php\/wp-json\/wp\/v2\/product\/29503","targetHints":{"allow":["GET"]}}],"collection":[{"href":"https:\/\/parcavs.com\/index.php\/wp-json\/wp\/v2\/product"}],"about":[{"href":"https:\/\/parcavs.com\/index.php\/wp-json\/wp\/v2\/types\/product"}],"replies":[{"embeddable":true,"href":"https:\/\/parcavs.com\/index.php\/wp-json\/wp\/v2\/comments?post=29503"}],"version-history":[{"count":1,"href":"https:\/\/parcavs.com\/index.php\/wp-json\/wp\/v2\/product\/29503\/revisions"}],"predecessor-version":[{"id":29505,"href":"https:\/\/parcavs.com\/index.php\/wp-json\/wp\/v2\/product\/29503\/revisions\/29505"}],"wp:featuredmedia":[{"embeddable":true,"href":"https:\/\/parcavs.com\/index.php\/wp-json\/wp\/v2\/media\/29504"}],"wp:attachment":[{"href":"https:\/\/parcavs.com\/index.php\/wp-json\/wp\/v2\/media?parent=29503"}],"wp:term":[{"taxonomy":"product_brand","embeddable":true,"href":"https:\/\/parcavs.com\/index.php\/wp-json\/wp\/v2\/product_brand?post=29503"},{"taxonomy":"product_cat","embeddable":true,"href":"https:\/\/parcavs.com\/index.php\/wp-json\/wp\/v2\/product_cat?post=29503"},{"taxonomy":"product_tag","embeddable":true,"href":"https:\/\/parcavs.com\/index.php\/wp-json\/wp\/v2\/product_tag?post=29503"}],"curies":[{"name":"wp","href":"https:\/\/api.w.org\/{rel}","templated":true}]}}