{"id":29549,"date":"2024-02-16T13:48:16","date_gmt":"2024-02-16T11:48:16","guid":{"rendered":"https:\/\/parcavs.com\/?post_type=product&#038;p=29549"},"modified":"2024-08-17T00:00:15","modified_gmt":"2024-08-16T21:00:15","slug":"cetin-m14x100-din-931-8-8-siyah-civata-0612326","status":"publish","type":"product","link":"https:\/\/parcavs.com\/index.php\/product\/cetin-m14x100-din-931-8-8-siyah-civata-0612326\/","title":{"rendered":"\u00c7etin M14X100 D\u0131n 931\/8.8 Siyah Civata 0612326"},"content":{"rendered":"<p>0612326 \u00c7etin M14X100 D\u0131n 931\/8.8 Siyah Civata<br \/>\nSiyah\u00a0 Civata M14X100<br \/>\n\u00dcretici Firma: \u00c7etin<br \/>\nFiyatlar\u0131m\u0131za KDV \u00fccreti dahildir<br \/>\nAd\u0131n\u0131za fatural\u0131 olarak g\u00f6nderilecektir.<br \/>\nKargo ta\u015f\u0131ma \u00fccreti al\u0131c\u0131ya aittir.<br \/>\nAnla\u015fmal\u0131 oldu\u011fumuz kargo firmas\u0131 arac\u0131l\u0131\u011f\u0131yla<br \/>\n\u00dccret al\u0131c\u0131 olarak taraf\u0131n\u0131za g\u00f6nderilecektir.<\/p>\n<p>&nbsp;<\/p>\n","protected":false},"excerpt":{"rendered":"<p><strong>0612326<\/strong> \u00c7etin M14X100 <strong>D\u0131n 931\/8.8 Siyah Civata<\/strong><br \/>\nSiyah\u00a0 Civata <strong>M14X100<\/strong><br \/>\n\u00dcretici Firma: <strong>\u00c7etin<\/strong><br \/>\nFiyatlar\u0131m\u0131za <strong>KDV<\/strong> \u00fccreti dahildir<br \/>\nAd\u0131n\u0131za <strong>fatural\u0131<\/strong> olarak g\u00f6nderilecektir.<br \/>\n<strong>Kargo<\/strong> ta\u015f\u0131ma \u00fccreti <strong>al\u0131c\u0131ya<\/strong> aittir.<\/p>\n","protected":false},"featured_media":29551,"comment_status":"open","ping_status":"closed","template":"","meta":{"_monsterinsights_skip_tracking":false,"_monsterinsights_sitenote_active":false,"_monsterinsights_sitenote_note":"","_monsterinsights_sitenote_category":0},"product_brand":[],"product_cat":[39],"product_tag":[9100,9026,9056,9099],"class_list":{"0":"post-29549","1":"product","2":"type-product","3":"status-publish","4":"has-post-thumbnail","6":"product_cat-civata-grubu","7":"product_tag-9100","8":"product_tag-cetin","9":"product_tag-din-931-8-8-siyah-civata","10":"product_tag-m14x100","12":"first","13":"instock","14":"taxable","15":"shipping-taxable","16":"purchasable","17":"product-type-simple"},"_links":{"self":[{"href":"https:\/\/parcavs.com\/index.php\/wp-json\/wp\/v2\/product\/29549","targetHints":{"allow":["GET"]}}],"collection":[{"href":"https:\/\/parcavs.com\/index.php\/wp-json\/wp\/v2\/product"}],"about":[{"href":"https:\/\/parcavs.com\/index.php\/wp-json\/wp\/v2\/types\/product"}],"replies":[{"embeddable":true,"href":"https:\/\/parcavs.com\/index.php\/wp-json\/wp\/v2\/comments?post=29549"}],"version-history":[{"count":2,"href":"https:\/\/parcavs.com\/index.php\/wp-json\/wp\/v2\/product\/29549\/revisions"}],"predecessor-version":[{"id":29566,"href":"https:\/\/parcavs.com\/index.php\/wp-json\/wp\/v2\/product\/29549\/revisions\/29566"}],"wp:featuredmedia":[{"embeddable":true,"href":"https:\/\/parcavs.com\/index.php\/wp-json\/wp\/v2\/media\/29551"}],"wp:attachment":[{"href":"https:\/\/parcavs.com\/index.php\/wp-json\/wp\/v2\/media?parent=29549"}],"wp:term":[{"taxonomy":"product_brand","embeddable":true,"href":"https:\/\/parcavs.com\/index.php\/wp-json\/wp\/v2\/product_brand?post=29549"},{"taxonomy":"product_cat","embeddable":true,"href":"https:\/\/parcavs.com\/index.php\/wp-json\/wp\/v2\/product_cat?post=29549"},{"taxonomy":"product_tag","embeddable":true,"href":"https:\/\/parcavs.com\/index.php\/wp-json\/wp\/v2\/product_tag?post=29549"}],"curies":[{"name":"wp","href":"https:\/\/api.w.org\/{rel}","templated":true}]}}