{"id":29602,"date":"2024-02-16T16:21:40","date_gmt":"2024-02-16T14:21:40","guid":{"rendered":"https:\/\/parcavs.com\/?post_type=product&#038;p=29602"},"modified":"2024-08-17T00:00:15","modified_gmt":"2024-08-16T21:00:15","slug":"ronsan-kopilya-3-5x30","status":"publish","type":"product","link":"https:\/\/parcavs.com\/index.php\/product\/ronsan-kopilya-3-5x30\/","title":{"rendered":"Ronsan Kopilya 3.5X30"},"content":{"rendered":"<p>Ronsan Kopilya 3.5X30<br \/>\n3.5X30 Kopilya<br \/>\n\u00dcretici Firma: Ronsan<br \/>\nFiyatlar\u0131m\u0131za KDV \u00fccreti dahildir<br \/>\nAd\u0131n\u0131za fatural\u0131 olarak g\u00f6nderilecektir.<br \/>\nKargo ta\u015f\u0131ma \u00fccreti al\u0131c\u0131ya aittir.<br \/>\nAnla\u015fmal\u0131 oldu\u011fumuz kargo firmas\u0131 arac\u0131l\u0131\u011f\u0131yla<br \/>\n\u00dccret al\u0131c\u0131 olarak taraf\u0131n\u0131za g\u00f6nderilecektir.<\/p>\n","protected":false},"excerpt":{"rendered":"<p><strong>Ronsan<\/strong> Kopilya <strong>3.5X30<\/strong><br \/>\n3.5X30 <strong>Kopilya<\/strong><br \/>\n\u00dcretici Firma: <strong>Ronsan<\/strong><br \/>\nFiyatlar\u0131m\u0131za <strong>KDV<\/strong> \u00fccreti dahildir<br \/>\nAd\u0131n\u0131za <strong>fatural\u0131<\/strong> olarak g\u00f6nderilecektir.<br \/>\n<strong>Kargo<\/strong> ta\u015f\u0131ma \u00fccreti <strong>al\u0131c\u0131ya<\/strong> aittir.<\/p>\n","protected":false},"featured_media":29603,"comment_status":"open","ping_status":"closed","template":"","meta":{"_monsterinsights_skip_tracking":false,"_monsterinsights_sitenote_active":false,"_monsterinsights_sitenote_note":"","_monsterinsights_sitenote_category":0},"product_brand":[],"product_cat":[39],"product_tag":[9131,9130,9129],"class_list":{"0":"post-29602","1":"product","2":"type-product","3":"status-publish","4":"has-post-thumbnail","6":"product_cat-civata-grubu","7":"product_tag-3-5x30-kopilya","8":"product_tag-kopilya-3-5x30","9":"product_tag-ronsan","11":"first","12":"instock","13":"taxable","14":"shipping-taxable","15":"purchasable","16":"product-type-simple"},"_links":{"self":[{"href":"https:\/\/parcavs.com\/index.php\/wp-json\/wp\/v2\/product\/29602","targetHints":{"allow":["GET"]}}],"collection":[{"href":"https:\/\/parcavs.com\/index.php\/wp-json\/wp\/v2\/product"}],"about":[{"href":"https:\/\/parcavs.com\/index.php\/wp-json\/wp\/v2\/types\/product"}],"replies":[{"embeddable":true,"href":"https:\/\/parcavs.com\/index.php\/wp-json\/wp\/v2\/comments?post=29602"}],"version-history":[{"count":1,"href":"https:\/\/parcavs.com\/index.php\/wp-json\/wp\/v2\/product\/29602\/revisions"}],"predecessor-version":[{"id":29604,"href":"https:\/\/parcavs.com\/index.php\/wp-json\/wp\/v2\/product\/29602\/revisions\/29604"}],"wp:featuredmedia":[{"embeddable":true,"href":"https:\/\/parcavs.com\/index.php\/wp-json\/wp\/v2\/media\/29603"}],"wp:attachment":[{"href":"https:\/\/parcavs.com\/index.php\/wp-json\/wp\/v2\/media?parent=29602"}],"wp:term":[{"taxonomy":"product_brand","embeddable":true,"href":"https:\/\/parcavs.com\/index.php\/wp-json\/wp\/v2\/product_brand?post=29602"},{"taxonomy":"product_cat","embeddable":true,"href":"https:\/\/parcavs.com\/index.php\/wp-json\/wp\/v2\/product_cat?post=29602"},{"taxonomy":"product_tag","embeddable":true,"href":"https:\/\/parcavs.com\/index.php\/wp-json\/wp\/v2\/product_tag?post=29602"}],"curies":[{"name":"wp","href":"https:\/\/api.w.org\/{rel}","templated":true}]}}