{"id":29651,"date":"2024-02-17T11:59:38","date_gmt":"2024-02-17T09:59:38","guid":{"rendered":"https:\/\/parcavs.com\/?post_type=product&#038;p=29651"},"modified":"2024-08-18T00:00:29","modified_gmt":"2024-08-17T21:00:29","slug":"vitas-4-8x22rysb-zn-din-968-siyah-sac-vidasi","status":"publish","type":"product","link":"https:\/\/parcavs.com\/index.php\/product\/vitas-4-8x22rysb-zn-din-968-siyah-sac-vidasi\/","title":{"rendered":"Vita\u015f 4.8x22RYSB ZN D\u0131n 968 Siyah Sac Vidas\u0131"},"content":{"rendered":"<p>Vita\u015f 4.8&#215;22 RYSB ZN D\u0131n 968 Siyah Sac Vidas\u0131<br \/>\nSac Vidas\u0131 Siyah 4.8&#215;22<br \/>\n\u00dcretici Firma: Vita\u015f<br \/>\nFiyatlar\u0131m\u0131za KDV \u00fccreti dahildir<br \/>\nAd\u0131n\u0131za fatural\u0131 olarak g\u00f6nderilecektir.<br \/>\nKargo ta\u015f\u0131ma \u00fccreti al\u0131c\u0131ya aittir.<br \/>\nAnla\u015fmal\u0131 oldu\u011fumuz kargo firmas\u0131 arac\u0131l\u0131\u011f\u0131yla<br \/>\n\u00dccret al\u0131c\u0131 olarak taraf\u0131n\u0131za g\u00f6nderilecektir.<\/p>\n","protected":false},"excerpt":{"rendered":"<p><strong>Vita\u015f<\/strong> 4.8&#215;22 RYSB ZN <strong>D\u0131n 968 Siyah Sac Vidas\u0131<\/strong><br \/>\nSac Vidas\u0131 Siyah\u00a0<strong>4.8&#215;22<\/strong><br \/>\n\u00dcretici Firma: <strong>Vita\u015f<\/strong><br \/>\nFiyatlar\u0131m\u0131za <strong>KDV<\/strong> \u00fccreti dahildir<br \/>\nAd\u0131n\u0131za <strong>fatural\u0131<\/strong> olarak g\u00f6nderilecektir.<br \/>\n<strong>Kargo<\/strong> ta\u015f\u0131ma \u00fccreti <strong>al\u0131c\u0131ya<\/strong> aittir.<\/p>\n","protected":false},"featured_media":29652,"comment_status":"open","ping_status":"closed","template":"","meta":{"_monsterinsights_skip_tracking":false,"_monsterinsights_sitenote_active":false,"_monsterinsights_sitenote_note":"","_monsterinsights_sitenote_category":0},"product_brand":[],"product_cat":[39],"product_tag":[9170,9172,9173,9171,9169],"class_list":{"0":"post-29651","1":"product","2":"type-product","3":"status-publish","4":"has-post-thumbnail","6":"product_cat-civata-grubu","7":"product_tag-4-8x22","8":"product_tag-4-8x22-rysb-zn-din-968","9":"product_tag-4-8x22-rysb-zn-din-968-siyah-sac-vidasi","10":"product_tag-din-968-sac-vidasi","11":"product_tag-vitas","13":"first","14":"instock","15":"taxable","16":"shipping-taxable","17":"purchasable","18":"product-type-simple"},"_links":{"self":[{"href":"https:\/\/parcavs.com\/index.php\/wp-json\/wp\/v2\/product\/29651","targetHints":{"allow":["GET"]}}],"collection":[{"href":"https:\/\/parcavs.com\/index.php\/wp-json\/wp\/v2\/product"}],"about":[{"href":"https:\/\/parcavs.com\/index.php\/wp-json\/wp\/v2\/types\/product"}],"replies":[{"embeddable":true,"href":"https:\/\/parcavs.com\/index.php\/wp-json\/wp\/v2\/comments?post=29651"}],"version-history":[{"count":1,"href":"https:\/\/parcavs.com\/index.php\/wp-json\/wp\/v2\/product\/29651\/revisions"}],"predecessor-version":[{"id":29653,"href":"https:\/\/parcavs.com\/index.php\/wp-json\/wp\/v2\/product\/29651\/revisions\/29653"}],"wp:featuredmedia":[{"embeddable":true,"href":"https:\/\/parcavs.com\/index.php\/wp-json\/wp\/v2\/media\/29652"}],"wp:attachment":[{"href":"https:\/\/parcavs.com\/index.php\/wp-json\/wp\/v2\/media?parent=29651"}],"wp:term":[{"taxonomy":"product_brand","embeddable":true,"href":"https:\/\/parcavs.com\/index.php\/wp-json\/wp\/v2\/product_brand?post=29651"},{"taxonomy":"product_cat","embeddable":true,"href":"https:\/\/parcavs.com\/index.php\/wp-json\/wp\/v2\/product_cat?post=29651"},{"taxonomy":"product_tag","embeddable":true,"href":"https:\/\/parcavs.com\/index.php\/wp-json\/wp\/v2\/product_tag?post=29651"}],"curies":[{"name":"wp","href":"https:\/\/api.w.org\/{rel}","templated":true}]}}