{"id":29671,"date":"2024-02-17T14:12:32","date_gmt":"2024-02-17T12:12:32","guid":{"rendered":"https:\/\/parcavs.com\/?post_type=product&#038;p=29671"},"modified":"2024-08-18T00:00:29","modified_gmt":"2024-08-17T21:00:29","slug":"obel-m12x35-din-933-8-8-siyah-civata-12035","status":"publish","type":"product","link":"https:\/\/parcavs.com\/index.php\/product\/obel-m12x35-din-933-8-8-siyah-civata-12035\/","title":{"rendered":"Obel M12X35 D\u0131n 933\/8.8 Siyah Civata 12035"},"content":{"rendered":"<p>12035 Obel M12X35 D\u0131n 933\/8.8 Siyah Civata<br \/>\nSiyah\u00a0 Civata M12X35<br \/>\n\u00dcretici Firma: Obel<br \/>\nFiyatlar\u0131m\u0131za KDV \u00fccreti dahildir<br \/>\nAd\u0131n\u0131za fatural\u0131 olarak g\u00f6nderilecektir.<br \/>\nKargo ta\u015f\u0131ma \u00fccreti al\u0131c\u0131ya aittir.<br \/>\nAnla\u015fmal\u0131 oldu\u011fumuz kargo firmas\u0131 arac\u0131l\u0131\u011f\u0131yla<br \/>\n\u00dccret al\u0131c\u0131 olarak taraf\u0131n\u0131za g\u00f6nderilecektir.<\/p>\n<p>&nbsp;<\/p>\n","protected":false},"excerpt":{"rendered":"<p><strong>12035<\/strong> Obel M12X35 <strong>D\u0131n 933\/8.8 Siyah Civata<\/strong><br \/>\nSiyah\u00a0 Civata <strong>M12X35<\/strong><br \/>\n\u00dcretici Firma: <strong>Obel<\/strong><br \/>\nFiyatlar\u0131m\u0131za <strong>KDV<\/strong> \u00fccreti dahildir<br \/>\nAd\u0131n\u0131za <strong>fatural\u0131<\/strong> olarak g\u00f6nderilecektir.<br \/>\n<strong>Kargo<\/strong> ta\u015f\u0131ma \u00fccreti <strong>al\u0131c\u0131ya<\/strong> aittir.<\/p>\n","protected":false},"featured_media":29673,"comment_status":"open","ping_status":"closed","template":"","meta":{"_monsterinsights_skip_tracking":false,"_monsterinsights_sitenote_active":false,"_monsterinsights_sitenote_note":"","_monsterinsights_sitenote_category":0},"product_brand":[],"product_cat":[39],"product_tag":[9190,9059,9188,9189,9073],"class_list":{"0":"post-29671","1":"product","2":"type-product","3":"status-publish","4":"has-post-thumbnail","6":"product_cat-civata-grubu","7":"product_tag-9190","8":"product_tag-din-933-8-8-siyah-civata","9":"product_tag-m12x35","10":"product_tag-m12x35-din-933-8-8","11":"product_tag-obel","13":"first","14":"instock","15":"taxable","16":"shipping-taxable","17":"purchasable","18":"product-type-simple"},"_links":{"self":[{"href":"https:\/\/parcavs.com\/index.php\/wp-json\/wp\/v2\/product\/29671","targetHints":{"allow":["GET"]}}],"collection":[{"href":"https:\/\/parcavs.com\/index.php\/wp-json\/wp\/v2\/product"}],"about":[{"href":"https:\/\/parcavs.com\/index.php\/wp-json\/wp\/v2\/types\/product"}],"replies":[{"embeddable":true,"href":"https:\/\/parcavs.com\/index.php\/wp-json\/wp\/v2\/comments?post=29671"}],"version-history":[{"count":2,"href":"https:\/\/parcavs.com\/index.php\/wp-json\/wp\/v2\/product\/29671\/revisions"}],"predecessor-version":[{"id":29690,"href":"https:\/\/parcavs.com\/index.php\/wp-json\/wp\/v2\/product\/29671\/revisions\/29690"}],"wp:featuredmedia":[{"embeddable":true,"href":"https:\/\/parcavs.com\/index.php\/wp-json\/wp\/v2\/media\/29673"}],"wp:attachment":[{"href":"https:\/\/parcavs.com\/index.php\/wp-json\/wp\/v2\/media?parent=29671"}],"wp:term":[{"taxonomy":"product_brand","embeddable":true,"href":"https:\/\/parcavs.com\/index.php\/wp-json\/wp\/v2\/product_brand?post=29671"},{"taxonomy":"product_cat","embeddable":true,"href":"https:\/\/parcavs.com\/index.php\/wp-json\/wp\/v2\/product_cat?post=29671"},{"taxonomy":"product_tag","embeddable":true,"href":"https:\/\/parcavs.com\/index.php\/wp-json\/wp\/v2\/product_tag?post=29671"}],"curies":[{"name":"wp","href":"https:\/\/api.w.org\/{rel}","templated":true}]}}