{"id":29685,"date":"2024-02-17T14:57:48","date_gmt":"2024-02-17T12:57:48","guid":{"rendered":"https:\/\/parcavs.com\/?post_type=product&#038;p=29685"},"modified":"2024-08-18T00:00:29","modified_gmt":"2024-08-17T21:00:29","slug":"norm-m10x50-din-912-8-8-siyah-civata-06060635","status":"publish","type":"product","link":"https:\/\/parcavs.com\/index.php\/product\/norm-m10x50-din-912-8-8-siyah-civata-06060635\/","title":{"rendered":"Norm M10X50 D\u0131n 912\/8.8 Siyah Civata 06060635"},"content":{"rendered":"<p>06060635 Norm M10X50 D\u0131n 912\/8.8 Siyah Civata<br \/>\nSiyah\u00a0 Civata M10X50<br \/>\n\u00dcretici Firma: Norm<br \/>\nFiyatlar\u0131m\u0131za KDV \u00fccreti dahildir<br \/>\nAd\u0131n\u0131za fatural\u0131 olarak g\u00f6nderilecektir.<br \/>\nKargo ta\u015f\u0131ma \u00fccreti al\u0131c\u0131ya aittir.<br \/>\nAnla\u015fmal\u0131 oldu\u011fumuz kargo firmas\u0131 arac\u0131l\u0131\u011f\u0131yla<br \/>\n\u00dccret al\u0131c\u0131 olarak taraf\u0131n\u0131za g\u00f6nderilecektir.<\/p>\n","protected":false},"excerpt":{"rendered":"<p><strong>06060635<\/strong> Norm M10X50 <strong>D\u0131n 912\/8.8 Siyah Civata<\/strong><br \/>\nSiyah\u00a0 Civata <strong>M10X50<\/strong><br \/>\n\u00dcretici Firma: <strong>Norm<\/strong><br \/>\nFiyatlar\u0131m\u0131za <strong>KDV<\/strong> \u00fccreti dahildir<br \/>\nAd\u0131n\u0131za <strong>fatural\u0131<\/strong> olarak g\u00f6nderilecektir.<br \/>\n<strong>Kargo<\/strong> ta\u015f\u0131ma \u00fccreti <strong>al\u0131c\u0131ya<\/strong> aittir.<\/p>\n","protected":false},"featured_media":29686,"comment_status":"open","ping_status":"closed","template":"","meta":{"_monsterinsights_skip_tracking":false,"_monsterinsights_sitenote_active":false,"_monsterinsights_sitenote_note":"","_monsterinsights_sitenote_category":0},"product_brand":[],"product_cat":[39],"product_tag":[9204,9203,9201,9202],"class_list":{"0":"post-29685","1":"product","2":"type-product","3":"status-publish","4":"has-post-thumbnail","6":"product_cat-civata-grubu","7":"product_tag-9204","8":"product_tag-m10x50","9":"product_tag-norm","10":"product_tag-norm-m10x50-din-912-8-8-siyah-civata","12":"first","13":"instock","14":"taxable","15":"shipping-taxable","16":"purchasable","17":"product-type-simple"},"_links":{"self":[{"href":"https:\/\/parcavs.com\/index.php\/wp-json\/wp\/v2\/product\/29685","targetHints":{"allow":["GET"]}}],"collection":[{"href":"https:\/\/parcavs.com\/index.php\/wp-json\/wp\/v2\/product"}],"about":[{"href":"https:\/\/parcavs.com\/index.php\/wp-json\/wp\/v2\/types\/product"}],"replies":[{"embeddable":true,"href":"https:\/\/parcavs.com\/index.php\/wp-json\/wp\/v2\/comments?post=29685"}],"version-history":[{"count":1,"href":"https:\/\/parcavs.com\/index.php\/wp-json\/wp\/v2\/product\/29685\/revisions"}],"predecessor-version":[{"id":29687,"href":"https:\/\/parcavs.com\/index.php\/wp-json\/wp\/v2\/product\/29685\/revisions\/29687"}],"wp:featuredmedia":[{"embeddable":true,"href":"https:\/\/parcavs.com\/index.php\/wp-json\/wp\/v2\/media\/29686"}],"wp:attachment":[{"href":"https:\/\/parcavs.com\/index.php\/wp-json\/wp\/v2\/media?parent=29685"}],"wp:term":[{"taxonomy":"product_brand","embeddable":true,"href":"https:\/\/parcavs.com\/index.php\/wp-json\/wp\/v2\/product_brand?post=29685"},{"taxonomy":"product_cat","embeddable":true,"href":"https:\/\/parcavs.com\/index.php\/wp-json\/wp\/v2\/product_cat?post=29685"},{"taxonomy":"product_tag","embeddable":true,"href":"https:\/\/parcavs.com\/index.php\/wp-json\/wp\/v2\/product_tag?post=29685"}],"curies":[{"name":"wp","href":"https:\/\/api.w.org\/{rel}","templated":true}]}}