{"id":29692,"date":"2024-02-17T15:13:38","date_gmt":"2024-02-17T13:13:38","guid":{"rendered":"https:\/\/parcavs.com\/?post_type=product&#038;p=29692"},"modified":"2024-08-18T00:00:29","modified_gmt":"2024-08-17T21:00:29","slug":"obel-m10x70-din-933-8-8-siyah-civata-04070191","status":"publish","type":"product","link":"https:\/\/parcavs.com\/index.php\/product\/obel-m10x70-din-933-8-8-siyah-civata-04070191\/","title":{"rendered":"Obel M10X70 D\u0131n 933\/8.8 Siyah Civata 04070191"},"content":{"rendered":"<p>04070191 Obel M10X70 D\u0131n 933\/8.8 Siyah Civata<br \/>\nSiyah\u00a0 Civata M10X70<br \/>\n\u00dcretici Firma: Obel<br \/>\nFiyatlar\u0131m\u0131za KDV \u00fccreti dahildir<br \/>\nAd\u0131n\u0131za fatural\u0131 olarak g\u00f6nderilecektir.<br \/>\nKargo ta\u015f\u0131ma \u00fccreti al\u0131c\u0131ya aittir.<br \/>\nAnla\u015fmal\u0131 oldu\u011fumuz kargo firmas\u0131 arac\u0131l\u0131\u011f\u0131yla<br \/>\n\u00dccret al\u0131c\u0131 olarak taraf\u0131n\u0131za g\u00f6nderilecektir.<\/p>\n<p>&nbsp;<\/p>\n","protected":false},"excerpt":{"rendered":"<p><strong>04070191<\/strong> Obel M10X70 <strong>D\u0131n 933\/8.8 Siyah Civata<\/strong><br \/>\nSiyah\u00a0 Civata <strong>M10X70<\/strong><br \/>\n\u00dcretici Firma: <strong>Obel<\/strong><br \/>\nFiyatlar\u0131m\u0131za <strong>KDV<\/strong> \u00fccreti dahildir<br \/>\nAd\u0131n\u0131za <strong>fatural\u0131<\/strong> olarak g\u00f6nderilecektir.<br \/>\n<strong>Kargo<\/strong> ta\u015f\u0131ma \u00fccreti <strong>al\u0131c\u0131ya<\/strong> aittir.<\/p>\n","protected":false},"featured_media":29693,"comment_status":"open","ping_status":"closed","template":"","meta":{"_monsterinsights_skip_tracking":false,"_monsterinsights_sitenote_active":false,"_monsterinsights_sitenote_note":"","_monsterinsights_sitenote_category":0},"product_brand":[],"product_cat":[39],"product_tag":[9209,9059,9207,9073,9208],"class_list":{"0":"post-29692","1":"product","2":"type-product","3":"status-publish","4":"has-post-thumbnail","6":"product_cat-civata-grubu","7":"product_tag-9209","8":"product_tag-din-933-8-8-siyah-civata","9":"product_tag-m10x70","10":"product_tag-obel","11":"product_tag-obel-m10x70-din-933-8-8","13":"first","14":"instock","15":"taxable","16":"shipping-taxable","17":"purchasable","18":"product-type-simple"},"_links":{"self":[{"href":"https:\/\/parcavs.com\/index.php\/wp-json\/wp\/v2\/product\/29692","targetHints":{"allow":["GET"]}}],"collection":[{"href":"https:\/\/parcavs.com\/index.php\/wp-json\/wp\/v2\/product"}],"about":[{"href":"https:\/\/parcavs.com\/index.php\/wp-json\/wp\/v2\/types\/product"}],"replies":[{"embeddable":true,"href":"https:\/\/parcavs.com\/index.php\/wp-json\/wp\/v2\/comments?post=29692"}],"version-history":[{"count":1,"href":"https:\/\/parcavs.com\/index.php\/wp-json\/wp\/v2\/product\/29692\/revisions"}],"predecessor-version":[{"id":29694,"href":"https:\/\/parcavs.com\/index.php\/wp-json\/wp\/v2\/product\/29692\/revisions\/29694"}],"wp:featuredmedia":[{"embeddable":true,"href":"https:\/\/parcavs.com\/index.php\/wp-json\/wp\/v2\/media\/29693"}],"wp:attachment":[{"href":"https:\/\/parcavs.com\/index.php\/wp-json\/wp\/v2\/media?parent=29692"}],"wp:term":[{"taxonomy":"product_brand","embeddable":true,"href":"https:\/\/parcavs.com\/index.php\/wp-json\/wp\/v2\/product_brand?post=29692"},{"taxonomy":"product_cat","embeddable":true,"href":"https:\/\/parcavs.com\/index.php\/wp-json\/wp\/v2\/product_cat?post=29692"},{"taxonomy":"product_tag","embeddable":true,"href":"https:\/\/parcavs.com\/index.php\/wp-json\/wp\/v2\/product_tag?post=29692"}],"curies":[{"name":"wp","href":"https:\/\/api.w.org\/{rel}","templated":true}]}}