{"id":29737,"date":"2024-02-19T14:03:20","date_gmt":"2024-02-19T12:03:20","guid":{"rendered":"https:\/\/parcavs.com\/?post_type=product&#038;p=29737"},"modified":"2024-08-20T00:01:09","modified_gmt":"2024-08-19T21:01:09","slug":"fiat-palio-1-2-8v-silindir-kapak-contasi-cikma-46434102","status":"publish","type":"product","link":"https:\/\/parcavs.com\/index.php\/product\/fiat-palio-1-2-8v-silindir-kapak-contasi-cikma-46434102\/","title":{"rendered":"Fiat Palio 1.2 8V Silindir Kapak Contas\u0131 \u00c7\u0131kma 46434102"},"content":{"rendered":"<p>46434102 Fiat Palio 1.2 8V Silindir Kapak Contas\u0131 \u00c7\u0131kma<br \/>\nConta.Silindir Kapak Fiat<br \/>\n\u00dcretici Firma: R\u0131camb\u0131 \u00c7\u0131kma \u00fcr\u00fcn<br \/>\nFiyatlar\u0131m\u0131za KDV \u00fccreti dahildir<br \/>\nAd\u0131n\u0131za fatural\u0131 olarak g\u00f6nderilecektir.<br \/>\nKargo ta\u015f\u0131ma \u00fccreti al\u0131c\u0131ya aittir.<br \/>\nAnla\u015fmal\u0131 oldu\u011fumuz kargo firmas\u0131 arac\u0131l\u0131\u011f\u0131yla<br \/>\n\u00dccret al\u0131c\u0131 olarak taraf\u0131n\u0131za g\u00f6nderilecektir.<\/p>\n<p>&nbsp;<\/p>\n","protected":false},"excerpt":{"rendered":"<p><strong>46434102<\/strong> Fiat <strong>Palio<\/strong> 1.2 8V <strong>Silindir Kapak Contas\u0131 \u00c7\u0131kma<\/strong><br \/>\n<strong>Conta.Silindir Kapak<\/strong> Fiat<br \/>\n\u00dcretici Firma: <strong>R\u0131camb\u0131<\/strong> \u00c7\u0131kma \u00fcr\u00fcn<br \/>\nFiyatlar\u0131m\u0131za <strong>KDV<\/strong> \u00fccreti dahildir<br \/>\nAd\u0131n\u0131za <strong>fatural\u0131<\/strong> olarak g\u00f6nderilecektir.<br \/>\n<strong>Kargo<\/strong> ta\u015f\u0131ma \u00fccreti <strong>al\u0131c\u0131ya<\/strong> aittir.<\/p>\n","protected":false},"featured_media":29741,"comment_status":"open","ping_status":"closed","template":"","meta":{"_monsterinsights_skip_tracking":false,"_monsterinsights_sitenote_active":false,"_monsterinsights_sitenote_note":"","_monsterinsights_sitenote_category":0},"product_brand":[],"product_cat":[15],"product_tag":[9237,3545,151,5436,9234,9236,553,9235],"class_list":{"0":"post-29737","1":"product","2":"type-product","3":"status-publish","4":"has-post-thumbnail","6":"product_cat-diger","7":"product_tag-9237","8":"product_tag-conta-silindir-kapak","9":"product_tag-fiat","10":"product_tag-palio","11":"product_tag-palio-1-2-8v","12":"product_tag-ricambi-46434102","13":"product_tag-silindir-kapak-contasi","14":"product_tag-silindir-kapak-contasi-cikma","16":"first","17":"instock","18":"taxable","19":"shipping-taxable","20":"purchasable","21":"product-type-simple"},"_links":{"self":[{"href":"https:\/\/parcavs.com\/index.php\/wp-json\/wp\/v2\/product\/29737","targetHints":{"allow":["GET"]}}],"collection":[{"href":"https:\/\/parcavs.com\/index.php\/wp-json\/wp\/v2\/product"}],"about":[{"href":"https:\/\/parcavs.com\/index.php\/wp-json\/wp\/v2\/types\/product"}],"replies":[{"embeddable":true,"href":"https:\/\/parcavs.com\/index.php\/wp-json\/wp\/v2\/comments?post=29737"}],"version-history":[{"count":1,"href":"https:\/\/parcavs.com\/index.php\/wp-json\/wp\/v2\/product\/29737\/revisions"}],"predecessor-version":[{"id":29742,"href":"https:\/\/parcavs.com\/index.php\/wp-json\/wp\/v2\/product\/29737\/revisions\/29742"}],"wp:featuredmedia":[{"embeddable":true,"href":"https:\/\/parcavs.com\/index.php\/wp-json\/wp\/v2\/media\/29741"}],"wp:attachment":[{"href":"https:\/\/parcavs.com\/index.php\/wp-json\/wp\/v2\/media?parent=29737"}],"wp:term":[{"taxonomy":"product_brand","embeddable":true,"href":"https:\/\/parcavs.com\/index.php\/wp-json\/wp\/v2\/product_brand?post=29737"},{"taxonomy":"product_cat","embeddable":true,"href":"https:\/\/parcavs.com\/index.php\/wp-json\/wp\/v2\/product_cat?post=29737"},{"taxonomy":"product_tag","embeddable":true,"href":"https:\/\/parcavs.com\/index.php\/wp-json\/wp\/v2\/product_tag?post=29737"}],"curies":[{"name":"wp","href":"https:\/\/api.w.org\/{rel}","templated":true}]}}