{"id":29948,"date":"2024-02-21T14:27:31","date_gmt":"2024-02-21T12:27:31","guid":{"rendered":"https:\/\/parcavs.com\/?post_type=product&#038;p=29948"},"modified":"2025-12-24T00:14:33","modified_gmt":"2025-12-23T22:14:33","slug":"sanel-auto-electronic-12v-24x21w3w-sinyal-flasor-ssf284","status":"publish","type":"product","link":"https:\/\/parcavs.com\/index.php\/product\/sanel-auto-electronic-12v-24x21w3w-sinyal-flasor-ssf284\/","title":{"rendered":"Sanel Auto Electronic 12V 2(4)x21W+3W Sinyal Fla\u015f\u00f6r SSF284"},"content":{"rendered":"<p>SSF284 Sanel Auto Electronic 12V 2(4)x21W+3W Sinyal Fla\u015f\u00f6r<br \/>\nFla\u015f\u00f6r Sinyal 12V 2(4)x21W+3W<br \/>\n\u00dcretici Firma: Sanel SSF284<br \/>\nFiyatlar\u0131m\u0131za KDV \u00fccreti dahildir<br \/>\nAd\u0131n\u0131za fatural\u0131 olarak g\u00f6nderilecektir.<br \/>\nKargo ta\u015f\u0131ma \u00fccreti al\u0131c\u0131ya aittir.<br \/>\nAnla\u015fmal\u0131 oldu\u011fumuz kargo firmas\u0131 arac\u0131l\u0131\u011f\u0131yla<br \/>\n\u00dccret al\u0131c\u0131 olarak taraf\u0131n\u0131za g\u00f6nderilecektir.<\/p>\n","protected":false},"excerpt":{"rendered":"<p><strong>SSF284<\/strong> Sanel <strong>Auto Electronic<\/strong> 12V 2(4)x21W+3W <strong>Sinyal Fla\u015f\u00f6r<\/strong><br \/>\nFla\u015f\u00f6r Sinyal<strong> 12V 2(4)x21W+3W<\/strong><br \/>\n\u00dcretici Firma: <strong>Sanel SSF284<\/strong><br \/>\nFiyatlar\u0131m\u0131za <strong>KDV<\/strong> \u00fccreti dahildir<br \/>\nAd\u0131n\u0131za <strong>fatural\u0131<\/strong> olarak g\u00f6nderilecektir.<br \/>\n<strong>Kargo<\/strong> ta\u015f\u0131ma \u00fccreti <strong>al\u0131c\u0131ya<\/strong> aittir.<\/p>\n","protected":false},"featured_media":29949,"comment_status":"open","ping_status":"closed","template":"","meta":{"_monsterinsights_skip_tracking":false,"_monsterinsights_sitenote_active":false,"_monsterinsights_sitenote_note":"","_monsterinsights_sitenote_category":0},"product_brand":[],"product_cat":[15],"product_tag":[9427,5825,9423,9429,9428,9430],"class_list":{"0":"post-29948","1":"product","2":"type-product","3":"status-publish","4":"has-post-thumbnail","6":"product_cat-diger","7":"product_tag-12v-24x21w3w","8":"product_tag-sanel","9":"product_tag-sanel-auto-electronic","10":"product_tag-sanel-ssf284","11":"product_tag-sinyal-flasor","12":"product_tag-ssf284","14":"first","15":"instock","16":"taxable","17":"shipping-taxable","18":"purchasable","19":"product-type-simple"},"_links":{"self":[{"href":"https:\/\/parcavs.com\/index.php\/wp-json\/wp\/v2\/product\/29948","targetHints":{"allow":["GET"]}}],"collection":[{"href":"https:\/\/parcavs.com\/index.php\/wp-json\/wp\/v2\/product"}],"about":[{"href":"https:\/\/parcavs.com\/index.php\/wp-json\/wp\/v2\/types\/product"}],"replies":[{"embeddable":true,"href":"https:\/\/parcavs.com\/index.php\/wp-json\/wp\/v2\/comments?post=29948"}],"version-history":[{"count":2,"href":"https:\/\/parcavs.com\/index.php\/wp-json\/wp\/v2\/product\/29948\/revisions"}],"predecessor-version":[{"id":29954,"href":"https:\/\/parcavs.com\/index.php\/wp-json\/wp\/v2\/product\/29948\/revisions\/29954"}],"wp:featuredmedia":[{"embeddable":true,"href":"https:\/\/parcavs.com\/index.php\/wp-json\/wp\/v2\/media\/29949"}],"wp:attachment":[{"href":"https:\/\/parcavs.com\/index.php\/wp-json\/wp\/v2\/media?parent=29948"}],"wp:term":[{"taxonomy":"product_brand","embeddable":true,"href":"https:\/\/parcavs.com\/index.php\/wp-json\/wp\/v2\/product_brand?post=29948"},{"taxonomy":"product_cat","embeddable":true,"href":"https:\/\/parcavs.com\/index.php\/wp-json\/wp\/v2\/product_cat?post=29948"},{"taxonomy":"product_tag","embeddable":true,"href":"https:\/\/parcavs.com\/index.php\/wp-json\/wp\/v2\/product_tag?post=29948"}],"curies":[{"name":"wp","href":"https:\/\/api.w.org\/{rel}","templated":true}]}}