{"id":29953,"date":"2024-02-21T14:39:58","date_gmt":"2024-02-21T12:39:58","guid":{"rendered":"https:\/\/parcavs.com\/?post_type=product&#038;p=29953"},"modified":"2024-08-22T00:00:09","modified_gmt":"2024-08-21T21:00:09","slug":"sanel-auto-electronic-24x21w3w-24v-flasor-ssf285","status":"publish","type":"product","link":"https:\/\/parcavs.com\/index.php\/product\/sanel-auto-electronic-24x21w3w-24v-flasor-ssf285\/","title":{"rendered":"Sanel Auto Electronic 2(4)x21W+3W 24V- Fla\u015f\u00f6r SSF285"},"content":{"rendered":"<p>SSF285 Sanel Auto Electronic 2(4)x21W+3W 24V-<br \/>\nFla\u015f\u00f6r 2(4)x21W+3W 24V-<br \/>\n\u00dcretici Firma: Sanel SSF285<br \/>\nFiyatlar\u0131m\u0131za KDV \u00fccreti dahildir<br \/>\nAd\u0131n\u0131za fatural\u0131 olarak g\u00f6nderilecektir.<br \/>\nKargo ta\u015f\u0131ma \u00fccreti al\u0131c\u0131ya aittir.<br \/>\nAnla\u015fmal\u0131 oldu\u011fumuz kargo firmas\u0131 arac\u0131l\u0131\u011f\u0131yla<br \/>\n\u00dccret al\u0131c\u0131 olarak taraf\u0131n\u0131za g\u00f6nderilecektir.<\/p>\n","protected":false},"excerpt":{"rendered":"<p><strong>SSF285<\/strong> Sanel <strong>Auto Electronic<\/strong> 2(4)x21W+3W 24V- <strong>Fla\u015f\u00f6r\u00a0<\/strong><br \/>\nFla\u015f\u00f6r <strong>2(4)x21W+3W 24V-<\/strong><br \/>\n\u00dcretici Firma: <strong>Sanel SSF285<\/strong><br \/>\nFiyatlar\u0131m\u0131za <strong>KDV<\/strong> \u00fccreti dahildir<br \/>\nAd\u0131n\u0131za <strong>fatural\u0131<\/strong> olarak g\u00f6nderilecektir.<br \/>\n<strong>Kargo<\/strong> ta\u015f\u0131ma \u00fccreti <strong>al\u0131c\u0131ya<\/strong> aittir.<\/p>\n","protected":false},"featured_media":29955,"comment_status":"open","ping_status":"closed","template":"","meta":{"_monsterinsights_skip_tracking":false,"_monsterinsights_sitenote_active":false,"_monsterinsights_sitenote_note":"","_monsterinsights_sitenote_category":0},"product_brand":[],"product_cat":[15],"product_tag":[9431,5825,9423,9432,9433],"class_list":{"0":"post-29953","1":"product","2":"type-product","3":"status-publish","4":"has-post-thumbnail","6":"product_cat-diger","7":"product_tag-24x21w3w-24v","8":"product_tag-sanel","9":"product_tag-sanel-auto-electronic","10":"product_tag-sanel-ssf285","11":"product_tag-ssf285","13":"first","14":"instock","15":"taxable","16":"shipping-taxable","17":"purchasable","18":"product-type-simple"},"_links":{"self":[{"href":"https:\/\/parcavs.com\/index.php\/wp-json\/wp\/v2\/product\/29953","targetHints":{"allow":["GET"]}}],"collection":[{"href":"https:\/\/parcavs.com\/index.php\/wp-json\/wp\/v2\/product"}],"about":[{"href":"https:\/\/parcavs.com\/index.php\/wp-json\/wp\/v2\/types\/product"}],"replies":[{"embeddable":true,"href":"https:\/\/parcavs.com\/index.php\/wp-json\/wp\/v2\/comments?post=29953"}],"version-history":[{"count":1,"href":"https:\/\/parcavs.com\/index.php\/wp-json\/wp\/v2\/product\/29953\/revisions"}],"predecessor-version":[{"id":29956,"href":"https:\/\/parcavs.com\/index.php\/wp-json\/wp\/v2\/product\/29953\/revisions\/29956"}],"wp:featuredmedia":[{"embeddable":true,"href":"https:\/\/parcavs.com\/index.php\/wp-json\/wp\/v2\/media\/29955"}],"wp:attachment":[{"href":"https:\/\/parcavs.com\/index.php\/wp-json\/wp\/v2\/media?parent=29953"}],"wp:term":[{"taxonomy":"product_brand","embeddable":true,"href":"https:\/\/parcavs.com\/index.php\/wp-json\/wp\/v2\/product_brand?post=29953"},{"taxonomy":"product_cat","embeddable":true,"href":"https:\/\/parcavs.com\/index.php\/wp-json\/wp\/v2\/product_cat?post=29953"},{"taxonomy":"product_tag","embeddable":true,"href":"https:\/\/parcavs.com\/index.php\/wp-json\/wp\/v2\/product_tag?post=29953"}],"curies":[{"name":"wp","href":"https:\/\/api.w.org\/{rel}","templated":true}]}}