{"id":29976,"date":"2024-02-22T09:30:32","date_gmt":"2024-02-22T07:30:32","guid":{"rendered":"https:\/\/parcavs.com\/?post_type=product&#038;p=29976"},"modified":"2024-08-23T00:00:09","modified_gmt":"2024-08-22T21:00:09","slug":"ucler-dorse-yan-lamba-side-marker-lamba-cami-duz-0216l","status":"publish","type":"product","link":"https:\/\/parcavs.com\/index.php\/product\/ucler-dorse-yan-lamba-side-marker-lamba-cami-duz-0216l\/","title":{"rendered":"\u00dc\u00e7ler Dorse Yan Lamba Side Marker Lamba Cam\u0131 D\u00fcz 0216L"},"content":{"rendered":"<p>\u00dc\u00e7ler Dorse Yan Lamba Side Marker Lamba Cam\u0131 D\u00fcz 0216L<br \/>\nD\u00fcz Lamba Cam\u0131<br \/>\n\u00dcretici Firma: \u00dc\u00e7ler 0216L<br \/>\nFiyatlar\u0131m\u0131za KDV \u00fccreti dahildir<br \/>\nAd\u0131n\u0131za fatural\u0131 olarak g\u00f6nderilecektir.<br \/>\nKargo ta\u015f\u0131ma \u00fccreti al\u0131c\u0131ya aittir.<br \/>\nAnla\u015fmal\u0131 oldu\u011fumuz kargo firmas\u0131 arac\u0131l\u0131\u011f\u0131yla<br \/>\n\u00dccret al\u0131c\u0131 olarak taraf\u0131n\u0131za g\u00f6nderilecektir.<\/p>\n","protected":false},"excerpt":{"rendered":"<p><strong>\u00dc\u00e7ler<\/strong> Dorse <strong>Yan Lamba<\/strong> Side Marker <strong>Lamba Cam\u0131 D\u00fcz<\/strong> 0216L<br \/>\n<strong>D\u00fcz Lamba Cam\u0131<\/strong><br \/>\n\u00dcretici Firma: <strong>\u00dc\u00e7ler 0216L<\/strong><br \/>\nFiyatlar\u0131m\u0131za <strong>KDV<\/strong> \u00fccreti dahildir<br \/>\nAd\u0131n\u0131za <strong>fatural\u0131<\/strong> olarak g\u00f6nderilecektir.<br \/>\n<strong>Kargo<\/strong> ta\u015f\u0131ma \u00fccreti <strong>al\u0131c\u0131ya<\/strong> aittir.<\/p>\n","protected":false},"featured_media":29977,"comment_status":"open","ping_status":"closed","template":"","meta":{"_monsterinsights_skip_tracking":false,"_monsterinsights_sitenote_active":false,"_monsterinsights_sitenote_note":"","_monsterinsights_sitenote_category":0},"product_brand":[],"product_cat":[15],"product_tag":[9454,9452,9453],"class_list":{"0":"post-29976","1":"product","2":"type-product","3":"status-publish","4":"has-post-thumbnail","6":"product_cat-diger","7":"product_tag-dorse-yan-lamba-side-marker-lamba-cami-duz","8":"product_tag-ucler","9":"product_tag-ucler-0216l","11":"first","12":"instock","13":"taxable","14":"shipping-taxable","15":"purchasable","16":"product-type-simple"},"_links":{"self":[{"href":"https:\/\/parcavs.com\/index.php\/wp-json\/wp\/v2\/product\/29976","targetHints":{"allow":["GET"]}}],"collection":[{"href":"https:\/\/parcavs.com\/index.php\/wp-json\/wp\/v2\/product"}],"about":[{"href":"https:\/\/parcavs.com\/index.php\/wp-json\/wp\/v2\/types\/product"}],"replies":[{"embeddable":true,"href":"https:\/\/parcavs.com\/index.php\/wp-json\/wp\/v2\/comments?post=29976"}],"version-history":[{"count":1,"href":"https:\/\/parcavs.com\/index.php\/wp-json\/wp\/v2\/product\/29976\/revisions"}],"predecessor-version":[{"id":29979,"href":"https:\/\/parcavs.com\/index.php\/wp-json\/wp\/v2\/product\/29976\/revisions\/29979"}],"wp:featuredmedia":[{"embeddable":true,"href":"https:\/\/parcavs.com\/index.php\/wp-json\/wp\/v2\/media\/29977"}],"wp:attachment":[{"href":"https:\/\/parcavs.com\/index.php\/wp-json\/wp\/v2\/media?parent=29976"}],"wp:term":[{"taxonomy":"product_brand","embeddable":true,"href":"https:\/\/parcavs.com\/index.php\/wp-json\/wp\/v2\/product_brand?post=29976"},{"taxonomy":"product_cat","embeddable":true,"href":"https:\/\/parcavs.com\/index.php\/wp-json\/wp\/v2\/product_cat?post=29976"},{"taxonomy":"product_tag","embeddable":true,"href":"https:\/\/parcavs.com\/index.php\/wp-json\/wp\/v2\/product_tag?post=29976"}],"curies":[{"name":"wp","href":"https:\/\/api.w.org\/{rel}","templated":true}]}}