{"id":3013,"date":"2021-04-07T15:33:15","date_gmt":"2021-04-07T12:33:15","guid":{"rendered":"https:\/\/parcavs.com\/?post_type=product&#038;p=3013"},"modified":"2022-01-01T00:01:33","modified_gmt":"2021-12-31T22:01:33","slug":"orjinal-iveco-eurocargo-termostat-alt-conta-504387771","status":"publish","type":"product","link":"https:\/\/parcavs.com\/index.php\/product\/orjinal-iveco-eurocargo-termostat-alt-conta-504387771\/","title":{"rendered":"Orjinal IVECO Eurocargo Termostat Alt Conta-504387771"},"content":{"rendered":"","protected":false},"excerpt":{"rendered":"<p>504387771-Orjinal IVECO Eurocargo Termostat Alt Contas\u0131<br \/>\nConta, Termostat Alt, ML 180 E 25 4185 F EC EC FL ML 180 E 25 4185<br \/>\n%100 orjinal IVECO Eurocargo termostat alt conta<br \/>\nOrjinal IVECO ambalaj\u0131nda g\u00f6nderilecektir.<br \/>\nFiyatlar\u0131m\u0131za KDV ve kargo \u00fccreti dahildir.<\/p>\n","protected":false},"featured_media":3014,"comment_status":"open","ping_status":"closed","template":"","meta":{"_monsterinsights_skip_tracking":false,"_monsterinsights_sitenote_active":false,"_monsterinsights_sitenote_note":"","_monsterinsights_sitenote_category":0},"product_brand":[],"product_cat":[46],"product_tag":[200,189,61,51,144],"class_list":{"0":"post-3013","1":"product","2":"type-product","3":"status-publish","4":"has-post-thumbnail","6":"product_cat-iveco-yedek-parca","7":"product_tag-alt","8":"product_tag-conta","9":"product_tag-eurocargo","10":"product_tag-iveco","11":"product_tag-termostat","13":"first","14":"instock","15":"taxable","16":"shipping-taxable","17":"purchasable","18":"product-type-simple"},"_links":{"self":[{"href":"https:\/\/parcavs.com\/index.php\/wp-json\/wp\/v2\/product\/3013","targetHints":{"allow":["GET"]}}],"collection":[{"href":"https:\/\/parcavs.com\/index.php\/wp-json\/wp\/v2\/product"}],"about":[{"href":"https:\/\/parcavs.com\/index.php\/wp-json\/wp\/v2\/types\/product"}],"replies":[{"embeddable":true,"href":"https:\/\/parcavs.com\/index.php\/wp-json\/wp\/v2\/comments?post=3013"}],"version-history":[{"count":1,"href":"https:\/\/parcavs.com\/index.php\/wp-json\/wp\/v2\/product\/3013\/revisions"}],"predecessor-version":[{"id":3015,"href":"https:\/\/parcavs.com\/index.php\/wp-json\/wp\/v2\/product\/3013\/revisions\/3015"}],"wp:featuredmedia":[{"embeddable":true,"href":"https:\/\/parcavs.com\/index.php\/wp-json\/wp\/v2\/media\/3014"}],"wp:attachment":[{"href":"https:\/\/parcavs.com\/index.php\/wp-json\/wp\/v2\/media?parent=3013"}],"wp:term":[{"taxonomy":"product_brand","embeddable":true,"href":"https:\/\/parcavs.com\/index.php\/wp-json\/wp\/v2\/product_brand?post=3013"},{"taxonomy":"product_cat","embeddable":true,"href":"https:\/\/parcavs.com\/index.php\/wp-json\/wp\/v2\/product_cat?post=3013"},{"taxonomy":"product_tag","embeddable":true,"href":"https:\/\/parcavs.com\/index.php\/wp-json\/wp\/v2\/product_tag?post=3013"}],"curies":[{"name":"wp","href":"https:\/\/api.w.org\/{rel}","templated":true}]}}