{"id":3020,"date":"2021-04-07T16:22:37","date_gmt":"2021-04-07T13:22:37","guid":{"rendered":"https:\/\/parcavs.com\/?post_type=product&#038;p=3020"},"modified":"2022-01-01T00:01:33","modified_gmt":"2021-12-31T22:01:33","slug":"orjinal-iveco-astra-orta-diferansiyel-oring-42102397","status":"publish","type":"product","link":"https:\/\/parcavs.com\/index.php\/product\/orjinal-iveco-astra-orta-diferansiyel-oring-42102397\/","title":{"rendered":"Orjinal IVECO Astra Orta Diferansiyel Oring-42102397"},"content":{"rendered":"","protected":false},"excerpt":{"rendered":"<p>42102397-Orjinal IVECO Astra Orta Diferansiyel O-ring<br \/>\nO-Ring, Diferansiyel Orta Eurotrakker F CS Eurotrakker CS<br \/>\n%100 orjinal IVECO Astra orta diferansiyel oring<br \/>\nOrjinal IVECO ambalaj\u0131nda g\u00f6nderilecektir.<br \/>\nFiyatlar\u0131m\u0131za KDV ve kargo \u00fccreti dahildir.<\/p>\n","protected":false},"featured_media":3022,"comment_status":"open","ping_status":"closed","template":"","meta":{"_monsterinsights_skip_tracking":false,"_monsterinsights_sitenote_active":false,"_monsterinsights_sitenote_note":"","_monsterinsights_sitenote_category":0},"product_brand":[],"product_cat":[46],"product_tag":[72,199,62,51,184,322],"class_list":{"0":"post-3020","1":"product","2":"type-product","3":"status-publish","4":"has-post-thumbnail","6":"product_cat-iveco-yedek-parca","7":"product_tag-astra","8":"product_tag-diferansiyel","9":"product_tag-eurotrakker","10":"product_tag-iveco","11":"product_tag-oring","12":"product_tag-orta","14":"first","15":"instock","16":"taxable","17":"shipping-taxable","18":"purchasable","19":"product-type-simple"},"_links":{"self":[{"href":"https:\/\/parcavs.com\/index.php\/wp-json\/wp\/v2\/product\/3020","targetHints":{"allow":["GET"]}}],"collection":[{"href":"https:\/\/parcavs.com\/index.php\/wp-json\/wp\/v2\/product"}],"about":[{"href":"https:\/\/parcavs.com\/index.php\/wp-json\/wp\/v2\/types\/product"}],"replies":[{"embeddable":true,"href":"https:\/\/parcavs.com\/index.php\/wp-json\/wp\/v2\/comments?post=3020"}],"version-history":[{"count":1,"href":"https:\/\/parcavs.com\/index.php\/wp-json\/wp\/v2\/product\/3020\/revisions"}],"predecessor-version":[{"id":3023,"href":"https:\/\/parcavs.com\/index.php\/wp-json\/wp\/v2\/product\/3020\/revisions\/3023"}],"wp:featuredmedia":[{"embeddable":true,"href":"https:\/\/parcavs.com\/index.php\/wp-json\/wp\/v2\/media\/3022"}],"wp:attachment":[{"href":"https:\/\/parcavs.com\/index.php\/wp-json\/wp\/v2\/media?parent=3020"}],"wp:term":[{"taxonomy":"product_brand","embeddable":true,"href":"https:\/\/parcavs.com\/index.php\/wp-json\/wp\/v2\/product_brand?post=3020"},{"taxonomy":"product_cat","embeddable":true,"href":"https:\/\/parcavs.com\/index.php\/wp-json\/wp\/v2\/product_cat?post=3020"},{"taxonomy":"product_tag","embeddable":true,"href":"https:\/\/parcavs.com\/index.php\/wp-json\/wp\/v2\/product_tag?post=3020"}],"curies":[{"name":"wp","href":"https:\/\/api.w.org\/{rel}","templated":true}]}}