{"id":30250,"date":"2024-02-26T09:01:31","date_gmt":"2024-02-26T07:01:31","guid":{"rendered":"https:\/\/parcavs.com\/?post_type=product&#038;p=30250"},"modified":"2024-02-26T09:01:32","modified_gmt":"2024-02-26T07:01:32","slug":"antor-delikli-civata-m8x1x18-mazot-6ld325-6ld360-6ld400-3ld450-3ld510-ad510bs-4ld640-4ld820-a20401901029","status":"publish","type":"product","link":"https:\/\/parcavs.com\/index.php\/product\/antor-delikli-civata-m8x1x18-mazot-6ld325-6ld360-6ld400-3ld450-3ld510-ad510bs-4ld640-4ld820-a20401901029\/","title":{"rendered":"Antor Delikli Civata M8x1x18 Mazot 6LD325 6LD360 6LD400 3LD450 3LD510 AD510BS 4LD640 4LD820 A20401901029"},"content":{"rendered":"<p>A20401901029 Antor Delikli Civata M8x1x18 Mazot 6LD325 6LD360 6LD400 3LD450 3LD510 AD510BS 4LD640 4LD820<br \/>\nM8x1x18 Delikli Civata<br \/>\n\u00dcretici Firma: Antor<br \/>\nFiyatlar\u0131m\u0131za KDV \u00fccreti dahildir<br \/>\nAd\u0131n\u0131za fatural\u0131 olarak g\u00f6nderilecektir.<br \/>\nKargo ta\u015f\u0131ma \u00fccreti al\u0131c\u0131ya aittir.<br \/>\nAnla\u015fmal\u0131 oldu\u011fumuz kargo firmas\u0131 arac\u0131l\u0131\u011f\u0131yla<br \/>\n\u00dccret al\u0131c\u0131 olarak taraf\u0131n\u0131za g\u00f6nderilecektir.<\/p>\n<p>&nbsp;<\/p>\n","protected":false},"excerpt":{"rendered":"<p><strong>A20401901029<\/strong> Antor <strong>Delikli<\/strong> Civata <strong>M8x1x18 Mazot<\/strong> 6LD325 <strong>6LD360<\/strong> 6LD400 <strong>3LD450<\/strong> 3LD510 <strong>AD510BS<\/strong> 4LD640 <strong>4LD820<\/strong><br \/>\nM8x1x18 <strong>Delikli Civata<\/strong><br \/>\n\u00dcretici Firma: <strong>Antor<\/strong><br \/>\nFiyatlar\u0131m\u0131za <strong>KDV<\/strong> \u00fccreti dahildir<br \/>\nAd\u0131n\u0131za <strong>fatural\u0131<\/strong> olarak g\u00f6nderilecektir.<br \/>\n<strong>Kargo<\/strong> ta\u015f\u0131ma \u00fccreti <strong>al\u0131c\u0131ya<\/strong> aittir.<\/p>\n","protected":false},"featured_media":30251,"comment_status":"open","ping_status":"closed","template":"","meta":{"_monsterinsights_skip_tracking":false,"_monsterinsights_sitenote_active":false,"_monsterinsights_sitenote_note":"","_monsterinsights_sitenote_category":0},"product_brand":[],"product_cat":[15],"product_tag":[9676,9673,9674,9675],"class_list":{"0":"post-30250","1":"product","2":"type-product","3":"status-publish","4":"has-post-thumbnail","6":"product_cat-diger","7":"product_tag-a20401901029","8":"product_tag-antor","9":"product_tag-delikli-civata","10":"product_tag-m8x1x18","12":"first","13":"instock","14":"sale","15":"taxable","16":"shipping-taxable","17":"purchasable","18":"product-type-simple"},"_links":{"self":[{"href":"https:\/\/parcavs.com\/index.php\/wp-json\/wp\/v2\/product\/30250","targetHints":{"allow":["GET"]}}],"collection":[{"href":"https:\/\/parcavs.com\/index.php\/wp-json\/wp\/v2\/product"}],"about":[{"href":"https:\/\/parcavs.com\/index.php\/wp-json\/wp\/v2\/types\/product"}],"replies":[{"embeddable":true,"href":"https:\/\/parcavs.com\/index.php\/wp-json\/wp\/v2\/comments?post=30250"}],"version-history":[{"count":1,"href":"https:\/\/parcavs.com\/index.php\/wp-json\/wp\/v2\/product\/30250\/revisions"}],"predecessor-version":[{"id":30252,"href":"https:\/\/parcavs.com\/index.php\/wp-json\/wp\/v2\/product\/30250\/revisions\/30252"}],"wp:featuredmedia":[{"embeddable":true,"href":"https:\/\/parcavs.com\/index.php\/wp-json\/wp\/v2\/media\/30251"}],"wp:attachment":[{"href":"https:\/\/parcavs.com\/index.php\/wp-json\/wp\/v2\/media?parent=30250"}],"wp:term":[{"taxonomy":"product_brand","embeddable":true,"href":"https:\/\/parcavs.com\/index.php\/wp-json\/wp\/v2\/product_brand?post=30250"},{"taxonomy":"product_cat","embeddable":true,"href":"https:\/\/parcavs.com\/index.php\/wp-json\/wp\/v2\/product_cat?post=30250"},{"taxonomy":"product_tag","embeddable":true,"href":"https:\/\/parcavs.com\/index.php\/wp-json\/wp\/v2\/product_tag?post=30250"}],"curies":[{"name":"wp","href":"https:\/\/api.w.org\/{rel}","templated":true}]}}