{"id":30280,"date":"2024-02-26T10:47:34","date_gmt":"2024-02-26T08:47:34","guid":{"rendered":"https:\/\/parcavs.com\/?post_type=product&#038;p=30280"},"modified":"2024-08-27T00:00:11","modified_gmt":"2024-08-26T21:00:11","slug":"ts-60-80-ayarli-kelepce-12091","status":"publish","type":"product","link":"https:\/\/parcavs.com\/index.php\/product\/ts-60-80-ayarli-kelepce-12091\/","title":{"rendered":"TS 60&#215;80 Ayarl\u0131 Kelep\u00e7e 12091"},"content":{"rendered":"<p>TS 60&#215;80 \u00a0Ayarl\u0131 Kelep\u00e7e<br \/>\nKelep\u00e7e.Ayarl\u0131 60&#215;80<br \/>\n\u00dcretici Firma: TS<br \/>\nFiyatlar\u0131m\u0131za KDV \u00fccreti dahildir<br \/>\nAd\u0131n\u0131za fatural\u0131 olarak g\u00f6nderilecektir.<br \/>\nKargo ta\u015f\u0131ma \u00fccreti al\u0131c\u0131ya aittir.<br \/>\nAnla\u015fmal\u0131 oldu\u011fumuz kargo firmas\u0131 arac\u0131l\u0131\u011f\u0131yla<br \/>\n\u00dccret al\u0131c\u0131 olarak taraf\u0131n\u0131za g\u00f6nderilecektir.<\/p>\n<p>&nbsp;<\/p>\n","protected":false},"excerpt":{"rendered":"<p><strong>TS 60&#215;80<\/strong> \u00a0Ayarl\u0131 <strong>Kelep\u00e7e<\/strong><br \/>\nKelep\u00e7e.Ayarl\u0131 <strong>60&#215;80 \u00a0<\/strong><br \/>\n\u00dcretici Firma: <strong>TS<\/strong><br \/>\nFiyatlar\u0131m\u0131za <strong>KDV<\/strong> \u00fccreti dahildir<br \/>\nAd\u0131n\u0131za <strong>fatural\u0131<\/strong> olarak g\u00f6nderilecektir.<br \/>\n<strong>Kargo<\/strong> ta\u015f\u0131ma \u00fccreti <strong>al\u0131c\u0131ya<\/strong> aittir.<\/p>\n","protected":false},"featured_media":30281,"comment_status":"open","ping_status":"closed","template":"","meta":{"_monsterinsights_skip_tracking":false,"_monsterinsights_sitenote_active":false,"_monsterinsights_sitenote_note":"","_monsterinsights_sitenote_category":0},"product_brand":[],"product_cat":[15],"product_tag":[9701,9702,10193,10194],"class_list":{"0":"post-30280","1":"product","2":"type-product","3":"status-publish","4":"has-post-thumbnail","6":"product_cat-diger","7":"product_tag-60-80-ayarli-kelepce","8":"product_tag-kelepce-ayarli","9":"product_tag-ts-60x80","10":"product_tag-ts-60x80-ayarli-kelepce","12":"first","13":"instock","14":"taxable","15":"shipping-taxable","16":"purchasable","17":"product-type-simple"},"_links":{"self":[{"href":"https:\/\/parcavs.com\/index.php\/wp-json\/wp\/v2\/product\/30280","targetHints":{"allow":["GET"]}}],"collection":[{"href":"https:\/\/parcavs.com\/index.php\/wp-json\/wp\/v2\/product"}],"about":[{"href":"https:\/\/parcavs.com\/index.php\/wp-json\/wp\/v2\/types\/product"}],"replies":[{"embeddable":true,"href":"https:\/\/parcavs.com\/index.php\/wp-json\/wp\/v2\/comments?post=30280"}],"version-history":[{"count":3,"href":"https:\/\/parcavs.com\/index.php\/wp-json\/wp\/v2\/product\/30280\/revisions"}],"predecessor-version":[{"id":30779,"href":"https:\/\/parcavs.com\/index.php\/wp-json\/wp\/v2\/product\/30280\/revisions\/30779"}],"wp:featuredmedia":[{"embeddable":true,"href":"https:\/\/parcavs.com\/index.php\/wp-json\/wp\/v2\/media\/30281"}],"wp:attachment":[{"href":"https:\/\/parcavs.com\/index.php\/wp-json\/wp\/v2\/media?parent=30280"}],"wp:term":[{"taxonomy":"product_brand","embeddable":true,"href":"https:\/\/parcavs.com\/index.php\/wp-json\/wp\/v2\/product_brand?post=30280"},{"taxonomy":"product_cat","embeddable":true,"href":"https:\/\/parcavs.com\/index.php\/wp-json\/wp\/v2\/product_cat?post=30280"},{"taxonomy":"product_tag","embeddable":true,"href":"https:\/\/parcavs.com\/index.php\/wp-json\/wp\/v2\/product_tag?post=30280"}],"curies":[{"name":"wp","href":"https:\/\/api.w.org\/{rel}","templated":true}]}}