{"id":30358,"date":"2024-02-26T16:16:05","date_gmt":"2024-02-26T14:16:05","guid":{"rendered":"https:\/\/parcavs.com\/?post_type=product&#038;p=30358"},"modified":"2024-08-27T00:00:13","modified_gmt":"2024-08-26T21:00:13","slug":"erbi-51x72-hortum-ayarli-kelepce","status":"publish","type":"product","link":"https:\/\/parcavs.com\/index.php\/product\/erbi-51x72-hortum-ayarli-kelepce\/","title":{"rendered":"Erbi 51&#215;72 Hortum Ayarl\u0131 Kelep\u00e7e"},"content":{"rendered":"<p>Erbi 51&#215;72 Hortum Ayarl\u0131 Kelep\u00e7e<br \/>\nKelep\u00e7e.Ayarl\u0131 51&#215;72<br \/>\n\u00dcretici Firma: Erbi<br \/>\nFiyatlar\u0131m\u0131za KDV \u00fccreti dahildir<br \/>\nAd\u0131n\u0131za fatural\u0131 olarak g\u00f6nderilecektir.<br \/>\nKargo ta\u015f\u0131ma \u00fccreti al\u0131c\u0131ya aittir.<br \/>\nAnla\u015fmal\u0131 oldu\u011fumuz kargo firmas\u0131 arac\u0131l\u0131\u011f\u0131yla<br \/>\n\u00dccret al\u0131c\u0131 olarak taraf\u0131n\u0131za g\u00f6nderilecektir.<\/p>\n<p>&nbsp;<\/p>\n","protected":false},"excerpt":{"rendered":"<p><strong>Erbi<\/strong> 51&#215;72 <strong>Hortum Ayarl\u0131 Kelep\u00e7e<\/strong><br \/>\nKelep\u00e7e.Ayarl\u0131<strong> 51&#215;72 <\/strong><br \/>\n\u00dcretici Firma: <strong>Erbi<\/strong><br \/>\nFiyatlar\u0131m\u0131za <strong>KDV<\/strong> \u00fccreti dahildir<br \/>\nAd\u0131n\u0131za <strong>fatural\u0131<\/strong> olarak g\u00f6nderilecektir.<br \/>\n<strong>Kargo<\/strong> ta\u015f\u0131ma \u00fccreti <strong>al\u0131c\u0131ya<\/strong> aittir.<\/p>\n","protected":false},"featured_media":30359,"comment_status":"open","ping_status":"closed","template":"","meta":{"_monsterinsights_skip_tracking":false,"_monsterinsights_sitenote_active":false,"_monsterinsights_sitenote_note":"","_monsterinsights_sitenote_category":0},"product_brand":[],"product_cat":[15],"product_tag":[9760,9759,9726,9761],"class_list":{"0":"post-30358","1":"product","2":"type-product","3":"status-publish","4":"has-post-thumbnail","6":"product_cat-diger","7":"product_tag-51x72-hortum-ayarli-kelepce","8":"product_tag-erbi-51x72","9":"product_tag-hortum-ayarli-kelepce","10":"product_tag-kelepce-ayarli-51x72","12":"first","13":"instock","14":"taxable","15":"shipping-taxable","16":"purchasable","17":"product-type-simple"},"_links":{"self":[{"href":"https:\/\/parcavs.com\/index.php\/wp-json\/wp\/v2\/product\/30358","targetHints":{"allow":["GET"]}}],"collection":[{"href":"https:\/\/parcavs.com\/index.php\/wp-json\/wp\/v2\/product"}],"about":[{"href":"https:\/\/parcavs.com\/index.php\/wp-json\/wp\/v2\/types\/product"}],"replies":[{"embeddable":true,"href":"https:\/\/parcavs.com\/index.php\/wp-json\/wp\/v2\/comments?post=30358"}],"version-history":[{"count":1,"href":"https:\/\/parcavs.com\/index.php\/wp-json\/wp\/v2\/product\/30358\/revisions"}],"predecessor-version":[{"id":30360,"href":"https:\/\/parcavs.com\/index.php\/wp-json\/wp\/v2\/product\/30358\/revisions\/30360"}],"wp:featuredmedia":[{"embeddable":true,"href":"https:\/\/parcavs.com\/index.php\/wp-json\/wp\/v2\/media\/30359"}],"wp:attachment":[{"href":"https:\/\/parcavs.com\/index.php\/wp-json\/wp\/v2\/media?parent=30358"}],"wp:term":[{"taxonomy":"product_brand","embeddable":true,"href":"https:\/\/parcavs.com\/index.php\/wp-json\/wp\/v2\/product_brand?post=30358"},{"taxonomy":"product_cat","embeddable":true,"href":"https:\/\/parcavs.com\/index.php\/wp-json\/wp\/v2\/product_cat?post=30358"},{"taxonomy":"product_tag","embeddable":true,"href":"https:\/\/parcavs.com\/index.php\/wp-json\/wp\/v2\/product_tag?post=30358"}],"curies":[{"name":"wp","href":"https:\/\/api.w.org\/{rel}","templated":true}]}}