{"id":30495,"date":"2024-02-28T14:15:10","date_gmt":"2024-02-28T12:15:10","guid":{"rendered":"https:\/\/parcavs.com\/?post_type=product&#038;p=30495"},"modified":"2024-08-29T00:00:26","modified_gmt":"2024-08-28T21:00:26","slug":"imp-20a-32v-11-9x3-8x16-2mm-baglanti-sigorta","status":"publish","type":"product","link":"https:\/\/parcavs.com\/index.php\/product\/imp-20a-32v-11-9x3-8x16-2mm-baglanti-sigorta\/","title":{"rendered":"Imp 20A\/32V 11.9&#215;3.8&#215;16.2mm Ba\u011flant\u0131 Sigorta"},"content":{"rendered":"<p>Imp 20A\/32V 11.9&#215;3.8&#215;16.2mm Ba\u011flant\u0131 Sigorta<br \/>\nSigorta 20A\/32V<br \/>\n\u00dcretici Firma: Imp<br \/>\nFiyatlar\u0131m\u0131za KDV \u00fccreti dahildir<br \/>\nAd\u0131n\u0131za fatural\u0131 olarak g\u00f6nderilecektir.<br \/>\nKargo ta\u015f\u0131ma \u00fccreti al\u0131c\u0131ya aittir.<br \/>\nAnla\u015fmal\u0131 oldu\u011fumuz kargo firmas\u0131 arac\u0131l\u0131\u011f\u0131yla<br \/>\n\u00dccret al\u0131c\u0131 olarak taraf\u0131n\u0131za g\u00f6nderilecektir.<\/p>\n<p>&nbsp;<\/p>\n","protected":false},"excerpt":{"rendered":"<p><strong>Imp<\/strong> 20A\/32V <strong>11.9&#215;3.8&#215;16.2mm<\/strong> Ba\u011flant\u0131 <strong>Sigorta<\/strong><br \/>\nSigorta <strong>20A\/32V<\/strong><br \/>\n\u00dcretici Firma: <strong>Imp<\/strong><br \/>\nFiyatlar\u0131m\u0131za <strong>KDV<\/strong> \u00fccreti dahildir<br \/>\nAd\u0131n\u0131za <strong>fatural\u0131<\/strong> olarak g\u00f6nderilecektir.<br \/>\n<strong>Kargo<\/strong> ta\u015f\u0131ma \u00fccreti <strong>al\u0131c\u0131ya<\/strong> aittir.<\/p>\n","protected":false},"featured_media":30496,"comment_status":"open","ping_status":"closed","template":"","meta":{"_monsterinsights_skip_tracking":false,"_monsterinsights_sitenote_active":false,"_monsterinsights_sitenote_note":"","_monsterinsights_sitenote_category":0},"product_brand":[],"product_cat":[15],"product_tag":[9866,9865,9653],"class_list":{"0":"post-30495","1":"product","2":"type-product","3":"status-publish","4":"has-post-thumbnail","6":"product_cat-diger","7":"product_tag-20a-32v-11-9x3-8x16-2mm-baglanti-sigorta","8":"product_tag-imp-20a-32v","9":"product_tag-sigorta-20a-32v","11":"first","12":"instock","13":"taxable","14":"shipping-taxable","15":"purchasable","16":"product-type-simple"},"_links":{"self":[{"href":"https:\/\/parcavs.com\/index.php\/wp-json\/wp\/v2\/product\/30495","targetHints":{"allow":["GET"]}}],"collection":[{"href":"https:\/\/parcavs.com\/index.php\/wp-json\/wp\/v2\/product"}],"about":[{"href":"https:\/\/parcavs.com\/index.php\/wp-json\/wp\/v2\/types\/product"}],"replies":[{"embeddable":true,"href":"https:\/\/parcavs.com\/index.php\/wp-json\/wp\/v2\/comments?post=30495"}],"version-history":[{"count":1,"href":"https:\/\/parcavs.com\/index.php\/wp-json\/wp\/v2\/product\/30495\/revisions"}],"predecessor-version":[{"id":30497,"href":"https:\/\/parcavs.com\/index.php\/wp-json\/wp\/v2\/product\/30495\/revisions\/30497"}],"wp:featuredmedia":[{"embeddable":true,"href":"https:\/\/parcavs.com\/index.php\/wp-json\/wp\/v2\/media\/30496"}],"wp:attachment":[{"href":"https:\/\/parcavs.com\/index.php\/wp-json\/wp\/v2\/media?parent=30495"}],"wp:term":[{"taxonomy":"product_brand","embeddable":true,"href":"https:\/\/parcavs.com\/index.php\/wp-json\/wp\/v2\/product_brand?post=30495"},{"taxonomy":"product_cat","embeddable":true,"href":"https:\/\/parcavs.com\/index.php\/wp-json\/wp\/v2\/product_cat?post=30495"},{"taxonomy":"product_tag","embeddable":true,"href":"https:\/\/parcavs.com\/index.php\/wp-json\/wp\/v2\/product_tag?post=30495"}],"curies":[{"name":"wp","href":"https:\/\/api.w.org\/{rel}","templated":true}]}}