{"id":30649,"date":"2024-03-01T16:02:57","date_gmt":"2024-03-01T14:02:57","guid":{"rendered":"https:\/\/parcavs.com\/?post_type=product&#038;p=30649"},"modified":"2024-08-31T00:00:21","modified_gmt":"2024-08-30T21:00:21","slug":"hfk-57x79-hortum-ayarli-kelepce","status":"publish","type":"product","link":"https:\/\/parcavs.com\/index.php\/product\/hfk-57x79-hortum-ayarli-kelepce\/","title":{"rendered":"HFK 57&#215;79 Hortum Ayarl\u0131 Kelep\u00e7e"},"content":{"rendered":"<p>HFK 57&#215;79 Hortum Ayarl\u0131 Kelep\u00e7e<br \/>\nKelep\u00e7e.Ayarl\u0131 57&#215;79<br \/>\n\u00dcretici Firma: HFK<br \/>\nFiyatlar\u0131m\u0131za KDV \u00fccreti dahildir<br \/>\nAd\u0131n\u0131za fatural\u0131 olarak g\u00f6nderilecektir.<br \/>\nKargo ta\u015f\u0131ma \u00fccreti al\u0131c\u0131ya aittir.<br \/>\nAnla\u015fmal\u0131 oldu\u011fumuz kargo firmas\u0131 arac\u0131l\u0131\u011f\u0131yla<br \/>\n\u00dccret al\u0131c\u0131 olarak taraf\u0131n\u0131za g\u00f6nderilecektir.<\/p>\n","protected":false},"excerpt":{"rendered":"<p><b>HFK 57&#215;79 <\/b><strong>Hortum Ayarl\u0131 Kelep\u00e7e<\/strong><br \/>\nKelep\u00e7e.Ayarl\u0131<strong> 57&#215;79 <\/strong><br \/>\n\u00dcretici Firma: <b>HFK <\/b><br \/>\nFiyatlar\u0131m\u0131za <strong>KDV<\/strong> \u00fccreti dahildir<br \/>\nAd\u0131n\u0131za <strong>fatural\u0131<\/strong> olarak g\u00f6nderilecektir.<br \/>\n<strong>Kargo<\/strong> ta\u015f\u0131ma \u00fccreti <strong>al\u0131c\u0131ya<\/strong> aittir.<\/p>\n","protected":false},"featured_media":30650,"comment_status":"open","ping_status":"closed","template":"","meta":{"_monsterinsights_skip_tracking":false,"_monsterinsights_sitenote_active":false,"_monsterinsights_sitenote_note":"","_monsterinsights_sitenote_category":0},"product_brand":[],"product_cat":[15],"product_tag":[10081,10079,10080],"class_list":{"0":"post-30649","1":"product","2":"type-product","3":"status-publish","4":"has-post-thumbnail","6":"product_cat-diger","7":"product_tag-hfk-57x79","8":"product_tag-hfk-57x79-hortum-ayarli-kelepce","9":"product_tag-kelepce-ayarli-57x79","11":"first","12":"instock","13":"taxable","14":"shipping-taxable","15":"purchasable","16":"product-type-simple"},"_links":{"self":[{"href":"https:\/\/parcavs.com\/index.php\/wp-json\/wp\/v2\/product\/30649","targetHints":{"allow":["GET"]}}],"collection":[{"href":"https:\/\/parcavs.com\/index.php\/wp-json\/wp\/v2\/product"}],"about":[{"href":"https:\/\/parcavs.com\/index.php\/wp-json\/wp\/v2\/types\/product"}],"replies":[{"embeddable":true,"href":"https:\/\/parcavs.com\/index.php\/wp-json\/wp\/v2\/comments?post=30649"}],"version-history":[{"count":1,"href":"https:\/\/parcavs.com\/index.php\/wp-json\/wp\/v2\/product\/30649\/revisions"}],"predecessor-version":[{"id":30651,"href":"https:\/\/parcavs.com\/index.php\/wp-json\/wp\/v2\/product\/30649\/revisions\/30651"}],"wp:featuredmedia":[{"embeddable":true,"href":"https:\/\/parcavs.com\/index.php\/wp-json\/wp\/v2\/media\/30650"}],"wp:attachment":[{"href":"https:\/\/parcavs.com\/index.php\/wp-json\/wp\/v2\/media?parent=30649"}],"wp:term":[{"taxonomy":"product_brand","embeddable":true,"href":"https:\/\/parcavs.com\/index.php\/wp-json\/wp\/v2\/product_brand?post=30649"},{"taxonomy":"product_cat","embeddable":true,"href":"https:\/\/parcavs.com\/index.php\/wp-json\/wp\/v2\/product_cat?post=30649"},{"taxonomy":"product_tag","embeddable":true,"href":"https:\/\/parcavs.com\/index.php\/wp-json\/wp\/v2\/product_tag?post=30649"}],"curies":[{"name":"wp","href":"https:\/\/api.w.org\/{rel}","templated":true}]}}