{"id":30795,"date":"2024-03-04T13:08:26","date_gmt":"2024-03-04T11:08:26","guid":{"rendered":"https:\/\/parcavs.com\/?post_type=product&#038;p=30795"},"modified":"2024-09-02T00:01:16","modified_gmt":"2024-09-01T21:01:16","slug":"orjinal-man-mercedes-mitsubishi-enjektor-mazot-bakir-pul-51987010111","status":"publish","type":"product","link":"https:\/\/parcavs.com\/index.php\/product\/orjinal-man-mercedes-mitsubishi-enjektor-mazot-bakir-pul-51987010111\/","title":{"rendered":"Orjinal Man Mercedes Mitsubishi Enjekt\u00f6r Mazot Bak\u0131r Pul 51987010111"},"content":{"rendered":"<p>51987010111 Orjinal Man Mercedes Mitsubishi Enjekt\u00f6r Mazot Bak\u0131r Pul<br \/>\nBak\u0131r Pul Man Mitsubishi Mercedes<br \/>\n%100 Orjinal Man Mercedes Mitsubishi Yedek Par\u00e7a<br \/>\nFiyatlar\u0131m\u0131za KDV \u00fccreti dahildir<br \/>\nAd\u0131n\u0131za fatural\u0131 olarak g\u00f6nderilecektir.<br \/>\nKargo ta\u015f\u0131ma \u00fccreti al\u0131c\u0131ya aittir.<br \/>\nAnla\u015fmal\u0131 oldu\u011fumuz kargo firmas\u0131 arac\u0131l\u0131\u011f\u0131yla<br \/>\n\u00dccret al\u0131c\u0131 olarak taraf\u0131n\u0131za g\u00f6nderilecektir.<\/p>\n<hr \/>\n<p><strong>MAN\u00a0Markas\u0131 Hakk\u0131nda<\/strong><\/p>\n<p>MAN SE (<em><strong>MAN Truck<\/strong><\/em>\u00a0&amp;\u00a0<em><strong>Bus<\/strong><\/em>) temelleri 1758 y\u0131l\u0131nda kurulmu\u015f M\u00fcnih Almanya merkezli bir otomotiv ve makine imalat\u00a0 \u015firketidir. Faaliyet hayat\u0131na demir fabrikas\u0131 olarak ba\u015flam\u0131\u015ft\u0131r. Bug\u00fcn Avrupa\u2019n\u0131n lider m\u00fchendislik ve ticari ara\u00e7 firmalar\u0131ndan biri haline gelmi\u015ftir. Ana faaliyeti ticari ara\u00e7lar; otob\u00fcs ve kamyon \u00fcretimi, dizel motorlar, turbo makineler olup 2008 y\u0131l\u0131nda \u201cY\u0131l\u0131n Kamyonu\u201d \u00f6d\u00fcl\u00fcn\u00fc kazanm\u0131\u015ft\u0131r.<\/p>\n<p><strong>MAN T\u00fcrkiye Hakk\u0131nda<\/strong><\/p>\n<p>MAN Kamyon ve Otob\u00fcs firmas\u0131n\u0131n Almanya d\u0131\u015f\u0131ndaki ilk \u00fcretim tesisi 1966 y\u0131l\u0131nda kurulan MANA\u015e (MAN Kamyon ve Otob\u00fcs Sanayi A\u015e) ile ba\u015flam\u0131\u015ft\u0131r. MAN T\u00fcrkiye A\u015e MAN firmas\u0131n\u0131n en b\u00fcy\u00fck ve entegre otob\u00fcs fabrikas\u0131d\u0131r. Ankara\u2019n\u0131n Akyurt b\u00f6lgesindeki tesisinde MAN ve NEOPLAN marka otob\u00fcs \u00fcretimi ve di\u011fer MAN fabrikalar\u0131 i\u00e7in elektronik par\u00e7a imalat\u0131 yap\u0131lmaktad\u0131r. Tesisin y\u0131ll\u0131k 2000 otob\u00fcs \u00fcretim kapasitesi bulunmaktad\u0131r. T\u00fcrkiye s\u0131n\u0131rlar\u0131 i\u00e7erisinde \u00fcretilen MAN marka otob\u00fcsler ba\u015fta AB olmak \u00fczere 47 \u00fclkeye ihra\u00e7 edilmektedir. Ayr\u0131ca ilk MAN do\u011falgazl\u0131 otob\u00fcs\u00fcn \u00fcretimi yine MAN T\u00fcrkiye b\u00fcnyesinde yap\u0131lm\u0131\u015ft\u0131r.<\/p>\n<p><strong>Par\u00e7a Vesaire Hakk\u0131nda<\/strong><\/p>\n<p>Ba\u015fta IVECO, MAN, TATA, Mitsubishi, Subaru, HFK Kanuni, Karsan gibi markalar\u0131n orjinal ve yan sanayi par\u00e7alar\u0131n\u0131n ve \u0130klimsa klimalar\u0131n\u0131n T\u00fcrkiye genelinde online sat\u0131\u015f\u0131n\u0131n yap\u0131ld\u0131\u011f\u0131 bir al\u0131\u015fveri\u015f sitesi olarak 2021 y\u0131l\u0131nda faaliyetine ba\u015flam\u0131\u015ft\u0131r.<\/p>\n<p>\u0130lerleyen d\u00f6nemlerde di\u011fer otomotiv markalar\u0131n\u0131 ve otomotiv d\u0131\u015f\u0131 yedek par\u00e7a, makine,\u00a0ikince el sanayi \u00fcr\u00fcnleri ve servis aparatlar\u0131n\u0131 da ihtiva edecek \u015fekilde yap\u0131lanmay\u0131 hedeflemektedir. \u00d6nerileriniz ve i\u015fbirli\u011fi talepleriniz i\u00e7in bizimle irtibat kurabilirsiniz.<\/p>\n","protected":false},"excerpt":{"rendered":"<p><strong>51987010111<\/strong> Orjinal <strong>Man<\/strong> Mercedes Mitsubishi\u00a0<strong>Enjekt\u00f6r Mazot Bak\u0131r Pul<\/strong><br \/>\n<strong>Bak\u0131r Pul<\/strong> Man <strong>Mitsubishi<\/strong> Mercedes<br \/>\n%100 <strong>Orjinal<\/strong> Man <strong>Mercedes<\/strong> Mitsubishi<br \/>\nFiyatlar\u0131m\u0131za <strong>KDV<\/strong> \u00fccreti dahildir<br \/>\nAd\u0131n\u0131za <strong>fatural\u0131<\/strong> olarak g\u00f6nderilecektir.<br \/>\n<strong>Kargo<\/strong> ta\u015f\u0131ma \u00fccreti <strong>al\u0131c\u0131ya<\/strong> aittir.<\/p>\n","protected":false},"featured_media":30796,"comment_status":"open","ping_status":"closed","template":"","meta":{"_monsterinsights_skip_tracking":false,"_monsterinsights_sitenote_active":false,"_monsterinsights_sitenote_note":"","_monsterinsights_sitenote_category":0},"product_brand":[],"product_cat":[42,43],"product_tag":[10209,10208,10207,96,3228,253],"class_list":{"0":"post-30795","1":"product","2":"type-product","3":"status-publish","4":"has-post-thumbnail","6":"product_cat-man-yedek-parca","7":"product_cat-mitsubishi-yedek-parca","8":"product_tag-10209","9":"product_tag-bakir-pul","10":"product_tag-enjektor-mazot-bakir-pul","11":"product_tag-man","12":"product_tag-mercedes","13":"product_tag-mitsubishi","15":"first","16":"instock","17":"taxable","18":"shipping-taxable","19":"purchasable","20":"product-type-simple"},"_links":{"self":[{"href":"https:\/\/parcavs.com\/index.php\/wp-json\/wp\/v2\/product\/30795","targetHints":{"allow":["GET"]}}],"collection":[{"href":"https:\/\/parcavs.com\/index.php\/wp-json\/wp\/v2\/product"}],"about":[{"href":"https:\/\/parcavs.com\/index.php\/wp-json\/wp\/v2\/types\/product"}],"replies":[{"embeddable":true,"href":"https:\/\/parcavs.com\/index.php\/wp-json\/wp\/v2\/comments?post=30795"}],"version-history":[{"count":1,"href":"https:\/\/parcavs.com\/index.php\/wp-json\/wp\/v2\/product\/30795\/revisions"}],"predecessor-version":[{"id":30797,"href":"https:\/\/parcavs.com\/index.php\/wp-json\/wp\/v2\/product\/30795\/revisions\/30797"}],"wp:featuredmedia":[{"embeddable":true,"href":"https:\/\/parcavs.com\/index.php\/wp-json\/wp\/v2\/media\/30796"}],"wp:attachment":[{"href":"https:\/\/parcavs.com\/index.php\/wp-json\/wp\/v2\/media?parent=30795"}],"wp:term":[{"taxonomy":"product_brand","embeddable":true,"href":"https:\/\/parcavs.com\/index.php\/wp-json\/wp\/v2\/product_brand?post=30795"},{"taxonomy":"product_cat","embeddable":true,"href":"https:\/\/parcavs.com\/index.php\/wp-json\/wp\/v2\/product_cat?post=30795"},{"taxonomy":"product_tag","embeddable":true,"href":"https:\/\/parcavs.com\/index.php\/wp-json\/wp\/v2\/product_tag?post=30795"}],"curies":[{"name":"wp","href":"https:\/\/api.w.org\/{rel}","templated":true}]}}