{"id":3202,"date":"2021-04-15T11:08:19","date_gmt":"2021-04-15T08:08:19","guid":{"rendered":"https:\/\/parcavs.com\/?post_type=product&#038;p=3202"},"modified":"2024-04-17T01:00:05","modified_gmt":"2024-04-16T22:00:05","slug":"orjinal-iveco-daily-triger-gergi-rulmani-2997797","status":"publish","type":"product","link":"https:\/\/parcavs.com\/index.php\/product\/orjinal-iveco-daily-triger-gergi-rulmani-2997797\/","title":{"rendered":"Orjinal IVECO Daily Triger Gergi Rulman\u0131-2997797"},"content":{"rendered":"","protected":false},"excerpt":{"rendered":"<p>2997797-Orjinal IVECO Daily Silindirik Triger Gergi Rulman\u0131<br \/>\nRulman (Silindirik) Triger Gergi (2992484)(99432547) ID GL 35 C 13<br \/>\n%100 orjinal IVECO Daily triger gergi bilyas\u0131<br \/>\nOrjinal IVECO ambalaj\u0131nda g\u00f6nderilecektir.<br \/>\nFiyatlar\u0131m\u0131za KDV ve kargo \u00fccreti dahildir.<\/p>\n<p>&nbsp;<\/p>\n","protected":false},"featured_media":3205,"comment_status":"open","ping_status":"closed","template":"","meta":{"_monsterinsights_skip_tracking":false,"_monsterinsights_sitenote_active":false,"_monsterinsights_sitenote_note":"","_monsterinsights_sitenote_category":0},"product_brand":[],"product_cat":[46],"product_tag":[108,58,208,51,107,361],"class_list":{"0":"post-3202","1":"product","2":"type-product","3":"status-publish","4":"has-post-thumbnail","6":"product_cat-iveco-yedek-parca","7":"product_tag-bilya","8":"product_tag-daily","9":"product_tag-gergi","10":"product_tag-iveco","11":"product_tag-rulman","12":"product_tag-triger","14":"first","15":"instock","16":"taxable","17":"shipping-taxable","18":"purchasable","19":"product-type-simple"},"_links":{"self":[{"href":"https:\/\/parcavs.com\/index.php\/wp-json\/wp\/v2\/product\/3202","targetHints":{"allow":["GET"]}}],"collection":[{"href":"https:\/\/parcavs.com\/index.php\/wp-json\/wp\/v2\/product"}],"about":[{"href":"https:\/\/parcavs.com\/index.php\/wp-json\/wp\/v2\/types\/product"}],"replies":[{"embeddable":true,"href":"https:\/\/parcavs.com\/index.php\/wp-json\/wp\/v2\/comments?post=3202"}],"version-history":[{"count":1,"href":"https:\/\/parcavs.com\/index.php\/wp-json\/wp\/v2\/product\/3202\/revisions"}],"predecessor-version":[{"id":3204,"href":"https:\/\/parcavs.com\/index.php\/wp-json\/wp\/v2\/product\/3202\/revisions\/3204"}],"wp:featuredmedia":[{"embeddable":true,"href":"https:\/\/parcavs.com\/index.php\/wp-json\/wp\/v2\/media\/3205"}],"wp:attachment":[{"href":"https:\/\/parcavs.com\/index.php\/wp-json\/wp\/v2\/media?parent=3202"}],"wp:term":[{"taxonomy":"product_brand","embeddable":true,"href":"https:\/\/parcavs.com\/index.php\/wp-json\/wp\/v2\/product_brand?post=3202"},{"taxonomy":"product_cat","embeddable":true,"href":"https:\/\/parcavs.com\/index.php\/wp-json\/wp\/v2\/product_cat?post=3202"},{"taxonomy":"product_tag","embeddable":true,"href":"https:\/\/parcavs.com\/index.php\/wp-json\/wp\/v2\/product_tag?post=3202"}],"curies":[{"name":"wp","href":"https:\/\/api.w.org\/{rel}","templated":true}]}}