{"id":3281,"date":"2021-04-21T10:20:32","date_gmt":"2021-04-21T07:20:32","guid":{"rendered":"https:\/\/parcavs.com\/?post_type=product&#038;p=3281"},"modified":"2024-04-12T01:00:50","modified_gmt":"2024-04-11T22:00:50","slug":"mitsubishi-heavy-srk35zsp-ws-12000-btu-h-inverter-klima","status":"publish","type":"product","link":"https:\/\/parcavs.com\/index.php\/product\/mitsubishi-heavy-srk35zsp-ws-12000-btu-h-inverter-klima\/","title":{"rendered":"Mitsubishi Heavy SRK35ZSP-W(S) 12000 Btu\/h Inverter Klima Silver Serisi"},"content":{"rendered":"<p>Mitsubishi Heavy SRK35ZSP-W(S) 12000 Btu\/h Inverter Klima Silver Serisi<\/p>\n<p>\u00dccretsiz kargo &#8211; \u00dccretsiz montaj fiyatt\u0131r.<\/p>\n","protected":false},"excerpt":{"rendered":"<p>Mitsubishi Heavy Inverter Klima Silver Serisi 12000 BTU\/h A++ Enerji S\u0131n\u0131f\u0131 SRK35ZSP-W(S)<\/p>\n<p>Mitsubishi Heavy SRK 35 ZSP-W (S)Silver Serisi Duvar Tipi Klima \u00d6zellikleri:<\/p>\n<p>Klima Tipi: Duvar<br \/>\nSo\u011futma Kapasitesi: 11942\u00a0BTU\/s<br \/>\nKlima Teknolojisi: Inverter<br \/>\nMarka: Mitsubishi<br \/>\nRengi: Beyaz<br \/>\nEnerji S\u0131n\u0131f\u0131-So\u011futma A++<\/p>\n<p>Fiyatlar\u0131m\u0131za KDV ve kargo \u00fccreti dahildir. (\u00dccretsiz montaj)<\/p>\n","protected":false},"featured_media":3282,"comment_status":"open","ping_status":"closed","template":"","meta":{"_monsterinsights_skip_tracking":false,"_monsterinsights_sitenote_active":false,"_monsterinsights_sitenote_note":"","_monsterinsights_sitenote_category":0},"product_brand":[],"product_cat":[40],"product_tag":[256,254,258,74,253,376],"class_list":{"0":"post-3281","1":"product","2":"type-product","3":"status-publish","4":"has-post-thumbnail","6":"product_cat-klima","7":"product_tag-12000btu","8":"product_tag-duvar","9":"product_tag-inverter","10":"product_tag-klima","11":"product_tag-mitsubishi","12":"product_tag-srk35zsp-ws","14":"first","15":"outofstock","16":"taxable","17":"shipping-taxable","18":"purchasable","19":"product-type-simple"},"_links":{"self":[{"href":"https:\/\/parcavs.com\/index.php\/wp-json\/wp\/v2\/product\/3281","targetHints":{"allow":["GET"]}}],"collection":[{"href":"https:\/\/parcavs.com\/index.php\/wp-json\/wp\/v2\/product"}],"about":[{"href":"https:\/\/parcavs.com\/index.php\/wp-json\/wp\/v2\/types\/product"}],"replies":[{"embeddable":true,"href":"https:\/\/parcavs.com\/index.php\/wp-json\/wp\/v2\/comments?post=3281"}],"version-history":[{"count":4,"href":"https:\/\/parcavs.com\/index.php\/wp-json\/wp\/v2\/product\/3281\/revisions"}],"predecessor-version":[{"id":24459,"href":"https:\/\/parcavs.com\/index.php\/wp-json\/wp\/v2\/product\/3281\/revisions\/24459"}],"wp:featuredmedia":[{"embeddable":true,"href":"https:\/\/parcavs.com\/index.php\/wp-json\/wp\/v2\/media\/3282"}],"wp:attachment":[{"href":"https:\/\/parcavs.com\/index.php\/wp-json\/wp\/v2\/media?parent=3281"}],"wp:term":[{"taxonomy":"product_brand","embeddable":true,"href":"https:\/\/parcavs.com\/index.php\/wp-json\/wp\/v2\/product_brand?post=3281"},{"taxonomy":"product_cat","embeddable":true,"href":"https:\/\/parcavs.com\/index.php\/wp-json\/wp\/v2\/product_cat?post=3281"},{"taxonomy":"product_tag","embeddable":true,"href":"https:\/\/parcavs.com\/index.php\/wp-json\/wp\/v2\/product_tag?post=3281"}],"curies":[{"name":"wp","href":"https:\/\/api.w.org\/{rel}","templated":true}]}}