{"id":32928,"date":"2024-04-15T10:05:02","date_gmt":"2024-04-15T07:05:02","guid":{"rendered":"https:\/\/parcavs.com\/?post_type=product&#038;p=32928"},"modified":"2024-10-16T00:00:09","modified_gmt":"2024-10-15T21:00:09","slug":"gnr-makarali-rulman-17x47x14mm-63032rs","status":"publish","type":"product","link":"https:\/\/parcavs.com\/index.php\/product\/gnr-makarali-rulman-17x47x14mm-63032rs\/","title":{"rendered":"GNR Makaral\u0131 Rulman 17x47x14mm 63032RS"},"content":{"rendered":"<p>63032RS GNR Makaral\u0131 Rulman 17x47x14mm<br \/>\nRulman.Konik Makaral\u0131<br \/>\n\u00dcretici Firma: GNR 63032RS<br \/>\nFiyatlar\u0131m\u0131za KDV \u00fccreti dahildir<br \/>\nAd\u0131n\u0131za fatural\u0131 olarak g\u00f6nderilecektir.<br \/>\nKargo ta\u015f\u0131ma \u00fccreti al\u0131c\u0131ya aittir.<br \/>\nAnla\u015fmal\u0131 oldu\u011fumuz kargo firmas\u0131 arac\u0131l\u0131\u011f\u0131yla<br \/>\n\u00dccret al\u0131c\u0131 olarak taraf\u0131n\u0131za g\u00f6nderilecektir.<\/p>\n","protected":false},"excerpt":{"rendered":"<p><strong>63032RS<\/strong> GNR <strong>Makaral\u0131<\/strong> Rulman <strong>17x47x14mm<\/strong><br \/>\n<strong>Rulman.Konik<\/strong> Makaral\u0131<br \/>\n\u00dcretici Firma: <strong>GNR 63032RS<\/strong><br \/>\nFiyatlar\u0131m\u0131za <strong>KDV<\/strong> \u00fccreti dahildir<br \/>\nAd\u0131n\u0131za <strong>fatural\u0131<\/strong> olarak g\u00f6nderilecektir.<br \/>\n<strong>Kargo<\/strong> ta\u015f\u0131ma \u00fccreti <strong>al\u0131c\u0131ya<\/strong> aittir.<\/p>\n","protected":false},"featured_media":32929,"comment_status":"open","ping_status":"closed","template":"","meta":{"_monsterinsights_skip_tracking":false,"_monsterinsights_sitenote_active":false,"_monsterinsights_sitenote_note":"","_monsterinsights_sitenote_category":0},"product_brand":[],"product_cat":[15],"product_tag":[11850,10138,11849,11848],"class_list":{"0":"post-32928","1":"product","2":"type-product","3":"status-publish","4":"has-post-thumbnail","6":"product_cat-diger","7":"product_tag-63032rs","8":"product_tag-gnr","9":"product_tag-gnr-63032rs","10":"product_tag-makarali-rulman-17x47x14mm","12":"first","13":"instock","14":"taxable","15":"shipping-taxable","16":"purchasable","17":"product-type-simple"},"_links":{"self":[{"href":"https:\/\/parcavs.com\/index.php\/wp-json\/wp\/v2\/product\/32928","targetHints":{"allow":["GET"]}}],"collection":[{"href":"https:\/\/parcavs.com\/index.php\/wp-json\/wp\/v2\/product"}],"about":[{"href":"https:\/\/parcavs.com\/index.php\/wp-json\/wp\/v2\/types\/product"}],"replies":[{"embeddable":true,"href":"https:\/\/parcavs.com\/index.php\/wp-json\/wp\/v2\/comments?post=32928"}],"version-history":[{"count":1,"href":"https:\/\/parcavs.com\/index.php\/wp-json\/wp\/v2\/product\/32928\/revisions"}],"predecessor-version":[{"id":32930,"href":"https:\/\/parcavs.com\/index.php\/wp-json\/wp\/v2\/product\/32928\/revisions\/32930"}],"wp:featuredmedia":[{"embeddable":true,"href":"https:\/\/parcavs.com\/index.php\/wp-json\/wp\/v2\/media\/32929"}],"wp:attachment":[{"href":"https:\/\/parcavs.com\/index.php\/wp-json\/wp\/v2\/media?parent=32928"}],"wp:term":[{"taxonomy":"product_brand","embeddable":true,"href":"https:\/\/parcavs.com\/index.php\/wp-json\/wp\/v2\/product_brand?post=32928"},{"taxonomy":"product_cat","embeddable":true,"href":"https:\/\/parcavs.com\/index.php\/wp-json\/wp\/v2\/product_cat?post=32928"},{"taxonomy":"product_tag","embeddable":true,"href":"https:\/\/parcavs.com\/index.php\/wp-json\/wp\/v2\/product_tag?post=32928"}],"curies":[{"name":"wp","href":"https:\/\/api.w.org\/{rel}","templated":true}]}}