{"id":33199,"date":"2024-04-18T12:13:48","date_gmt":"2024-04-18T09:13:48","guid":{"rendered":"https:\/\/parcavs.com\/?post_type=product&#038;p=33199"},"modified":"2025-10-24T00:35:03","modified_gmt":"2025-10-23T21:35:03","slug":"orjinal-renault-laguna-2-sol-on-kapi-mentesesi-7701206967","status":"publish","type":"product","link":"https:\/\/parcavs.com\/index.php\/product\/orjinal-renault-laguna-2-sol-on-kapi-mentesesi-7701206967\/","title":{"rendered":"Orjinal Renault Laguna 2 Sol \u00d6n Kap\u0131 Mente\u015fesi 7701206967"},"content":{"rendered":"<p>7701206967 Orjinal Renault Laguna 2 Sol \u00d6n Kap\u0131 Mente\u015fesi<br \/>\nMente\u015fe.Sol \u00d6n Kap\u0131 Renault<br \/>\n%100 Orjinal Renault Laguna Yedek Par\u00e7a<br \/>\nFiyatlar\u0131m\u0131za KDV \u00fccreti dahildir<br \/>\nAd\u0131n\u0131za fatural\u0131 olarak g\u00f6nderilecektir.<br \/>\nKargo ta\u015f\u0131ma \u00fccreti al\u0131c\u0131ya aittir.<br \/>\nAnla\u015fmal\u0131 oldu\u011fumuz kargo firmas\u0131 arac\u0131l\u0131\u011f\u0131yla<br \/>\n\u00dccret al\u0131c\u0131 olarak taraf\u0131n\u0131za g\u00f6nderilecektir.<\/p>\n<p>&nbsp;<\/p>\n","protected":false},"excerpt":{"rendered":"<p><strong>7701206967<\/strong> Orjinal <strong>Renault<\/strong> Laguna 2 <strong>Sol \u00d6n Kap\u0131 Mente\u015fesi<\/strong><br \/>\n<strong>Mente\u015fe.Sol \u00d6n Kap\u0131<\/strong> Renault<br \/>\n%100 <strong>Orjinal<\/strong> Renault <strong>Laguna<\/strong><br \/>\nFiyatlar\u0131m\u0131za <strong>KDV<\/strong> \u00fccreti dahildir<br \/>\nAd\u0131n\u0131za <strong>fatural\u0131<\/strong> olarak g\u00f6nderilecektir.<br \/>\n<strong>Kargo<\/strong> ta\u015f\u0131ma \u00fccreti <strong>al\u0131c\u0131ya<\/strong> aittir.<\/p>\n","protected":false},"featured_media":33200,"comment_status":"open","ping_status":"closed","template":"","meta":{"_monsterinsights_skip_tracking":false,"_monsterinsights_sitenote_active":false,"_monsterinsights_sitenote_note":"","_monsterinsights_sitenote_category":0},"product_brand":[],"product_cat":[15],"product_tag":[12060,12056,12057,12059,5200,12058],"class_list":{"0":"post-33199","1":"product","2":"type-product","3":"status-publish","4":"has-post-thumbnail","6":"product_cat-diger","7":"product_tag-12060","8":"product_tag-laguna","9":"product_tag-laguna-2","10":"product_tag-mentese-sol-on-kapi","11":"product_tag-renault","12":"product_tag-sol-on-kapi-mentesesi","14":"first","15":"instock","16":"taxable","17":"shipping-taxable","18":"purchasable","19":"product-type-simple"},"_links":{"self":[{"href":"https:\/\/parcavs.com\/index.php\/wp-json\/wp\/v2\/product\/33199","targetHints":{"allow":["GET"]}}],"collection":[{"href":"https:\/\/parcavs.com\/index.php\/wp-json\/wp\/v2\/product"}],"about":[{"href":"https:\/\/parcavs.com\/index.php\/wp-json\/wp\/v2\/types\/product"}],"replies":[{"embeddable":true,"href":"https:\/\/parcavs.com\/index.php\/wp-json\/wp\/v2\/comments?post=33199"}],"version-history":[{"count":1,"href":"https:\/\/parcavs.com\/index.php\/wp-json\/wp\/v2\/product\/33199\/revisions"}],"predecessor-version":[{"id":33201,"href":"https:\/\/parcavs.com\/index.php\/wp-json\/wp\/v2\/product\/33199\/revisions\/33201"}],"wp:featuredmedia":[{"embeddable":true,"href":"https:\/\/parcavs.com\/index.php\/wp-json\/wp\/v2\/media\/33200"}],"wp:attachment":[{"href":"https:\/\/parcavs.com\/index.php\/wp-json\/wp\/v2\/media?parent=33199"}],"wp:term":[{"taxonomy":"product_brand","embeddable":true,"href":"https:\/\/parcavs.com\/index.php\/wp-json\/wp\/v2\/product_brand?post=33199"},{"taxonomy":"product_cat","embeddable":true,"href":"https:\/\/parcavs.com\/index.php\/wp-json\/wp\/v2\/product_cat?post=33199"},{"taxonomy":"product_tag","embeddable":true,"href":"https:\/\/parcavs.com\/index.php\/wp-json\/wp\/v2\/product_tag?post=33199"}],"curies":[{"name":"wp","href":"https:\/\/api.w.org\/{rel}","templated":true}]}}