{"id":33243,"date":"2024-04-18T16:16:49","date_gmt":"2024-04-18T13:16:49","guid":{"rendered":"https:\/\/parcavs.com\/?post_type=product&#038;p=33243"},"modified":"2024-10-19T00:00:10","modified_gmt":"2024-10-18T21:00:10","slug":"orjinal-mercedes-vito-108-d-fiskiye-memesi-a6388600047","status":"publish","type":"product","link":"https:\/\/parcavs.com\/index.php\/product\/orjinal-mercedes-vito-108-d-fiskiye-memesi-a6388600047\/","title":{"rendered":"Orjinal Mercedes Vito 108 D Fiskiye Memesi A6388600047"},"content":{"rendered":"<p>A6388600047 Orjinal Mercedes Vito 108 D Fiskiye Memesi<br \/>\nMeme. Fiskiye Mercedes<br \/>\n%100 Orjinal Mercedes Vito Yedek Par\u00e7a<br \/>\nFiyatlar\u0131m\u0131za KDV \u00fccreti dahildir<br \/>\nAd\u0131n\u0131za fatural\u0131 olarak g\u00f6nderilecektir.<br \/>\nKargo ta\u015f\u0131ma \u00fccreti al\u0131c\u0131ya aittir.<br \/>\nAnla\u015fmal\u0131 oldu\u011fumuz kargo firmas\u0131 arac\u0131l\u0131\u011f\u0131yla<br \/>\n\u00dccret al\u0131c\u0131 olarak taraf\u0131n\u0131za g\u00f6nderilecektir.<\/p>\n<p>&nbsp;<\/p>\n","protected":false},"excerpt":{"rendered":"<p><strong>A6388600047<\/strong> Orjinal <strong>Mercedes<\/strong> Vito 108 D<strong> Fiskiye Memesi<\/strong><br \/>\n<strong>Meme. Fiskiye<\/strong> Mercedes<br \/>\n%100 <strong>Orjinal<\/strong> Mercedes <strong>Vito<\/strong><br \/>\nFiyatlar\u0131m\u0131za <strong>KDV<\/strong> \u00fccreti dahildir<br \/>\nAd\u0131n\u0131za <strong>fatural\u0131<\/strong> olarak g\u00f6nderilecektir.<br \/>\n<strong>Kargo<\/strong> ta\u015f\u0131ma \u00fccreti <strong>al\u0131c\u0131ya<\/strong> aittir.<\/p>\n","protected":false},"featured_media":33244,"comment_status":"open","ping_status":"closed","template":"","meta":{"_monsterinsights_skip_tracking":false,"_monsterinsights_sitenote_active":false,"_monsterinsights_sitenote_note":"","_monsterinsights_sitenote_category":0},"product_brand":[],"product_cat":[15],"product_tag":[12092,12090,12091,3228,3229,12089],"class_list":{"0":"post-33243","1":"product","2":"type-product","3":"status-publish","4":"has-post-thumbnail","6":"product_cat-diger","7":"product_tag-a6388600047","8":"product_tag-fiskiye-memesi","9":"product_tag-meme-fiskiye","10":"product_tag-mercedes","11":"product_tag-vito","12":"product_tag-vito-108-d","14":"first","15":"instock","16":"taxable","17":"shipping-taxable","18":"purchasable","19":"product-type-simple"},"_links":{"self":[{"href":"https:\/\/parcavs.com\/index.php\/wp-json\/wp\/v2\/product\/33243","targetHints":{"allow":["GET"]}}],"collection":[{"href":"https:\/\/parcavs.com\/index.php\/wp-json\/wp\/v2\/product"}],"about":[{"href":"https:\/\/parcavs.com\/index.php\/wp-json\/wp\/v2\/types\/product"}],"replies":[{"embeddable":true,"href":"https:\/\/parcavs.com\/index.php\/wp-json\/wp\/v2\/comments?post=33243"}],"version-history":[{"count":1,"href":"https:\/\/parcavs.com\/index.php\/wp-json\/wp\/v2\/product\/33243\/revisions"}],"predecessor-version":[{"id":33246,"href":"https:\/\/parcavs.com\/index.php\/wp-json\/wp\/v2\/product\/33243\/revisions\/33246"}],"wp:featuredmedia":[{"embeddable":true,"href":"https:\/\/parcavs.com\/index.php\/wp-json\/wp\/v2\/media\/33244"}],"wp:attachment":[{"href":"https:\/\/parcavs.com\/index.php\/wp-json\/wp\/v2\/media?parent=33243"}],"wp:term":[{"taxonomy":"product_brand","embeddable":true,"href":"https:\/\/parcavs.com\/index.php\/wp-json\/wp\/v2\/product_brand?post=33243"},{"taxonomy":"product_cat","embeddable":true,"href":"https:\/\/parcavs.com\/index.php\/wp-json\/wp\/v2\/product_cat?post=33243"},{"taxonomy":"product_tag","embeddable":true,"href":"https:\/\/parcavs.com\/index.php\/wp-json\/wp\/v2\/product_tag?post=33243"}],"curies":[{"name":"wp","href":"https:\/\/api.w.org\/{rel}","templated":true}]}}