{"id":33331,"date":"2024-04-20T10:55:51","date_gmt":"2024-04-20T07:55:51","guid":{"rendered":"https:\/\/parcavs.com\/?post_type=product&#038;p=33331"},"modified":"2024-10-21T00:00:03","modified_gmt":"2024-10-20T21:00:03","slug":"norm-elektronik-esnek-adaptor-tt50","status":"publish","type":"product","link":"https:\/\/parcavs.com\/index.php\/product\/norm-elektronik-esnek-adaptor-tt50\/","title":{"rendered":"Norm Elektronik Esnek Adapt\u00f6r TT50"},"content":{"rendered":"<p>TT50 Norm Elektronik Esnek Adapt\u00f6r<br \/>\nAdapt\u00f6r.Esnek TT50<br \/>\n\u00dcretici Firma: Norm Elektronik<br \/>\nFiyatlar\u0131m\u0131za KDV \u00fccreti dahildir<br \/>\nAd\u0131n\u0131za fatural\u0131 olarak g\u00f6nderilecektir.<br \/>\nKargo ta\u015f\u0131ma \u00fccreti al\u0131c\u0131ya aittir.<br \/>\nAnla\u015fmal\u0131 oldu\u011fumuz kargo firmas\u0131 arac\u0131l\u0131\u011f\u0131yla<br \/>\n\u00dccret al\u0131c\u0131 olarak taraf\u0131n\u0131za g\u00f6nderilecektir.<\/p>\n","protected":false},"excerpt":{"rendered":"<p><strong>TT50<\/strong> Norm Elektronik <strong>Esnek Adapt\u00f6r<\/strong><br \/>\n<strong>Adapt\u00f6r.Esnek<\/strong> TT50<br \/>\n\u00dcretici Firma: <strong>Norm Elektronik<\/strong><br \/>\nFiyatlar\u0131m\u0131za <strong>KDV<\/strong> \u00fccreti dahildir<br \/>\nAd\u0131n\u0131za <strong>fatural\u0131<\/strong> olarak g\u00f6nderilecektir.<br \/>\n<strong>Kargo<\/strong> ta\u015f\u0131ma \u00fccreti <strong>al\u0131c\u0131ya<\/strong> aittir.<\/p>\n","protected":false},"featured_media":33332,"comment_status":"open","ping_status":"closed","template":"","meta":{"_monsterinsights_skip_tracking":false,"_monsterinsights_sitenote_active":false,"_monsterinsights_sitenote_note":"","_monsterinsights_sitenote_category":0},"product_brand":[],"product_cat":[15],"product_tag":[12147,12146,3293,12148],"class_list":{"0":"post-33331","1":"product","2":"type-product","3":"status-publish","4":"has-post-thumbnail","6":"product_cat-diger","7":"product_tag-adaptor-esnek","8":"product_tag-esnek-adaptor","9":"product_tag-norm-elektronik","10":"product_tag-tt50","12":"first","13":"instock","14":"taxable","15":"shipping-taxable","16":"purchasable","17":"product-type-simple"},"_links":{"self":[{"href":"https:\/\/parcavs.com\/index.php\/wp-json\/wp\/v2\/product\/33331","targetHints":{"allow":["GET"]}}],"collection":[{"href":"https:\/\/parcavs.com\/index.php\/wp-json\/wp\/v2\/product"}],"about":[{"href":"https:\/\/parcavs.com\/index.php\/wp-json\/wp\/v2\/types\/product"}],"replies":[{"embeddable":true,"href":"https:\/\/parcavs.com\/index.php\/wp-json\/wp\/v2\/comments?post=33331"}],"version-history":[{"count":1,"href":"https:\/\/parcavs.com\/index.php\/wp-json\/wp\/v2\/product\/33331\/revisions"}],"predecessor-version":[{"id":33333,"href":"https:\/\/parcavs.com\/index.php\/wp-json\/wp\/v2\/product\/33331\/revisions\/33333"}],"wp:featuredmedia":[{"embeddable":true,"href":"https:\/\/parcavs.com\/index.php\/wp-json\/wp\/v2\/media\/33332"}],"wp:attachment":[{"href":"https:\/\/parcavs.com\/index.php\/wp-json\/wp\/v2\/media?parent=33331"}],"wp:term":[{"taxonomy":"product_brand","embeddable":true,"href":"https:\/\/parcavs.com\/index.php\/wp-json\/wp\/v2\/product_brand?post=33331"},{"taxonomy":"product_cat","embeddable":true,"href":"https:\/\/parcavs.com\/index.php\/wp-json\/wp\/v2\/product_cat?post=33331"},{"taxonomy":"product_tag","embeddable":true,"href":"https:\/\/parcavs.com\/index.php\/wp-json\/wp\/v2\/product_tag?post=33331"}],"curies":[{"name":"wp","href":"https:\/\/api.w.org\/{rel}","templated":true}]}}