{"id":33353,"date":"2024-04-20T13:20:11","date_gmt":"2024-04-20T10:20:11","guid":{"rendered":"https:\/\/parcavs.com\/?post_type=product&#038;p=33353"},"modified":"2024-10-21T00:00:03","modified_gmt":"2024-10-20T21:00:03","slug":"eng-far-dugmesi-cikma-eng01","status":"publish","type":"product","link":"https:\/\/parcavs.com\/index.php\/product\/eng-far-dugmesi-cikma-eng01\/","title":{"rendered":"ENG Far D\u00fc\u011fmesi \u00c7\u0131kma ENG01"},"content":{"rendered":"<p>ENG01 ENG Far D\u00fc\u011fmesi \u00c7\u0131kma<br \/>\n\u00c7\u0131kma Far D\u00fc\u011fmesi<br \/>\n\u00dcretici Firma: ENG<br \/>\nFiyatlar\u0131m\u0131za KDV \u00fccreti dahildir<br \/>\nAd\u0131n\u0131za fatural\u0131 olarak g\u00f6nderilecektir.<br \/>\nKargo ta\u015f\u0131ma \u00fccreti al\u0131c\u0131ya aittir.<br \/>\nAnla\u015fmal\u0131 oldu\u011fumuz kargo firmas\u0131 arac\u0131l\u0131\u011f\u0131yla<br \/>\n\u00dccret al\u0131c\u0131 olarak taraf\u0131n\u0131za g\u00f6nderilecektir.<\/p>\n","protected":false},"excerpt":{"rendered":"<p><strong>ENG01<\/strong> ENG Far <strong>D\u00fc\u011fmesi \u00c7\u0131kma<\/strong><br \/>\n\u00c7\u0131kma <strong>Far D\u00fc\u011fmesi<\/strong><br \/>\n\u00dcretici Firma: <strong>ENG<\/strong><br \/>\nFiyatlar\u0131m\u0131za <strong>KDV<\/strong> \u00fccreti dahildir<br \/>\nAd\u0131n\u0131za <strong>fatural\u0131<\/strong> olarak g\u00f6nderilecektir.<br \/>\n<strong>Kargo<\/strong> ta\u015f\u0131ma \u00fccreti <strong>al\u0131c\u0131ya<\/strong> aittir.<\/p>\n","protected":false},"featured_media":33354,"comment_status":"open","ping_status":"closed","template":"","meta":{"_monsterinsights_skip_tracking":false,"_monsterinsights_sitenote_active":false,"_monsterinsights_sitenote_note":"","_monsterinsights_sitenote_category":0},"product_brand":[],"product_cat":[15],"product_tag":[12164,12162,12165,1751,12163],"class_list":{"0":"post-33353","1":"product","2":"type-product","3":"status-publish","4":"has-post-thumbnail","6":"product_cat-diger","7":"product_tag-cikma-far-dugmesi","8":"product_tag-eng","9":"product_tag-eng01","10":"product_tag-far-dugmesi","11":"product_tag-far-dugmesi-cikma","13":"first","14":"instock","15":"taxable","16":"shipping-taxable","17":"purchasable","18":"product-type-simple"},"_links":{"self":[{"href":"https:\/\/parcavs.com\/index.php\/wp-json\/wp\/v2\/product\/33353","targetHints":{"allow":["GET"]}}],"collection":[{"href":"https:\/\/parcavs.com\/index.php\/wp-json\/wp\/v2\/product"}],"about":[{"href":"https:\/\/parcavs.com\/index.php\/wp-json\/wp\/v2\/types\/product"}],"replies":[{"embeddable":true,"href":"https:\/\/parcavs.com\/index.php\/wp-json\/wp\/v2\/comments?post=33353"}],"version-history":[{"count":1,"href":"https:\/\/parcavs.com\/index.php\/wp-json\/wp\/v2\/product\/33353\/revisions"}],"predecessor-version":[{"id":33356,"href":"https:\/\/parcavs.com\/index.php\/wp-json\/wp\/v2\/product\/33353\/revisions\/33356"}],"wp:featuredmedia":[{"embeddable":true,"href":"https:\/\/parcavs.com\/index.php\/wp-json\/wp\/v2\/media\/33354"}],"wp:attachment":[{"href":"https:\/\/parcavs.com\/index.php\/wp-json\/wp\/v2\/media?parent=33353"}],"wp:term":[{"taxonomy":"product_brand","embeddable":true,"href":"https:\/\/parcavs.com\/index.php\/wp-json\/wp\/v2\/product_brand?post=33353"},{"taxonomy":"product_cat","embeddable":true,"href":"https:\/\/parcavs.com\/index.php\/wp-json\/wp\/v2\/product_cat?post=33353"},{"taxonomy":"product_tag","embeddable":true,"href":"https:\/\/parcavs.com\/index.php\/wp-json\/wp\/v2\/product_tag?post=33353"}],"curies":[{"name":"wp","href":"https:\/\/api.w.org\/{rel}","templated":true}]}}