{"id":33360,"date":"2024-04-20T13:44:53","date_gmt":"2024-04-20T10:44:53","guid":{"rendered":"https:\/\/parcavs.com\/?post_type=product&#038;p=33360"},"modified":"2024-10-21T00:00:04","modified_gmt":"2024-10-20T21:00:04","slug":"danarm-vintage-testere-yakit-doldurma-kapagi-pn55509","status":"publish","type":"product","link":"https:\/\/parcavs.com\/index.php\/product\/danarm-vintage-testere-yakit-doldurma-kapagi-pn55509\/","title":{"rendered":"Danarm Vintage Testere Yak\u0131t Doldurma Kapa\u011f\u0131 PN55509"},"content":{"rendered":"<p>PN55509 Danarm Vintage Testere Yak\u0131t Doldurma Kapa\u011f\u0131<br \/>\nKapak.Yak\u0131t Doldurma Danarm<br \/>\n\u00dcretici Firma: Danarm<br \/>\nFiyatlar\u0131m\u0131za KDV \u00fccreti dahildir<br \/>\nAd\u0131n\u0131za fatural\u0131 olarak g\u00f6nderilecektir.<br \/>\nKargo ta\u015f\u0131ma \u00fccreti al\u0131c\u0131ya aittir.<br \/>\nAnla\u015fmal\u0131 oldu\u011fumuz kargo firmas\u0131 arac\u0131l\u0131\u011f\u0131yla<br \/>\n\u00dccret al\u0131c\u0131 olarak taraf\u0131n\u0131za g\u00f6nderilecektir.<\/p>\n","protected":false},"excerpt":{"rendered":"<p><strong>PN55509<\/strong> Danarm <strong>Vintage<\/strong> Testere<strong> Yak\u0131t Doldurma Kapa\u011f\u0131<\/strong><br \/>\n<strong>Kapak.Yak\u0131t Doldurma<\/strong> Danarm<br \/>\n\u00dcretici Firma: <strong>Danarm<\/strong><br \/>\nFiyatlar\u0131m\u0131za <strong>KDV<\/strong> \u00fccreti dahildir<br \/>\nAd\u0131n\u0131za <strong>fatural\u0131<\/strong> olarak g\u00f6nderilecektir.<br \/>\n<strong>Kargo<\/strong> ta\u015f\u0131ma \u00fccreti <strong>al\u0131c\u0131ya<\/strong> aittir.<\/p>\n","protected":false},"featured_media":33361,"comment_status":"open","ping_status":"closed","template":"","meta":{"_monsterinsights_skip_tracking":false,"_monsterinsights_sitenote_active":false,"_monsterinsights_sitenote_note":"","_monsterinsights_sitenote_category":0},"product_brand":[],"product_cat":[15],"product_tag":[12169,12171,12175,12174,12170,12173,12172],"class_list":{"0":"post-33360","1":"product","2":"type-product","3":"status-publish","4":"has-post-thumbnail","6":"product_cat-diger","7":"product_tag-danarm","8":"product_tag-kapak-yakit-doldurma","9":"product_tag-pn55509","10":"product_tag-testere","11":"product_tag-vintage","12":"product_tag-vintage-testere","13":"product_tag-yakit-doldurma-kapagi","15":"first","16":"instock","17":"taxable","18":"shipping-taxable","19":"purchasable","20":"product-type-simple"},"_links":{"self":[{"href":"https:\/\/parcavs.com\/index.php\/wp-json\/wp\/v2\/product\/33360","targetHints":{"allow":["GET"]}}],"collection":[{"href":"https:\/\/parcavs.com\/index.php\/wp-json\/wp\/v2\/product"}],"about":[{"href":"https:\/\/parcavs.com\/index.php\/wp-json\/wp\/v2\/types\/product"}],"replies":[{"embeddable":true,"href":"https:\/\/parcavs.com\/index.php\/wp-json\/wp\/v2\/comments?post=33360"}],"version-history":[{"count":1,"href":"https:\/\/parcavs.com\/index.php\/wp-json\/wp\/v2\/product\/33360\/revisions"}],"predecessor-version":[{"id":33364,"href":"https:\/\/parcavs.com\/index.php\/wp-json\/wp\/v2\/product\/33360\/revisions\/33364"}],"wp:featuredmedia":[{"embeddable":true,"href":"https:\/\/parcavs.com\/index.php\/wp-json\/wp\/v2\/media\/33361"}],"wp:attachment":[{"href":"https:\/\/parcavs.com\/index.php\/wp-json\/wp\/v2\/media?parent=33360"}],"wp:term":[{"taxonomy":"product_brand","embeddable":true,"href":"https:\/\/parcavs.com\/index.php\/wp-json\/wp\/v2\/product_brand?post=33360"},{"taxonomy":"product_cat","embeddable":true,"href":"https:\/\/parcavs.com\/index.php\/wp-json\/wp\/v2\/product_cat?post=33360"},{"taxonomy":"product_tag","embeddable":true,"href":"https:\/\/parcavs.com\/index.php\/wp-json\/wp\/v2\/product_tag?post=33360"}],"curies":[{"name":"wp","href":"https:\/\/api.w.org\/{rel}","templated":true}]}}