{"id":34820,"date":"2024-05-30T14:45:02","date_gmt":"2024-05-30T11:45:02","guid":{"rendered":"https:\/\/parcavs.com\/?post_type=product&#038;p=34820"},"modified":"2024-12-01T00:00:03","modified_gmt":"2024-11-30T22:00:03","slug":"leitenberger-hv-90-basinc-ve-vakum-pompasi-1-3-bar-060107","status":"publish","type":"product","link":"https:\/\/parcavs.com\/index.php\/product\/leitenberger-hv-90-basinc-ve-vakum-pompasi-1-3-bar-060107\/","title":{"rendered":"Leitenberger HV 90 Bas\u0131n\u00e7 Ve Vakum Pompas\u0131 -1\/3 Bar\u00a0060107"},"content":{"rendered":"<p>060107 Leitenberger HV 90 Bas\u0131n\u00e7 Ve Vakum Pompas\u0131 -1\/3 Bar<br \/>\nEGR Hava Bas\u0131n\u00e7<br \/>\n\u00dcretici Firma: LTR Germany<br \/>\n\u2022 vakum \u00f6l\u00e7er sens\u00f6r kontrol\u00fc<br \/>\n\u2022 egzoz gaz\u0131 devridaim valfi kontrol\u00fc<br \/>\n\u2022 gaz kelebe\u011fi valfi kontrol\u00fc<br \/>\n\u2022 yak\u0131t bas\u0131nc\u0131 reg\u00fclat\u00f6r\u00fcn\u00fcn kontrol\u00fc<br \/>\n\u2022 vakum mod\u00fclat\u00f6r kontrol\u00fc (otomatik \u015fanz\u0131manlar) servo destekli fren kontrol\u00fc<br \/>\nUygulama bas\u0131n\u00e7 aral\u0131\u011f\u0131:<br \/>\n\u2022 enjeksiyon pompas\u0131 diyafram kontrol\u00fc<br \/>\n\u2022 turbo\u015farj bas\u0131nc\u0131 kontrol\u00fc<br \/>\nTeslimat kapsam\u0131:<br \/>\n\u2022 1 adet vakum ve bas\u0131n\u00e7 pompas\u0131 HV 90<br \/>\n\u2022 1 hortum \u015feffaf \u00d8 5\u00d72 mm, uzunluk 0,50 m (20 in\u00e7)<br \/>\n\u2022 1 adet konik pirin\u00e7 adapt\u00f6r<br \/>\n\u2022 Plastikten yap\u0131lm\u0131\u015f 4 ba\u011flant\u0131 adapt\u00f6r\u00fc<br \/>\n\u2022 Sa\u011flam plastik kutuda teslimat<br \/>\nFiyatlar\u0131m\u0131za KDV \u00fccreti dahildir<br \/>\nAd\u0131n\u0131za fatural\u0131 olarak g\u00f6nderilecektir.<br \/>\nKargo ta\u015f\u0131ma \u00fccreti al\u0131c\u0131ya aittir.<br \/>\nAnla\u015fmal\u0131 oldu\u011fumuz kargo firmas\u0131 arac\u0131l\u0131\u011f\u0131yla<br \/>\n\u00dccret al\u0131c\u0131 olarak taraf\u0131n\u0131za g\u00f6nderilecektir.<\/p>\n","protected":false},"excerpt":{"rendered":"<p><strong>060107<\/strong> Leitenberger <strong>HV 90 Bas\u0131n\u00e7 Ve Vakum Pompas\u0131 -1\/3<\/strong><br \/>\n<strong>EGR Hava<\/strong> Bas\u0131n\u00e7<br \/>\n\u00dcretici Firma:<strong> LTR Germany<\/strong><br \/>\n\u2022 vakum \u00f6l\u00e7er sens\u00f6r kontrol\u00fc<br \/>\n\u2022 egzoz gaz\u0131 devridaim valfi kontrol\u00fc<br \/>\n\u2022 gaz kelebe\u011fi valfi kontrol\u00fc<br \/>\n\u2022 yak\u0131t bas\u0131nc\u0131 reg\u00fclat\u00f6r\u00fcn\u00fcn kontrol\u00fc<br \/>\n\u2022 vakum mod\u00fclat\u00f6r kontrol\u00fc (otomatik \u015fanz\u0131manlar) servo destekli fren kontrol\u00fc<br \/>\nUygulama bas\u0131n\u00e7 aral\u0131\u011f\u0131:<br \/>\n\u2022 enjeksiyon pompas\u0131 diyafram kontrol\u00fc<br \/>\n\u2022 turbo\u015farj bas\u0131nc\u0131 kontrol\u00fc<br \/>\nTeslimat kapsam\u0131:<br \/>\n\u2022 1 adet vakum ve bas\u0131n\u00e7 pompas\u0131 HV 90<br \/>\n\u2022 1 hortum \u015feffaf \u00d8 5\u00d72 mm, uzunluk 0,50 m (20 in\u00e7)<br \/>\n\u2022 1 adet konik pirin\u00e7 adapt\u00f6r<br \/>\n\u2022 Plastikten yap\u0131lm\u0131\u015f 4 ba\u011flant\u0131 adapt\u00f6r\u00fc<br \/>\n\u2022 Sa\u011flam plastik kutuda teslimat<br \/>\nFiyatlar\u0131m\u0131za <strong>KDV<\/strong> \u00fccreti dahildir<br \/>\nAd\u0131n\u0131za <strong>fatural\u0131<\/strong> olarak g\u00f6nderilecektir.<br \/>\n<strong>Kargo<\/strong> ta\u015f\u0131ma \u00fccreti <strong>al\u0131c\u0131ya<\/strong> aittir.<\/p>\n","protected":false},"featured_media":34821,"comment_status":"open","ping_status":"closed","template":"","meta":{"_monsterinsights_skip_tracking":false,"_monsterinsights_sitenote_active":false,"_monsterinsights_sitenote_note":"","_monsterinsights_sitenote_category":0},"product_brand":[],"product_cat":[15],"product_tag":[13552,13549,13550,13548,13551,13547],"class_list":{"0":"post-34820","1":"product","2":"type-product","3":"status-publish","4":"has-post-thumbnail","6":"product_cat-diger","7":"product_tag-13552","8":"product_tag-basinc-ve-vakum-pompasi","9":"product_tag-egr-hava-basinc","10":"product_tag-hv-90","11":"product_tag-hv-90-060107","12":"product_tag-leitenberger","14":"first","15":"instock","16":"taxable","17":"shipping-taxable","18":"purchasable","19":"product-type-simple"},"_links":{"self":[{"href":"https:\/\/parcavs.com\/index.php\/wp-json\/wp\/v2\/product\/34820","targetHints":{"allow":["GET"]}}],"collection":[{"href":"https:\/\/parcavs.com\/index.php\/wp-json\/wp\/v2\/product"}],"about":[{"href":"https:\/\/parcavs.com\/index.php\/wp-json\/wp\/v2\/types\/product"}],"replies":[{"embeddable":true,"href":"https:\/\/parcavs.com\/index.php\/wp-json\/wp\/v2\/comments?post=34820"}],"version-history":[{"count":1,"href":"https:\/\/parcavs.com\/index.php\/wp-json\/wp\/v2\/product\/34820\/revisions"}],"predecessor-version":[{"id":34822,"href":"https:\/\/parcavs.com\/index.php\/wp-json\/wp\/v2\/product\/34820\/revisions\/34822"}],"wp:featuredmedia":[{"embeddable":true,"href":"https:\/\/parcavs.com\/index.php\/wp-json\/wp\/v2\/media\/34821"}],"wp:attachment":[{"href":"https:\/\/parcavs.com\/index.php\/wp-json\/wp\/v2\/media?parent=34820"}],"wp:term":[{"taxonomy":"product_brand","embeddable":true,"href":"https:\/\/parcavs.com\/index.php\/wp-json\/wp\/v2\/product_brand?post=34820"},{"taxonomy":"product_cat","embeddable":true,"href":"https:\/\/parcavs.com\/index.php\/wp-json\/wp\/v2\/product_cat?post=34820"},{"taxonomy":"product_tag","embeddable":true,"href":"https:\/\/parcavs.com\/index.php\/wp-json\/wp\/v2\/product_tag?post=34820"}],"curies":[{"name":"wp","href":"https:\/\/api.w.org\/{rel}","templated":true}]}}