{"id":34830,"date":"2024-05-30T15:41:01","date_gmt":"2024-05-30T12:41:01","guid":{"rendered":"https:\/\/parcavs.com\/?post_type=product&#038;p=34830"},"modified":"2024-12-01T00:00:03","modified_gmt":"2024-11-30T22:00:03","slug":"beta-tools-960-cmd-kompresyon-olcme-benzinli-2-el","status":"publish","type":"product","link":"https:\/\/parcavs.com\/index.php\/product\/beta-tools-960-cmd-kompresyon-olcme-benzinli-2-el\/","title":{"rendered":"Beta Tools 960 CMD Kompresyon \u00d6l\u00e7me Benzinli 2.El"},"content":{"rendered":"<p>Beta Tools 960 CMD Kompresyon \u00d6l\u00e7me Benzinli 2.El<br \/>\nBenzinli Kompresyon \u00d6l\u00e7me<br \/>\n\u00dcretici Firma: Beta Tools<br \/>\nFiyatlar\u0131m\u0131za KDV \u00fccreti dahildir<br \/>\nAd\u0131n\u0131za fatural\u0131 olarak g\u00f6nderilecektir.<br \/>\nKargo ta\u015f\u0131ma \u00fccreti al\u0131c\u0131ya aittir.<br \/>\nAnla\u015fmal\u0131 oldu\u011fumuz kargo firmas\u0131 arac\u0131l\u0131\u011f\u0131yla<br \/>\n\u00dccret al\u0131c\u0131 olarak taraf\u0131n\u0131za g\u00f6nderilecektir.<\/p>\n<p>&nbsp;<\/p>\n","protected":false},"excerpt":{"rendered":"<p><strong>Beta<\/strong> Tools<strong> 960 CMD<\/strong> Kompresyon <strong>\u00d6l\u00e7me Benzinli <\/strong>2.El<br \/>\n<strong>Benzinli Kompresyon \u00d6l\u00e7me<\/strong><br \/>\n\u00dcretici Firma:<strong> Beta Tools<\/strong><br \/>\nFiyatlar\u0131m\u0131za <strong>KDV<\/strong> \u00fccreti dahildir<br \/>\nAd\u0131n\u0131za <strong>fatural\u0131<\/strong> olarak g\u00f6nderilecektir.<br \/>\n<strong>Kargo<\/strong> ta\u015f\u0131ma \u00fccreti <strong>al\u0131c\u0131ya<\/strong> aittir.<\/p>\n","protected":false},"featured_media":34831,"comment_status":"open","ping_status":"closed","template":"","meta":{"_monsterinsights_skip_tracking":false,"_monsterinsights_sitenote_active":false,"_monsterinsights_sitenote_note":"","_monsterinsights_sitenote_category":0},"product_brand":[],"product_cat":[15],"product_tag":[13561,13556,13559,13560],"class_list":{"0":"post-34830","1":"product","2":"type-product","3":"status-publish","4":"has-post-thumbnail","6":"product_cat-diger","7":"product_tag-benzinli-kompresyon-olcme","8":"product_tag-beta-tools","9":"product_tag-beta-tools-960-cmd","10":"product_tag-kompresyon-olcme-benzinli","12":"first","13":"instock","14":"taxable","15":"shipping-taxable","16":"purchasable","17":"product-type-simple"},"_links":{"self":[{"href":"https:\/\/parcavs.com\/index.php\/wp-json\/wp\/v2\/product\/34830","targetHints":{"allow":["GET"]}}],"collection":[{"href":"https:\/\/parcavs.com\/index.php\/wp-json\/wp\/v2\/product"}],"about":[{"href":"https:\/\/parcavs.com\/index.php\/wp-json\/wp\/v2\/types\/product"}],"replies":[{"embeddable":true,"href":"https:\/\/parcavs.com\/index.php\/wp-json\/wp\/v2\/comments?post=34830"}],"version-history":[{"count":1,"href":"https:\/\/parcavs.com\/index.php\/wp-json\/wp\/v2\/product\/34830\/revisions"}],"predecessor-version":[{"id":34832,"href":"https:\/\/parcavs.com\/index.php\/wp-json\/wp\/v2\/product\/34830\/revisions\/34832"}],"wp:featuredmedia":[{"embeddable":true,"href":"https:\/\/parcavs.com\/index.php\/wp-json\/wp\/v2\/media\/34831"}],"wp:attachment":[{"href":"https:\/\/parcavs.com\/index.php\/wp-json\/wp\/v2\/media?parent=34830"}],"wp:term":[{"taxonomy":"product_brand","embeddable":true,"href":"https:\/\/parcavs.com\/index.php\/wp-json\/wp\/v2\/product_brand?post=34830"},{"taxonomy":"product_cat","embeddable":true,"href":"https:\/\/parcavs.com\/index.php\/wp-json\/wp\/v2\/product_cat?post=34830"},{"taxonomy":"product_tag","embeddable":true,"href":"https:\/\/parcavs.com\/index.php\/wp-json\/wp\/v2\/product_tag?post=34830"}],"curies":[{"name":"wp","href":"https:\/\/api.w.org\/{rel}","templated":true}]}}